{"id":784197,"date":"2026-03-04T04:14:23","date_gmt":"2026-03-04T01:14:23","guid":{"rendered":"https:\/\/roveyayinevi.com.tr\/index.php\/urun\/halveti-seyhi-mehmed-nazmi-divan-i-ilahiyat\/"},"modified":"2026-04-15T03:47:39","modified_gmt":"2026-04-15T00:47:39","slug":"halveti-seyhi-mehmed-nazmi-divan-i-ilahiyat","status":"publish","type":"product","link":"https:\/\/roveyayinevi.com.tr\/index.php\/urun\/halveti-seyhi-mehmed-nazmi-divan-i-ilahiyat\/","title":{"rendered":"Halveti \u015eeyhi Mehmed Nazmi Divan-\u0131 \u0130lahiyat"},"content":{"rendered":"<p>XVII. y\u00fczy\u0131l Osmanl\u0131 tasavvuf ve k\u00fclt\u00fcr muhitinde Halvetiyye-i \u015eemsiyye ekol\u00fcn\u00fcn m\u00fcmtaz temsilcilerinden Mehmed Nazmi Efendi (1622-1701); zahiri ve bat\u0131ni ilimlerdeki vukuflyeti ve \u015feriat-tarikat dengesini mutedil bir \u00e7izgide koruyan \u00e2rifane tavr\u0131yla devrinde \u00f6ne \u00e7\u0131km\u0131\u015f bir mutasavv\u0131ft\u0131r. Literat\u00fcrde ad\u0131 ge\u00e7meyen ve S\u00fcleymaniye K\u00fct\u00fcphanesi&#8217;nde hatal\u0131 tasnif edildi\u011fi i\u00e7in gizli kalan Div\u00e2n-\u0131 \u0130l\u00e2hiy\u00e2t, bu ne\u015firle ilk kez g\u00fcn y\u00fcz\u00fcne \u00e7\u0131kar\u0131larak ilim \u00e2lemine kazand\u0131r\u0131lm\u0131\u015ft\u0131r. Eser; nazari bir manzum mukaddime ve hur\u00fbf-\u0131 hec\u00e2ya g\u00f6re tertip edilmi\u015f co\u015fkun ilahilerden olu\u015fan toplam 113 manzumeyi ihtiva etmektedir. Vahdet-i v\u00fcc\u00fbd ne\u015fvesini, N\u00fbr-\u0131 Muhammedi&#8217;yi ve seyr \u00fc s\u00fcluk mertebelerini lirik bir dille terenn\u00fcm eden Nazmi Efendi, bu metinle \u015fair ve bestek\u00e2r kimli\u011fini de tescillemektedir. T\u00fcrk Tasavvuf Edebiyat\u0131 ve T\u00fcrk Din Musikisi tarihi ara\u015ft\u0131rmalar\u0131 a\u00e7\u0131s\u0131ndan &#8220;birincil bir kaynak&#8221; h\u00fcviyetini haiz bu \u00e7al\u0131\u015fma, k\u00fclt\u00fcrel miras\u0131m\u0131z\u0131n kay\u0131p bir halkas\u0131n\u0131 tamamlamaktad\u0131r.<\/p>\n","protected":false},"excerpt":{"rendered":"<p>XVII. y\u00fczy\u0131l Osmanl\u0131 tasavvuf ve k\u00fclt\u00fcr muhitinde Halvetiyye-i \u015eemsiyye ekol\u00fcn\u00fcn m\u00fcmtaz temsilcilerinden Mehmed Nazmi Efendi (1622-1701); zahiri ve bat\u0131ni ilimlerdeki vukuflyeti ve \u015feriat-tarikat dengesini mutedil bir<span class=\"excerpt-hellip\"> [\u2026]<\/span><\/p>\n","protected":false},"featured_media":0,"template":"","meta":{"_monsterinsights_skip_tracking":false,"_monsterinsights_sitenote_active":false,"_monsterinsights_sitenote_note":"","_monsterinsights_sitenote_category":0},"product_brand":[],"product_cat":[12718,12719],"product_tag":[],"class_list":{"0":"post-784197","1":"product","2":"type-product","3":"status-publish","5":"product_cat-din","6":"product_cat-islam","7":"pa_cilt-ciltsiz","8":"pa_tur-kitap","9":"pa_yayinevi-soncag-akademik-kitaplar","10":"pa_yazar-mehmet-bukum","11":"pa_yazar-rale-zehra-cengiz-varol","13":"first","14":"instock","15":"sale","16":"shipping-taxable","17":"purchasable","18":"product-type-simple"},"_links":{"self":[{"href":"https:\/\/roveyayinevi.com.tr\/index.php\/wp-json\/wp\/v2\/product\/784197","targetHints":{"allow":["GET"]}}],"collection":[{"href":"https:\/\/roveyayinevi.com.tr\/index.php\/wp-json\/wp\/v2\/product"}],"about":[{"href":"https:\/\/roveyayinevi.com.tr\/index.php\/wp-json\/wp\/v2\/types\/product"}],"wp:attachment":[{"href":"https:\/\/roveyayinevi.com.tr\/index.php\/wp-json\/wp\/v2\/media?parent=784197"}],"wp:term":[{"taxonomy":"product_brand","embeddable":true,"href":"https:\/\/roveyayinevi.com.tr\/index.php\/wp-json\/wp\/v2\/product_brand?post=784197"},{"taxonomy":"product_cat","embeddable":true,"href":"https:\/\/roveyayinevi.com.tr\/index.php\/wp-json\/wp\/v2\/product_cat?post=784197"},{"taxonomy":"product_tag","embeddable":true,"href":"https:\/\/roveyayinevi.com.tr\/index.php\/wp-json\/wp\/v2\/product_tag?post=784197"}],"curies":[{"name":"wp","href":"https:\/\/api.w.org\/{rel}","templated":true}]}}