{"id":784195,"date":"2026-03-04T04:14:18","date_gmt":"2026-03-04T01:14:18","guid":{"rendered":"https:\/\/roveyayinevi.com.tr\/index.php\/urun\/kelime-bulmaca\/"},"modified":"2026-04-15T03:47:39","modified_gmt":"2026-04-15T00:47:39","slug":"kelime-bulmaca","status":"publish","type":"product","link":"https:\/\/roveyayinevi.com.tr\/index.php\/urun\/kelime-bulmaca\/","title":{"rendered":"Kelime Bulmaca"},"content":{"rendered":"<p>Bulmas\u0131 Kolay, B\u0131rakmas\u0131 zor!    Kelime Bulmaca, kelime oyunlar\u0131n\u0131n en keyifli yan\u0131n\u0131 bulmacayla birle\u015ftirerek her ya\u015ftan okuyucuya e\u011flenceli bir zihin egzersizi sunuyor. Kitapta yer alan 101 farkl\u0131 bulmacada, sana verilen 2, 3, 4, 5, 6, 7, 8 ve 9 harfli kelimeleri do\u011fru yerlere yerle\u015ftirerek sayfadaki bulmacay\u0131 tamamlaman gerekiyor.      Basit g\u00f6r\u00fcnen ama ilerledik\u00e7e d\u00fc\u015f\u00fcnmeye sevk eden bu bulmacalar, kelime da\u011farc\u0131\u011f\u0131n\u0131 geli\u015ftirirken zihni canl\u0131 tutuyor, dikkat ve odaklanmay\u0131 g\u00fc\u00e7lendiriyor. Gen\u00e7ler i\u00e7in e\u011flenceli bir \u00f6\u011frenme alan\u0131 olu\u015ftururken, yeti\u015fkinler i\u00e7in keyifli bir mola ve zihinsel tazelenme sunuyor.     Hafif, ak\u0131c\u0131 ve her ortamda \u00e7\u00f6z\u00fclmeye uygun bu kitap; ister tek ba\u015f\u0131na sakin bir bulmaca zaman\u0131, ister ailece e\u011flenceli bir aktivite olarak hayat\u0131na e\u015flik edecek.      Kalemini al, kelimeleri s\u0131raya diz ve bulmacan\u0131 tamamla!101 bulmacal\u0131k bu kelime yolculu\u011funa hemen ba\u015fla!       Serinin di\u011fer kitaplar\u0131n\u0131 da sevebilirsin.Zihnini Zorla!<\/p>\n","protected":false},"excerpt":{"rendered":"<p>Bulmas\u0131 Kolay, B\u0131rakmas\u0131 zor! Kelime Bulmaca, kelime oyunlar\u0131n\u0131n en keyifli yan\u0131n\u0131 bulmacayla birle\u015ftirerek her ya\u015ftan okuyucuya e\u011flenceli bir zihin egzersizi sunuyor. Kitapta yer alan 101 farkl\u0131<span class=\"excerpt-hellip\"> [\u2026]<\/span><\/p>\n","protected":false},"featured_media":0,"template":"","meta":{"_monsterinsights_skip_tracking":false,"_monsterinsights_sitenote_active":false,"_monsterinsights_sitenote_note":"","_monsterinsights_sitenote_category":0},"product_brand":[],"product_cat":[16943,15563],"product_tag":[],"class_list":{"0":"post-784195","1":"product","2":"type-product","3":"status-publish","5":"product_cat-bilmeceler-bulmacalar","6":"product_cat-hobi","7":"pa_cilt-ciltsiz","8":"pa_tur-kitap","9":"pa_yayinevi-bks-etkinlik-yayinlari","10":"pa_yazar-mekin-gani-pehlivan","12":"first","13":"instock","14":"sale","15":"shipping-taxable","16":"purchasable","17":"product-type-simple"},"_links":{"self":[{"href":"https:\/\/roveyayinevi.com.tr\/index.php\/wp-json\/wp\/v2\/product\/784195","targetHints":{"allow":["GET"]}}],"collection":[{"href":"https:\/\/roveyayinevi.com.tr\/index.php\/wp-json\/wp\/v2\/product"}],"about":[{"href":"https:\/\/roveyayinevi.com.tr\/index.php\/wp-json\/wp\/v2\/types\/product"}],"wp:attachment":[{"href":"https:\/\/roveyayinevi.com.tr\/index.php\/wp-json\/wp\/v2\/media?parent=784195"}],"wp:term":[{"taxonomy":"product_brand","embeddable":true,"href":"https:\/\/roveyayinevi.com.tr\/index.php\/wp-json\/wp\/v2\/product_brand?post=784195"},{"taxonomy":"product_cat","embeddable":true,"href":"https:\/\/roveyayinevi.com.tr\/index.php\/wp-json\/wp\/v2\/product_cat?post=784195"},{"taxonomy":"product_tag","embeddable":true,"href":"https:\/\/roveyayinevi.com.tr\/index.php\/wp-json\/wp\/v2\/product_tag?post=784195"}],"curies":[{"name":"wp","href":"https:\/\/api.w.org\/{rel}","templated":true}]}}