{"id":784193,"date":"2026-03-04T04:14:13","date_gmt":"2026-03-04T01:14:13","guid":{"rendered":"https:\/\/roveyayinevi.com.tr\/index.php\/urun\/antik-yunan-ve-roma\/"},"modified":"2026-04-15T03:47:39","modified_gmt":"2026-04-15T00:47:39","slug":"antik-yunan-ve-roma","status":"publish","type":"product","link":"https:\/\/roveyayinevi.com.tr\/index.php\/urun\/antik-yunan-ve-roma\/","title":{"rendered":"Antik Yunan ve Roma"},"content":{"rendered":"<p>Sosyal antropolog, klasikler uzman\u0131, filolog, yazar, halk bilimci ve modern antropolojinin kurucu fig\u00fcrlerinden biri olarak kabul edilen James George Frazer\u2019\u0131n bu eseri Antik Yunan ve Roma \u00fczerine kaleme al\u0131nm\u0131\u015f en etkileyici anlat\u0131lardan biridir. Kendine \u00f6zg\u00fc disiplinleraras\u0131 bir ak\u0131l y\u00fcr\u00fctme becerisine ve \u00fcsluba sahip olan Frazer, \u00f6zellikle \u00e7ok katmanl\u0131 bir sunum sergilemektedir. Frazer, Yunanlar\u0131n ve Romal\u0131lar\u0131n resm\u00ee ya\u015fant\u0131s\u0131n\u0131, sanat ve zanaat d\u00fcnyas\u0131n\u0131, dinsel geleneklerini, t\u00f6renlerini, festivallerini, sava\u015flar\u0131n\u0131, di\u011fer toplumlarla olan ili\u015fkilerini, kehanetleri, y\u00fcz\u00fck ya da d\u00fc\u011fme takma yasa\u011f\u0131na kadar en ilgin\u00e7 bat\u0131l inan\u00e7lar\u0131n\u0131 geni\u015f bir panoramada g\u00f6zler \u00f6n\u00fcne seriyor.     Kimi zaman Pausanias\u2019\u0131n Yunanistan Tasviri\u2019nden hareketle bizi Yunan co\u011frafyas\u0131n\u0131n dik yama\u00e7l\u0131 patikalar\u0131nda, geni\u015f caddelerinde, kimi zamansa Yunanlar\u0131n ve Romal\u0131lar\u0131n zihinlerinin co\u011frafyas\u0131nda dola\u015ft\u0131r\u0131yor. Tap\u0131naklar\u0131 g\u00f6r\u00fcyor, hatipleri dinliyor, mahkemelere kat\u0131l\u0131yor, sava\u015flara ve bar\u0131\u015flara tan\u0131k oluyor, manzaralar\u0131 seyrediyoruz. Pindaros\u2019un \u015fiirler ve Ovidius\u2019un Fastis\u2019inden dizeler okuyor, Plutarkhos\u2019tan tarih i\u00e7inde tarih \u00f6\u011freniyoruz. Silik, belirsiz, anonim sil\u00fcetlere, kay\u0131tlara ge\u00e7mi\u015f olgulara ve s\u00f6ylencelere ek olarak Perikles, Cicero, Sezar, \u0130skender, Gen\u00e7 Plinius, Tacitus, Juvenal, Filip, Demosthenes, Miltiades, Hannibal, Aiskhylos, Sofokles, Euripides, Lykurgos gibi \u00f6nemli karakterler g\u00f6z\u00fcm\u00fcz\u00fcn \u00f6n\u00fcnde arz\u0131endam ediyor.     Elinizdeki eser, bu gezegenin belirli mek\u00e2nlar\u0131nda ve zamanlar\u0131nda yay\u0131l\u0131m g\u00f6stermi\u015f, parlay\u0131p s\u00f6nm\u00fc\u015f, insanl\u0131\u011f\u0131n belle\u011fine \u201cYunan\u201d ve \u201cRomal\u0131\u201d olarak kaz\u0131nm\u0131\u015f, \u201cne\u015feli trajedi\u201d demekten \u00e7ekinmeyece\u011fimiz bir ge\u00e7mi\u015fin, yani \u015fimdi\u2019de zuhur eden hayaletin en berrak betimleni\u015fidir.O h\u00e2lde,viva la vida, viva la muerte!(ya\u015fas\u0131n hayat, ya\u015fas\u0131n \u00f6l\u00fcm!)<\/p>\n","protected":false},"excerpt":{"rendered":"<p>Sosyal antropolog, klasikler uzman\u0131, filolog, yazar, halk bilimci ve modern antropolojinin kurucu fig\u00fcrlerinden biri olarak kabul edilen James George Frazer\u2019\u0131n bu eseri Antik Yunan ve Roma<span class=\"excerpt-hellip\"> [\u2026]<\/span><\/p>\n","protected":false},"featured_media":0,"template":"","meta":{"_monsterinsights_skip_tracking":false,"_monsterinsights_sitenote_active":false,"_monsterinsights_sitenote_note":"","_monsterinsights_sitenote_category":0},"product_brand":[],"product_cat":[12370,12304],"product_tag":[],"class_list":{"0":"post-784193","1":"product","2":"type-product","3":"status-publish","5":"product_cat-arastirma-inceleme","6":"product_cat-tarih","7":"pa_cilt-ciltsiz","8":"pa_tur-kitap","9":"pa_yayinevi-bilge-kultur-sanat","10":"pa_yazar-sir-james-george-frazer","12":"first","13":"instock","14":"sale","15":"shipping-taxable","16":"purchasable","17":"product-type-simple"},"_links":{"self":[{"href":"https:\/\/roveyayinevi.com.tr\/index.php\/wp-json\/wp\/v2\/product\/784193","targetHints":{"allow":["GET"]}}],"collection":[{"href":"https:\/\/roveyayinevi.com.tr\/index.php\/wp-json\/wp\/v2\/product"}],"about":[{"href":"https:\/\/roveyayinevi.com.tr\/index.php\/wp-json\/wp\/v2\/types\/product"}],"wp:attachment":[{"href":"https:\/\/roveyayinevi.com.tr\/index.php\/wp-json\/wp\/v2\/media?parent=784193"}],"wp:term":[{"taxonomy":"product_brand","embeddable":true,"href":"https:\/\/roveyayinevi.com.tr\/index.php\/wp-json\/wp\/v2\/product_brand?post=784193"},{"taxonomy":"product_cat","embeddable":true,"href":"https:\/\/roveyayinevi.com.tr\/index.php\/wp-json\/wp\/v2\/product_cat?post=784193"},{"taxonomy":"product_tag","embeddable":true,"href":"https:\/\/roveyayinevi.com.tr\/index.php\/wp-json\/wp\/v2\/product_tag?post=784193"}],"curies":[{"name":"wp","href":"https:\/\/api.w.org\/{rel}","templated":true}]}}