{"id":784192,"date":"2026-03-04T04:14:11","date_gmt":"2026-03-04T01:14:11","guid":{"rendered":"https:\/\/roveyayinevi.com.tr\/index.php\/urun\/devlet-nasil-dusunur\/"},"modified":"2026-04-15T03:47:39","modified_gmt":"2026-04-15T00:47:39","slug":"devlet-nasil-dusunur","status":"publish","type":"product","link":"https:\/\/roveyayinevi.com.tr\/index.php\/urun\/devlet-nasil-dusunur\/","title":{"rendered":"Devlet Nas\u0131l D\u00fc\u015f\u00fcn\u00fcr"},"content":{"rendered":"<p>Devletler yaln\u0131zca karar vermez. Devletler d\u00fc\u015f\u00fcn\u00fcr. Bir devletin g\u00fcvenlik politikas\u0131, anl\u0131k tehditlere verilen tepkilerden ibaret de\u011fildir. As\u0131l belirleyici olan, devletin d\u00fcnyay\u0131 nas\u0131l g\u00f6rd\u00fc\u011f\u00fc, zaman\u0131 nas\u0131l alg\u0131lad\u0131\u011f\u0131 ve kendi varl\u0131\u011f\u0131n\u0131 nas\u0131l anlamland\u0131rd\u0131\u011f\u0131d\u0131r. Bu kitap, milli g\u00fcvenlik stratejisini askeri planlama faaliyetinin dar s\u0131n\u0131rlar\u0131ndan \u00e7\u0131kararak, devlet akl\u0131n\u0131n s\u00fcreklilik aray\u0131\u015f\u0131 i\u00e7inde kurdu\u011fu zihinsel \u00e7er\u00e7eve olarak ele al\u0131r.M\u0131s\u0131r, \u0130srail ve T\u00fcrkiye \u00f6rnekleri \u00fczerinden ilerleyen \u00e7al\u0131\u015fma, g\u00fcvenlik, b\u00fcy\u00fck strateji ve sivil-asker ili\u015fkilerini ayn\u0131 teorik zeminde yeniden yorumlar. B\u00f6ylece devlet davran\u0131\u015flar\u0131n\u0131 yaln\u0131zca kurumlar, liderler ya da krizler \u00fczerinden a\u00e7\u0131klamak yerine, onlar\u0131n arkas\u0131ndaki d\u00fc\u015f\u00fcnme bi\u00e7imini g\u00f6r\u00fcn\u00fcr k\u0131lar. Elinizdeki kitap, devletlerin ne yapt\u0131\u011f\u0131n\u0131 de\u011fil, neden belirli bi\u00e7imlerde davrand\u0131\u011f\u0131n\u0131 anlamaya y\u00f6neliktir. \u00c7\u00fcnk\u00fc strateji, \u00e7o\u011fu zaman g\u00fc\u00e7ten de\u011fil; alg\u0131dan, haf\u0131zadan ve s\u00fcreklilik ihtiyac\u0131ndan do\u011far.<\/p>\n","protected":false},"excerpt":{"rendered":"<p>Devletler yaln\u0131zca karar vermez. Devletler d\u00fc\u015f\u00fcn\u00fcr. Bir devletin g\u00fcvenlik politikas\u0131, anl\u0131k tehditlere verilen tepkilerden ibaret de\u011fildir. As\u0131l belirleyici olan, devletin d\u00fcnyay\u0131 nas\u0131l g\u00f6rd\u00fc\u011f\u00fc, zaman\u0131 nas\u0131l alg\u0131lad\u0131\u011f\u0131<span class=\"excerpt-hellip\"> [\u2026]<\/span><\/p>\n","protected":false},"featured_media":0,"template":"","meta":{"_monsterinsights_skip_tracking":false,"_monsterinsights_sitenote_active":false,"_monsterinsights_sitenote_note":"","_monsterinsights_sitenote_category":0},"product_brand":[],"product_cat":[12346,12337],"product_tag":[],"class_list":{"0":"post-784192","1":"product","2":"type-product","3":"status-publish","5":"product_cat-derin-siyaset-komplo-teorileri","6":"product_cat-politika-siyaset","7":"pa_cilt-ciltsiz","8":"pa_tur-kitap","9":"pa_yayinevi-galeati-yayincilik","10":"pa_yazar-yalcin-ergul","12":"first","13":"instock","14":"sale","15":"shipping-taxable","16":"purchasable","17":"product-type-simple"},"_links":{"self":[{"href":"https:\/\/roveyayinevi.com.tr\/index.php\/wp-json\/wp\/v2\/product\/784192","targetHints":{"allow":["GET"]}}],"collection":[{"href":"https:\/\/roveyayinevi.com.tr\/index.php\/wp-json\/wp\/v2\/product"}],"about":[{"href":"https:\/\/roveyayinevi.com.tr\/index.php\/wp-json\/wp\/v2\/types\/product"}],"wp:attachment":[{"href":"https:\/\/roveyayinevi.com.tr\/index.php\/wp-json\/wp\/v2\/media?parent=784192"}],"wp:term":[{"taxonomy":"product_brand","embeddable":true,"href":"https:\/\/roveyayinevi.com.tr\/index.php\/wp-json\/wp\/v2\/product_brand?post=784192"},{"taxonomy":"product_cat","embeddable":true,"href":"https:\/\/roveyayinevi.com.tr\/index.php\/wp-json\/wp\/v2\/product_cat?post=784192"},{"taxonomy":"product_tag","embeddable":true,"href":"https:\/\/roveyayinevi.com.tr\/index.php\/wp-json\/wp\/v2\/product_tag?post=784192"}],"curies":[{"name":"wp","href":"https:\/\/api.w.org\/{rel}","templated":true}]}}