{"id":784191,"date":"2026-03-04T04:14:06","date_gmt":"2026-03-04T01:14:06","guid":{"rendered":"https:\/\/roveyayinevi.com.tr\/index.php\/urun\/blue-box-mavi-kutu-3\/"},"modified":"2026-04-15T03:47:39","modified_gmt":"2026-04-15T00:47:39","slug":"blue-box-mavi-kutu-3","status":"publish","type":"product","link":"https:\/\/roveyayinevi.com.tr\/index.php\/urun\/blue-box-mavi-kutu-3\/","title":{"rendered":"Blue Box \u2013 Mavi Kutu 3"},"content":{"rendered":"<p>Yar\u0131\u015fma yakla\u015ft\u0131k\u00e7a, Hina \u00fczerinde gittik\u00e7e artan bir bask\u0131 hisseder.Kayg\u0131dan iyice bunald\u0131\u011f\u0131nda, her zaman yan\u0131nda olan Taiki&#8217;yle g\u00f6z g\u00f6ze gelir&#8230;Nihayet ulusal turnuva elemeleri ba\u015flar.Yo\u011fun antrenmanlar\u0131n meyvesi, g\u00fc\u00e7l\u00fc Sa\u00e7ikava Lisesine kar\u015f\u0131 \u00e7\u0131k\u0131lan \u00e7iftler ma\u00e7\u0131nda ortaya konacak. Herkes i\u00e7in yeni bir sayfa a\u00e7\u0131l\u0131yor; unutulmaz bir yaz ba\u015flamak \u00fczere.<\/p>\n","protected":false},"excerpt":{"rendered":"<p>Yar\u0131\u015fma yakla\u015ft\u0131k\u00e7a, Hina \u00fczerinde gittik\u00e7e artan bir bask\u0131 hisseder.Kayg\u0131dan iyice bunald\u0131\u011f\u0131nda, her zaman yan\u0131nda olan Taiki&#8217;yle g\u00f6z g\u00f6ze gelir&#8230;Nihayet ulusal turnuva elemeleri ba\u015flar.Yo\u011fun antrenmanlar\u0131n meyvesi, g\u00fc\u00e7l\u00fc<span class=\"excerpt-hellip\"> [\u2026]<\/span><\/p>\n","protected":false},"featured_media":0,"template":"","meta":{"_monsterinsights_skip_tracking":false,"_monsterinsights_sitenote_active":false,"_monsterinsights_sitenote_note":"","_monsterinsights_sitenote_category":0},"product_brand":[],"product_cat":[12416,12291],"product_tag":[],"class_list":{"0":"post-784191","1":"product","2":"type-product","3":"status-publish","5":"product_cat-cizgi-roman","6":"product_cat-edebiyat","7":"pa_cilt-ciltsiz","8":"pa_tur-kitap","9":"pa_yayinevi-akil-celen-kitaplar","10":"pa_yazar-kouji-miura","12":"first","13":"instock","14":"sale","15":"shipping-taxable","16":"purchasable","17":"product-type-simple"},"_links":{"self":[{"href":"https:\/\/roveyayinevi.com.tr\/index.php\/wp-json\/wp\/v2\/product\/784191","targetHints":{"allow":["GET"]}}],"collection":[{"href":"https:\/\/roveyayinevi.com.tr\/index.php\/wp-json\/wp\/v2\/product"}],"about":[{"href":"https:\/\/roveyayinevi.com.tr\/index.php\/wp-json\/wp\/v2\/types\/product"}],"wp:attachment":[{"href":"https:\/\/roveyayinevi.com.tr\/index.php\/wp-json\/wp\/v2\/media?parent=784191"}],"wp:term":[{"taxonomy":"product_brand","embeddable":true,"href":"https:\/\/roveyayinevi.com.tr\/index.php\/wp-json\/wp\/v2\/product_brand?post=784191"},{"taxonomy":"product_cat","embeddable":true,"href":"https:\/\/roveyayinevi.com.tr\/index.php\/wp-json\/wp\/v2\/product_cat?post=784191"},{"taxonomy":"product_tag","embeddable":true,"href":"https:\/\/roveyayinevi.com.tr\/index.php\/wp-json\/wp\/v2\/product_tag?post=784191"}],"curies":[{"name":"wp","href":"https:\/\/api.w.org\/{rel}","templated":true}]}}