{"id":784190,"date":"2026-03-04T04:14:01","date_gmt":"2026-03-04T01:14:01","guid":{"rendered":"https:\/\/roveyayinevi.com.tr\/index.php\/urun\/one-punch-man-tek-yumruk-cilt-29\/"},"modified":"2026-04-15T03:47:39","modified_gmt":"2026-04-15T00:47:39","slug":"one-punch-man-tek-yumruk-cilt-29","status":"publish","type":"product","link":"https:\/\/roveyayinevi.com.tr\/index.php\/urun\/one-punch-man-tek-yumruk-cilt-29\/","title":{"rendered":"One-Punch Man- Tek Yumruk \u2013 Cilt 29"},"content":{"rendered":"<p>Saitama ile I\u015f\u0131ldayan Alev,S s\u0131n\u0131f\u0131n\u0131n en g\u00fc\u00e7l\u00fc kahraman\u0131 Patlamayla kar\u015f\u0131la\u015f\u0131r. Patlama tuhaf bir kutunun pe\u015finde ancak amac\u0131 ne? Bu s\u0131rada yer \u00fcst\u00fcndeki kahramanlar, Canavarlar Birli\u011fi&#8217;nin \u00fcst d\u00fczey canavarlar\u0131yla zorlu bir m\u00fccadele i\u00e7inde. Genos ise g\u00fc\u00e7 \u00e7ekirde\u011fini fazla zorlad\u0131\u011f\u0131 i\u00e7in patlama tehlikesiyle kar\u015f\u0131 kar\u015f\u0131ya.<\/p>\n","protected":false},"excerpt":{"rendered":"<p>Saitama ile I\u015f\u0131ldayan Alev,S s\u0131n\u0131f\u0131n\u0131n en g\u00fc\u00e7l\u00fc kahraman\u0131 Patlamayla kar\u015f\u0131la\u015f\u0131r. Patlama tuhaf bir kutunun pe\u015finde ancak amac\u0131 ne? Bu s\u0131rada yer \u00fcst\u00fcndeki kahramanlar, Canavarlar Birli\u011fi&#8217;nin \u00fcst<span class=\"excerpt-hellip\"> [\u2026]<\/span><\/p>\n","protected":false},"featured_media":0,"template":"","meta":{"_monsterinsights_skip_tracking":false,"_monsterinsights_sitenote_active":false,"_monsterinsights_sitenote_note":"","_monsterinsights_sitenote_category":0},"product_brand":[],"product_cat":[12416,12291],"product_tag":[],"class_list":{"0":"post-784190","1":"product","2":"type-product","3":"status-publish","5":"product_cat-cizgi-roman","6":"product_cat-edebiyat","7":"pa_cilt-ciltsiz","8":"pa_tur-kitap","9":"pa_yayinevi-akil-celen-kitaplar","10":"pa_yazar-one","12":"first","13":"instock","14":"sale","15":"shipping-taxable","16":"purchasable","17":"product-type-simple"},"_links":{"self":[{"href":"https:\/\/roveyayinevi.com.tr\/index.php\/wp-json\/wp\/v2\/product\/784190","targetHints":{"allow":["GET"]}}],"collection":[{"href":"https:\/\/roveyayinevi.com.tr\/index.php\/wp-json\/wp\/v2\/product"}],"about":[{"href":"https:\/\/roveyayinevi.com.tr\/index.php\/wp-json\/wp\/v2\/types\/product"}],"wp:attachment":[{"href":"https:\/\/roveyayinevi.com.tr\/index.php\/wp-json\/wp\/v2\/media?parent=784190"}],"wp:term":[{"taxonomy":"product_brand","embeddable":true,"href":"https:\/\/roveyayinevi.com.tr\/index.php\/wp-json\/wp\/v2\/product_brand?post=784190"},{"taxonomy":"product_cat","embeddable":true,"href":"https:\/\/roveyayinevi.com.tr\/index.php\/wp-json\/wp\/v2\/product_cat?post=784190"},{"taxonomy":"product_tag","embeddable":true,"href":"https:\/\/roveyayinevi.com.tr\/index.php\/wp-json\/wp\/v2\/product_tag?post=784190"}],"curies":[{"name":"wp","href":"https:\/\/api.w.org\/{rel}","templated":true}]}}