{"id":784185,"date":"2026-03-04T04:13:41","date_gmt":"2026-03-04T01:13:41","guid":{"rendered":"https:\/\/roveyayinevi.com.tr\/index.php\/urun\/etrafim-narsistlerle-dolu\/"},"modified":"2026-04-11T03:47:33","modified_gmt":"2026-04-11T00:47:33","slug":"etrafim-narsistlerle-dolu","status":"publish","type":"product","link":"https:\/\/roveyayinevi.com.tr\/index.php\/urun\/etrafim-narsistlerle-dolu\/","title":{"rendered":"Etraf\u0131m Narsistlerle Dolu"},"content":{"rendered":"<p>Narsistler her yerde \u2013Art\u0131k b\u00fcy\u00fclerini bozman\u0131n zaman\u0131 geldi\u2026 Milyonlarca okura ula\u015fan Etraf\u0131m Aptallarla Dolu ve Etraf\u0131m Psikopatlarla Dolu kitaplar\u0131n\u0131n yazar\u0131 Thomas Erikson bu kez de g\u00fcndelik hayatta s\u0131k\u00e7a kar\u015f\u0131la\u015ft\u0131\u011f\u0131m\u0131z narsistleri de\u015fifre ediyor.Hayat\u0131n\u0131zdaki narsistler sizi y\u0131prat\u0131yor mu? Bitmek bilmeyen ilgi talepleri, yan\u0131ld\u0131klar\u0131 apa\u00e7\u0131k ortadayken bile sars\u0131lmayan \u201chakl\u0131l\u0131k\u201d inan\u00e7lar\u0131, sonu\u00e7lar\u0131n\u0131 umursamadan kendi bildiklerini okuma halleri ve \u00e7evrelerindeki herkesi, her \u015feyi kontrol etme arzular\u0131 sizi t\u00fcketiyor mu? Ak\u0131c\u0131 anlat\u0131m\u0131 ve pratik yakla\u015f\u0131m\u0131yla Etraf\u0131m Narsistlerle Dolu bir yandan narsistik davran\u0131\u015flara ve karakter \u00f6zelliklerine \u0131\u015f\u0131k tutuyor, di\u011fer yandan ba\u015fkalar\u0131n\u0131n toksik egolar\u0131ndan ve manip\u00fclatif oyunlar\u0131ndan s\u0131yr\u0131lman\u0131n, daha dengeli, tatmin edici ve s\u00fcrd\u00fcr\u00fclebilir ili\u015fkiler kurabilmenin yollar\u0131na i\u015faret ediyor. Bu d\u00fc\u015f\u00fcnd\u00fcr\u00fcc\u00fc ve yol g\u00f6sterici kitap, yaln\u0131zca \u00e7evrenizdeki narsist ki\u015filikleri de\u011fil, sosyal medya \u00e7a\u011f\u0131nda giderek yayg\u0131nla\u015fan ve herkesin hayat\u0131na sirayet eden narsizm k\u00fclt\u00fcr\u00fcn\u00fc anlamaya y\u00f6nelik de g\u00fc\u00e7l\u00fc bir rehber.<\/p>\n","protected":false},"excerpt":{"rendered":"<p>Narsistler her yerde \u2013Art\u0131k b\u00fcy\u00fclerini bozman\u0131n zaman\u0131 geldi\u2026 Milyonlarca okura ula\u015fan Etraf\u0131m Aptallarla Dolu ve Etraf\u0131m Psikopatlarla Dolu kitaplar\u0131n\u0131n yazar\u0131 Thomas Erikson bu kez de g\u00fcndelik<span class=\"excerpt-hellip\"> [\u2026]<\/span><\/p>\n","protected":false},"featured_media":0,"template":"","meta":{"_monsterinsights_skip_tracking":false,"_monsterinsights_sitenote_active":false,"_monsterinsights_sitenote_note":"","_monsterinsights_sitenote_category":0},"product_brand":[],"product_cat":[20502,12357],"product_tag":[],"class_list":{"0":"post-784185","1":"product","2":"type-product","3":"status-publish","5":"product_cat-basvuru-kitaplari-psikoloji","6":"product_cat-psikoloji","7":"pa_cilt-ciltsiz","8":"pa_tur-kitap","9":"pa_yayinevi-koridor-yayincilik","10":"pa_yazar-thomas-erikson","12":"first","13":"instock","14":"sale","15":"shipping-taxable","16":"purchasable","17":"product-type-simple"},"_links":{"self":[{"href":"https:\/\/roveyayinevi.com.tr\/index.php\/wp-json\/wp\/v2\/product\/784185","targetHints":{"allow":["GET"]}}],"collection":[{"href":"https:\/\/roveyayinevi.com.tr\/index.php\/wp-json\/wp\/v2\/product"}],"about":[{"href":"https:\/\/roveyayinevi.com.tr\/index.php\/wp-json\/wp\/v2\/types\/product"}],"wp:attachment":[{"href":"https:\/\/roveyayinevi.com.tr\/index.php\/wp-json\/wp\/v2\/media?parent=784185"}],"wp:term":[{"taxonomy":"product_brand","embeddable":true,"href":"https:\/\/roveyayinevi.com.tr\/index.php\/wp-json\/wp\/v2\/product_brand?post=784185"},{"taxonomy":"product_cat","embeddable":true,"href":"https:\/\/roveyayinevi.com.tr\/index.php\/wp-json\/wp\/v2\/product_cat?post=784185"},{"taxonomy":"product_tag","embeddable":true,"href":"https:\/\/roveyayinevi.com.tr\/index.php\/wp-json\/wp\/v2\/product_tag?post=784185"}],"curies":[{"name":"wp","href":"https:\/\/api.w.org\/{rel}","templated":true}]}}