{"id":784184,"date":"2026-03-04T04:13:36","date_gmt":"2026-03-04T01:13:36","guid":{"rendered":"https:\/\/roveyayinevi.com.tr\/index.php\/urun\/kuantum-istihbarat-2071\/"},"modified":"2026-04-15T03:46:55","modified_gmt":"2026-04-15T00:46:55","slug":"kuantum-istihbarat-2071","status":"publish","type":"product","link":"https:\/\/roveyayinevi.com.tr\/index.php\/urun\/kuantum-istihbarat-2071\/","title":{"rendered":"Kuantum \u0130stihbarat 2071"},"content":{"rendered":"<p>\u0130nsanl\u0131k tarihinin en kritik e\u015fiklerinden birindeyiz. Bir yanda atom alt\u0131 d\u00fcnyan\u0131n derinliklerinde y\u00fckselen kuantum fizi\u011fi, di\u011fer yanda insan zek\u00e2s\u0131n\u0131 a\u015fma e\u015fi\u011fine yakla\u015fan yapay zek\u00e2 sistemleri. Peki, bu iki sars\u0131c\u0131 g\u00fc\u00e7 ayn\u0131 anda devreye girdi\u011finde nas\u0131l bir d\u00fcnya ortaya \u00e7\u0131kacak?Kuantum \u0130stihbarat 2071, Pentagon\u2019un kapal\u0131 operasyon alanlar\u0131ndan CERN\u2019de yaln\u0131zca s\u0131n\u0131rl\u0131 \u00e7evrelerin ayr\u0131nt\u0131lar\u0131na h\u00e2kim oldu\u011fu \u00e7al\u0131\u015fmalara; parapsikolojik operasyonlardan \u201cbilin\u00e7li yapay zek\u00e2\u201d ara\u015ft\u0131rmalar\u0131na kadar uzanan geni\u015f bir \u00e7er\u00e7evede, gelece\u011fin g\u00fcvenlik altyap\u0131s\u0131n\u0131n arka plan\u0131n\u0131 analiz ediyor.Eser; kuantum bilin\u00e7 ara\u015ft\u0131rmalar\u0131n\u0131 ve parapsikolojik fenomenlerin stratejisini, gelece\u011fi \u015fekillendirmek ad\u0131na k\u00fcresel istikrars\u0131zl\u0131kta rol oynayan I\u015e\u0130D\/DA\u0130\u015e ve benzeri yap\u0131lar\u0131n ideolojik, bili\u015fsel ve alg\u0131sal sava\u015f y\u00f6ntemleriyle birlikte ele al\u0131yor. Bu ba\u011flamda, evrenin \u201ckay\u0131p haf\u0131zas\u0131\u201d olarak tan\u0131mlanan levhimahfuz kavram\u0131n\u0131n modern istihbarat d\u00fcnyas\u0131ndaki olas\u0131 stratejik kar\u015f\u0131l\u0131klar\u0131n\u0131 sorguluyor.Bu \u00e7al\u0131\u015fma, metafizik ve modern bilim ile istihbarat\u0131n i\u00e7 i\u00e7e ge\u00e7ti\u011fi bir alanda, gelece\u011fi \u015fekillendiren temel sorulara odaklan\u0131yor;\u2022 Kuantum temelli bilin\u00e7 modelleri, istihbarat alan\u0131nda etkin bir araca d\u00f6n\u00fc\u015febilir mi?\u2022 Yapay zek\u00e2, salt algoritmik i\u015flem s\u0131n\u0131rlar\u0131n\u0131 a\u015farak insan benzeri bili\u015fsel yap\u0131lara evrilebilir mi?\u2022 \u0130nsanl\u0131k, kozmik haf\u0131za olan levhimahfuz kay\u0131tlar\u0131na eri\u015fim sa\u011flayabilir mi?Bu derin sorular\u0131n izini s\u00fcren kitap; Stuart Hameroff, Elon Musk\u2019\u0131n \u201cyapay zek\u00e2n\u0131n babas\u0131\u201d ve \u201cher \u015feyi icat etti\u201d olarak tan\u0131mlad\u0131\u011f\u0131 J\u00fcrgen Schmidhuber, Yoshua Bengio ve David Passig gibi d\u00fcnya \u00e7ap\u0131nda kabul g\u00f6rm\u00fc\u015f isimlerin g\u00f6r\u00fc\u015fleri, de\u011ferlendirmeleri ve vizyoner katk\u0131lar\u0131yla zenginle\u015fiyor.Farkl\u0131 disiplinlerden beslenen bu \u00f6zg\u00fcn \u00e7al\u0131\u015fma, okuru ka\u00e7\u0131n\u0131lmaz bir sorgulamayla ba\u015f ba\u015fa b\u0131rak\u0131yor: \u201cTeknolojiyi biz mi y\u00f6nlendiriyoruz, yoksa teknolojiyle yeni bir insan m\u0131 in\u015fa ediliyor?\u201dYak\u0131n gelecekte \u00fcst\u00fcnl\u00fck; sezgisel karar verme s\u00fcre\u00e7lerini ileri teknolojik sistemlerle, disiplinler aras\u0131 bilgi birikimini ise kuantum temelli y\u00f6ntemlerle b\u00fct\u00fcnle\u015ftirebilen stratejik yap\u0131lar\u0131n elinde bi\u00e7imlenecektir.<\/p>\n","protected":false},"excerpt":{"rendered":"<p>\u0130nsanl\u0131k tarihinin en kritik e\u015fiklerinden birindeyiz. Bir yanda atom alt\u0131 d\u00fcnyan\u0131n derinliklerinde y\u00fckselen kuantum fizi\u011fi, di\u011fer yanda insan zek\u00e2s\u0131n\u0131 a\u015fma e\u015fi\u011fine yakla\u015fan yapay zek\u00e2 sistemleri. Peki,<span class=\"excerpt-hellip\"> [\u2026]<\/span><\/p>\n","protected":false},"featured_media":0,"template":"","meta":{"_monsterinsights_skip_tracking":false,"_monsterinsights_sitenote_active":false,"_monsterinsights_sitenote_note":"","_monsterinsights_sitenote_category":0},"product_brand":[],"product_cat":[12346,12337],"product_tag":[],"class_list":{"0":"post-784184","1":"product","2":"type-product","3":"status-publish","5":"product_cat-derin-siyaset-komplo-teorileri","6":"product_cat-politika-siyaset","7":"pa_cilt-ciltsiz","8":"pa_tur-kitap","9":"pa_yayinevi-hayat-yayinlari","10":"pa_yazar-ramazan-bicer","12":"first","13":"instock","14":"sale","15":"shipping-taxable","16":"purchasable","17":"product-type-simple"},"_links":{"self":[{"href":"https:\/\/roveyayinevi.com.tr\/index.php\/wp-json\/wp\/v2\/product\/784184","targetHints":{"allow":["GET"]}}],"collection":[{"href":"https:\/\/roveyayinevi.com.tr\/index.php\/wp-json\/wp\/v2\/product"}],"about":[{"href":"https:\/\/roveyayinevi.com.tr\/index.php\/wp-json\/wp\/v2\/types\/product"}],"wp:attachment":[{"href":"https:\/\/roveyayinevi.com.tr\/index.php\/wp-json\/wp\/v2\/media?parent=784184"}],"wp:term":[{"taxonomy":"product_brand","embeddable":true,"href":"https:\/\/roveyayinevi.com.tr\/index.php\/wp-json\/wp\/v2\/product_brand?post=784184"},{"taxonomy":"product_cat","embeddable":true,"href":"https:\/\/roveyayinevi.com.tr\/index.php\/wp-json\/wp\/v2\/product_cat?post=784184"},{"taxonomy":"product_tag","embeddable":true,"href":"https:\/\/roveyayinevi.com.tr\/index.php\/wp-json\/wp\/v2\/product_tag?post=784184"}],"curies":[{"name":"wp","href":"https:\/\/api.w.org\/{rel}","templated":true}]}}