{"id":784183,"date":"2026-03-04T04:13:31","date_gmt":"2026-03-04T01:13:31","guid":{"rendered":"https:\/\/roveyayinevi.com.tr\/index.php\/urun\/yukselen-gunes-ve-hilal-turkiye-japonya-ortakliginda-yeni-bir-yuzyil-vizyonu\/"},"modified":"2026-04-15T03:46:53","modified_gmt":"2026-04-15T00:46:53","slug":"yukselen-gunes-ve-hilal-turkiye-japonya-ortakliginda-yeni-bir-yuzyil-vizyonu","status":"publish","type":"product","link":"https:\/\/roveyayinevi.com.tr\/index.php\/urun\/yukselen-gunes-ve-hilal-turkiye-japonya-ortakliginda-yeni-bir-yuzyil-vizyonu\/","title":{"rendered":"Y\u00fckselen G\u00fcne\u015f Ve Hilal: T\u00fcrkiye-Japonya Ortakl\u0131\u011f\u0131nda Yeni Bir Y\u00fczy\u0131l Vizyonu"},"content":{"rendered":"<p>AY VE G\u00dcNE\u015e\u0130N AYDINLATTI\u011eI GELECEK: T\u00dcRK\u0130YE JAPONYA \u0130\u015e B\u0130RL\u0130\u011e\u0130NDE S\u0130V\u0130L TOPLUM ODAKLI YEN\u0130 B\u0130R Y\u00dcZYIL V\u0130ZYONU  OSMANLI\u2019DAN CUMHUR\u0130YET\u2019E B\u0130R ROL MODEL OLARAK JAPONYA: GE\u00c7 OSMANLI D\u00d6NEM\u0130\u2019NDE \u201cJAPON MODEL\u0130\u201dN\u0130N DO\u011eU\u015eU  II. D\u00dcNYA SAVA\u015eI SONRASINDA T\u00dcRK\u0130YE\u2019N\u0130N JAPONYA STRATEJ\u0130S\u0130 (1945-1960)  PREVENTING ACCIDENTS IN AUTOMOBILE FACTORIES: AI SOLUTIONS AND CASE STUDY  JAPONYA\u2019DAK\u0130 SU Y\u00d6NET\u0130M\u0130N\u0130N \u00c7EVRE VE S\u00dcRD\u00dcR\u00dcLEB\u0130L\u0130R KALKINMA A\u00c7ISINDAN DE\u011eERLEND\u0130RMES\u0130: TOKYO VE ANKARA \u015eEH\u0130RLER\u0130N\u0130N KAR\u015eILA\u015eTIRMALI ANAL\u0130Z\u0130  B\u0130L\u0130\u015e\u0130M TOPLUMUNA DO\u011eRU: JAPONYA VE T\u00dcRK\u0130YE\u2019DE YAPAY ZEK\u00c2 VE ROBOT\u0130KTEK\u0130 GEL\u0130\u015eMELER\u0130N DE\u011eERLEND\u0130R\u0130LMES\u0130    CULINARY TOURISM AND JAPANESE COMFORT FOOD AMONG ANIME VIEWERS IN T\u00dcRKIYE  T\u00dcRK\u0130YE TUR\u0130ZM\u0130NE JAPONYA DOKUNU\u015eU: OMOTENASH\u0130 FELSEFES\u0130 BA\u011eLAMINDA K\u00dcLT\u00dcREL H\u0130ZMET YAKLA\u015eIMLARININ KAR\u015eILA\u015eTIRMALI ANAL\u0130Z\u0130  YEREL D\u0130PLOMAS\u0130 ARACI OLARAK KARDE\u015e \u015eEH\u0130RLER: KONYA\u2013KYOTO \u00d6RNE\u011e\u0130  T\u00dcRK\u0130YE-JAPONYA ENERJ\u0130 \u0130\u015e B\u0130RL\u0130\u011e\u0130: N\u00dcKLEER HEDEFLERDEN PRAGMAT\u0130K ORTAKLI\u011eA  BRIDGING CONTINENTS: JAPAN\u2013T\u00dcRKIYE COOPERATION ON GHG MITIGATION AND CLIMATE CHANGE ADAPTATION  INTEGRATING KAIZEN PHILOSOPHY INTO OCCUPATIONAL HEALTH AND SAFETY PRACTICES IN AUTOMOTIVE MANUFACTURING  AFET R\u0130SK AZALTMA POL\u0130T\u0130KALARI \u00dcZER\u0130NDEN T\u00dcRK\u0130YE-JAPONYA KAR\u015eILA\u015eTIRMASI  ESNEKL\u0130\u011e\u0130N K\u00dcLT\u00dcREL Y\u00dcZLER\u0130: T\u00dcRK\u0130YE VE JAPONYA\u2019DA GELENEKSEL VE UZAKTAN \u00c7ALI\u015eMA  YA\u015eLANAN TOPLUMLARDA SOSYAL G\u00dcVENL\u0130\u011e\u0130N S\u00dcRD\u00dcR\u00dcLEB\u0130L\u0130RL\u0130\u011e\u0130: JAPONYA MODEL\u0130 VE T\u00dcRK\u0130YE \u0130\u00c7\u0130N POL\u0130T\u0130KA \u00d6NER\u0130LER\u0130  K\u00dcLT\u00dcREL D\u0130PLOMAS\u0130, SANAT VE Y\u00d6NET\u0130\u015e\u0130M PERSPEKT\u0130F\u0130NDEN T\u00dcRK\u2013JAPON ORTAKLIK MODEL\u0130: S\u00dcRD\u00dcR\u00dcLEB\u0130L\u0130R \u0130\u015e B\u0130RL\u0130\u011e\u0130 \u0130\u00c7\u0130N YEN\u0130 YAKLA\u015eIMLAR  \u201cNEDEN JAPONYA?\u201d VE SONU\u00c7 YER\u0130NE JAPONYA\u2019NIN \u0130KT\u0130SAD\u0130 VE S\u0130YASAL BEL\u0130RG\u0130N KARAKTER\u0130ST\u0130KLER\u0130  SON S\u00d6Z  \u201c\u0130K\u0130GA\u0130\u201d YAHUT BU K\u0130TABIN YAZILMA NEDEN\u0130<\/p>\n","protected":false},"excerpt":{"rendered":"<p>AY VE G\u00dcNE\u015e\u0130N AYDINLATTI\u011eI GELECEK: T\u00dcRK\u0130YE JAPONYA \u0130\u015e B\u0130RL\u0130\u011e\u0130NDE S\u0130V\u0130L TOPLUM ODAKLI YEN\u0130 B\u0130R Y\u00dcZYIL V\u0130ZYONU OSMANLI\u2019DAN CUMHUR\u0130YET\u2019E B\u0130R ROL MODEL OLARAK JAPONYA: GE\u00c7 OSMANLI D\u00d6NEM\u0130\u2019NDE<span class=\"excerpt-hellip\"> [\u2026]<\/span><\/p>\n","protected":false},"featured_media":0,"template":"","meta":{"_monsterinsights_skip_tracking":false,"_monsterinsights_sitenote_active":false,"_monsterinsights_sitenote_note":"","_monsterinsights_sitenote_category":0},"product_brand":[],"product_cat":[13043,14381],"product_tag":[],"class_list":{"0":"post-784183","1":"product","2":"type-product","3":"status-publish","5":"product_cat-ekonomi","6":"product_cat-isletme-muhasebe-maliye","7":"pa_cilt-ciltsiz","8":"pa_tur-kitap","9":"pa_yayinevi-gazi-kitabevi","10":"pa_yazar-kolektif","12":"first","13":"instock","14":"sale","15":"shipping-taxable","16":"purchasable","17":"product-type-simple"},"_links":{"self":[{"href":"https:\/\/roveyayinevi.com.tr\/index.php\/wp-json\/wp\/v2\/product\/784183","targetHints":{"allow":["GET"]}}],"collection":[{"href":"https:\/\/roveyayinevi.com.tr\/index.php\/wp-json\/wp\/v2\/product"}],"about":[{"href":"https:\/\/roveyayinevi.com.tr\/index.php\/wp-json\/wp\/v2\/types\/product"}],"wp:attachment":[{"href":"https:\/\/roveyayinevi.com.tr\/index.php\/wp-json\/wp\/v2\/media?parent=784183"}],"wp:term":[{"taxonomy":"product_brand","embeddable":true,"href":"https:\/\/roveyayinevi.com.tr\/index.php\/wp-json\/wp\/v2\/product_brand?post=784183"},{"taxonomy":"product_cat","embeddable":true,"href":"https:\/\/roveyayinevi.com.tr\/index.php\/wp-json\/wp\/v2\/product_cat?post=784183"},{"taxonomy":"product_tag","embeddable":true,"href":"https:\/\/roveyayinevi.com.tr\/index.php\/wp-json\/wp\/v2\/product_tag?post=784183"}],"curies":[{"name":"wp","href":"https:\/\/api.w.org\/{rel}","templated":true}]}}