{"id":784182,"date":"2026-03-04T04:12:34","date_gmt":"2026-03-04T01:12:34","guid":{"rendered":"https:\/\/roveyayinevi.com.tr\/index.php\/urun\/kirgiz-atasozleri\/"},"modified":"2026-04-15T03:46:15","modified_gmt":"2026-04-15T00:46:15","slug":"kirgiz-atasozleri","status":"publish","type":"product","link":"https:\/\/roveyayinevi.com.tr\/index.php\/urun\/kirgiz-atasozleri\/","title":{"rendered":"K\u0131rg\u0131z Atas\u00f6zleri"},"content":{"rendered":"<p>Elinizdeki bu kitap, uzun zaman ve emek harcanarak haz\u0131rlanm\u0131\u015f 12.842 adet K\u0131rg\u0131z atas\u00f6z\u00fcn\u00fc (makal-lakap) i\u00e7ine almaktad\u0131r. Ba\u015fka bir deyi\u015fle T\u00fcrkiye\u2019de K\u0131rg\u0131z atas\u00f6zleri \u00fczerine yap\u0131lm\u0131\u015f en kapsaml\u0131 \u00e7al\u0131\u015fmad\u0131r. Her bir K\u0131rg\u0131z atas\u00f6z\u00fc hem Kiril hem Latin harfleriyle yaz\u0131lm\u0131\u015f ve i\u00e7erdi\u011fi anlamlar\u0131yla verilmi\u015ftir. Ayr\u0131ca yer yer T\u00fcrkiye\u2019de kullan\u0131lan ve K\u0131rg\u0131z atas\u00f6zleriyle ba\u011flam y\u00f6n\u00fcnden e\u015fle\u015fen \u00f6rnekler de \u00e7al\u0131\u015fmaya d\u00e2hil edilmi\u015ftir. Makal, s\u00f6zd\u00fcn atas\u0131 \u201cAtas\u00f6z\u00fc, s\u00f6z\u00fcn atas\u0131d\u0131r\u201d diyor K\u0131rg\u0131z karde\u015flerimiz. Bizler de Atalar s\u00f6z\u00fc, s\u00f6zlerin \u00f6z\u00fc demi\u015fiz. Atalar\u0131m\u0131z ba\u015fka neler demi\u015f, neyi nas\u0131l anlatm\u0131\u015f, yak\u0131ndan g\u00f6rmek, bilmek, K\u0131rg\u0131z karde\u015flerimizin ak\u0131l, g\u00f6n\u00fcl, d\u00fc\u015f\u00fcnce ve bedii zevk d\u00fcnyas\u0131na girmek isterseniz bu atas\u00f6z\u00fc k\u00fclliyat\u0131 size rehberlik edecektir.<\/p>\n","protected":false},"excerpt":{"rendered":"<p>Elinizdeki bu kitap, uzun zaman ve emek harcanarak haz\u0131rlanm\u0131\u015f 12.842 adet K\u0131rg\u0131z atas\u00f6z\u00fcn\u00fc (makal-lakap) i\u00e7ine almaktad\u0131r. Ba\u015fka bir deyi\u015fle T\u00fcrkiye\u2019de K\u0131rg\u0131z atas\u00f6zleri \u00fczerine yap\u0131lm\u0131\u015f en kapsaml\u0131<span class=\"excerpt-hellip\"> [\u2026]<\/span><\/p>\n","protected":false},"featured_media":0,"template":"","meta":{"_monsterinsights_skip_tracking":false,"_monsterinsights_sitenote_active":false,"_monsterinsights_sitenote_note":"","_monsterinsights_sitenote_category":0},"product_brand":[],"product_cat":[12566,13611],"product_tag":[],"class_list":{"0":"post-784182","1":"product","2":"type-product","3":"status-publish","5":"product_cat-egitim","6":"product_cat-sozlukler-ve-konusma-kilavuzlari","7":"pa_cilt-ciltsiz","8":"pa_tur-kitap","9":"pa_yayinevi-soncag-akademik-kitaplar","10":"pa_yazar-anara-yurumez","11":"pa_yazar-ceyhun-vedat-uygur","12":"pa_yazar-doolotbek-eskenov","13":"pa_yazar-semih-babaturk","15":"first","16":"instock","17":"sale","18":"shipping-taxable","19":"purchasable","20":"product-type-simple"},"_links":{"self":[{"href":"https:\/\/roveyayinevi.com.tr\/index.php\/wp-json\/wp\/v2\/product\/784182","targetHints":{"allow":["GET"]}}],"collection":[{"href":"https:\/\/roveyayinevi.com.tr\/index.php\/wp-json\/wp\/v2\/product"}],"about":[{"href":"https:\/\/roveyayinevi.com.tr\/index.php\/wp-json\/wp\/v2\/types\/product"}],"wp:attachment":[{"href":"https:\/\/roveyayinevi.com.tr\/index.php\/wp-json\/wp\/v2\/media?parent=784182"}],"wp:term":[{"taxonomy":"product_brand","embeddable":true,"href":"https:\/\/roveyayinevi.com.tr\/index.php\/wp-json\/wp\/v2\/product_brand?post=784182"},{"taxonomy":"product_cat","embeddable":true,"href":"https:\/\/roveyayinevi.com.tr\/index.php\/wp-json\/wp\/v2\/product_cat?post=784182"},{"taxonomy":"product_tag","embeddable":true,"href":"https:\/\/roveyayinevi.com.tr\/index.php\/wp-json\/wp\/v2\/product_tag?post=784182"}],"curies":[{"name":"wp","href":"https:\/\/api.w.org\/{rel}","templated":true}]}}