{"id":784181,"date":"2026-03-04T04:12:27","date_gmt":"2026-03-04T01:12:27","guid":{"rendered":"https:\/\/roveyayinevi.com.tr\/index.php\/urun\/gece-yarisi-kedileri-2-zumrut-yildizinin-koruyuculari\/"},"modified":"2026-04-15T03:46:11","modified_gmt":"2026-04-15T00:46:11","slug":"gece-yarisi-kedileri-2-zumrut-yildizinin-koruyuculari","status":"publish","type":"product","link":"https:\/\/roveyayinevi.com.tr\/index.php\/urun\/gece-yarisi-kedileri-2-zumrut-yildizinin-koruyuculari\/","title":{"rendered":"Gece Yar\u0131s\u0131 Kedileri 2 \u2013 Z\u00fcmr\u00fct Y\u0131ld\u0131z\u0131n\u0131n Koruyucular\u0131"},"content":{"rendered":"<p>\u201cBen de bir Gece Yar\u0131s\u0131 Kedisi olmak istiyorum!\u201d Bu, k\u00fc\u00e7\u00fck kedi Pablo\u2019nun en b\u00fcy\u00fck hayalidir. Ama \u0130ngiltere\u2019nin Kedi Krali\u00e7esi\u2019nin \u00f6zel muhaf\u0131z birli\u011fine yaln\u0131zca \u00fc\u00e7 zorlu s\u0131nav\u0131 ge\u00e7en kediler kabul edilir. Felidix ikilisi Nova ve Henry, Pablo\u2019nun bu hayaline ula\u015fmas\u0131 i\u00e7in onunla birlikte \u00e7al\u0131\u015f\u0131r. Fakat kedi koruyucular\u0131n\u0131n \u00fcstlendi\u011fi daha da kritik bir g\u00f6rev vard\u0131r: Kediler aras\u0131ndaki bar\u0131\u015f\u0131n simgesi olan Z\u00fcmr\u00fct Y\u0131ld\u0131z\u0131, ac\u0131mas\u0131z Fergus Finnigan\u2019\u0131n pen\u00e7elerine kesinlikle ge\u00e7memelidir. \u00c7\u00fcnk\u00fc o Britanya Adalar\u0131\u2019ndaki t\u00fcm kedi krall\u0131klar\u0131n\u0131 ele ge\u00e7irmeye kararl\u0131d\u0131r\u2026<\/p>\n","protected":false},"excerpt":{"rendered":"<p>\u201cBen de bir Gece Yar\u0131s\u0131 Kedisi olmak istiyorum!\u201d Bu, k\u00fc\u00e7\u00fck kedi Pablo\u2019nun en b\u00fcy\u00fck hayalidir. Ama \u0130ngiltere\u2019nin Kedi Krali\u00e7esi\u2019nin \u00f6zel muhaf\u0131z birli\u011fine yaln\u0131zca \u00fc\u00e7 zorlu s\u0131nav\u0131<span class=\"excerpt-hellip\"> [\u2026]<\/span><\/p>\n","protected":false},"featured_media":0,"template":"","meta":{"_monsterinsights_skip_tracking":false,"_monsterinsights_sitenote_active":false,"_monsterinsights_sitenote_note":"","_monsterinsights_sitenote_category":0},"product_brand":[],"product_cat":[12803,12291],"product_tag":[],"class_list":{"0":"post-784181","1":"product","2":"type-product","3":"status-publish","5":"product_cat-aksiyon-macera","6":"product_cat-edebiyat","7":"pa_cilt-ciltsiz","8":"pa_tur-kitap","9":"pa_yayinevi-hayat-yayinlari","10":"pa_yazar-barbara-laban","12":"first","13":"instock","14":"sale","15":"shipping-taxable","16":"purchasable","17":"product-type-simple"},"_links":{"self":[{"href":"https:\/\/roveyayinevi.com.tr\/index.php\/wp-json\/wp\/v2\/product\/784181","targetHints":{"allow":["GET"]}}],"collection":[{"href":"https:\/\/roveyayinevi.com.tr\/index.php\/wp-json\/wp\/v2\/product"}],"about":[{"href":"https:\/\/roveyayinevi.com.tr\/index.php\/wp-json\/wp\/v2\/types\/product"}],"wp:attachment":[{"href":"https:\/\/roveyayinevi.com.tr\/index.php\/wp-json\/wp\/v2\/media?parent=784181"}],"wp:term":[{"taxonomy":"product_brand","embeddable":true,"href":"https:\/\/roveyayinevi.com.tr\/index.php\/wp-json\/wp\/v2\/product_brand?post=784181"},{"taxonomy":"product_cat","embeddable":true,"href":"https:\/\/roveyayinevi.com.tr\/index.php\/wp-json\/wp\/v2\/product_cat?post=784181"},{"taxonomy":"product_tag","embeddable":true,"href":"https:\/\/roveyayinevi.com.tr\/index.php\/wp-json\/wp\/v2\/product_tag?post=784181"}],"curies":[{"name":"wp","href":"https:\/\/api.w.org\/{rel}","templated":true}]}}