{"id":784178,"date":"2026-03-04T03:57:07","date_gmt":"2026-03-04T00:57:07","guid":{"rendered":"https:\/\/roveyayinevi.com.tr\/index.php\/urun\/guzel-yasam-sanati\/"},"modified":"2026-04-07T03:29:57","modified_gmt":"2026-04-07T00:29:57","slug":"guzel-yasam-sanati","status":"publish","type":"product","link":"https:\/\/roveyayinevi.com.tr\/index.php\/urun\/guzel-yasam-sanati\/","title":{"rendered":"G\u00fczel Ya\u015fam Sanat\u0131"},"content":{"rendered":"<p>\u00d6m\u00fcr dedi\u011fimiz, ne yapt\u0131\u011f\u0131m\u0131zla alakal\u0131d\u0131r. Nas\u0131l yapt\u0131\u011f\u0131m\u0131zla alakal\u0131d\u0131r. Neden yapt\u0131\u011f\u0131m\u0131zla alakal\u0131d\u0131r. Ne i\u00e7in yapt\u0131\u011f\u0131m\u0131zla alakal\u0131d\u0131r. Di\u011fer t\u00fcrl\u00fcs\u00fc nefes al\u0131p vermekten ibarettir. Bizim de amac\u0131m\u0131z bu kitapta inanc\u0131m\u0131z\u0131n emirleri ve yasaklar\u0131yla k\u0131sac\u0131k hayat\u0131n anlamland\u0131r\u0131lmas\u0131 noktas\u0131nda belli ba\u015fl\u0131 hat\u0131rlatmalar yapmakt\u0131r. Ger\u00e7ek manada bir a\u011fa\u00e7 g\u00f6lgesinde dinlenmek kadar k\u0131sa olan \u00f6mr\u00fcm\u00fcz\u00fc bereketlendirmek, nefes almak olan hayat\u0131 ya\u015famaya d\u00f6nd\u00fcrmek ve en \u00f6nemlisi \u00f6l\u00fcm\u00fc beklemekten ziyade ger\u00e7ek aleme haz\u0131rlanmakt\u0131r. \u0130nsan\u0131, \u00e7evreyi, toplumu ve hayat\u0131 ilgilendiren bir\u00e7ok konuda hat\u0131rlatma amac\u0131yla yaz\u0131lan bu sat\u0131rlar, b\u00fct\u00fcn meselelere \u00e7\u00f6z\u00fcm \u00f6nermekten ziyade belli ba\u015fl\u0131 mevzularda tefekk\u00fcre ve yeni ba\u015flang\u0131\u00e7lara vesile olmak i\u00e7indir. <\/p>\n","protected":false},"excerpt":{"rendered":"<p>\u00d6m\u00fcr dedi\u011fimiz, ne yapt\u0131\u011f\u0131m\u0131zla alakal\u0131d\u0131r. Nas\u0131l yapt\u0131\u011f\u0131m\u0131zla alakal\u0131d\u0131r. Neden yapt\u0131\u011f\u0131m\u0131zla alakal\u0131d\u0131r. Ne i\u00e7in yapt\u0131\u011f\u0131m\u0131zla alakal\u0131d\u0131r. Di\u011fer t\u00fcrl\u00fcs\u00fc nefes al\u0131p vermekten ibarettir. Bizim de amac\u0131m\u0131z bu kitapta<span class=\"excerpt-hellip\"> [\u2026]<\/span><\/p>\n","protected":false},"featured_media":0,"template":"","meta":{"_monsterinsights_skip_tracking":false,"_monsterinsights_sitenote_active":false,"_monsterinsights_sitenote_note":"","_monsterinsights_sitenote_category":0},"product_brand":[],"product_cat":[12364,12376],"product_tag":[],"class_list":{"0":"post-784178","1":"product","2":"type-product","3":"status-publish","5":"product_cat-genel-konular","6":"product_cat-kisisel-gelisim","7":"pa_cilt-ciltsiz","8":"pa_tur-kitap","9":"pa_yayinevi-gulnar-yayinlari","10":"pa_yazar-bekir-aydin","12":"first","13":"instock","14":"sale","15":"shipping-taxable","16":"purchasable","17":"product-type-simple"},"_links":{"self":[{"href":"https:\/\/roveyayinevi.com.tr\/index.php\/wp-json\/wp\/v2\/product\/784178","targetHints":{"allow":["GET"]}}],"collection":[{"href":"https:\/\/roveyayinevi.com.tr\/index.php\/wp-json\/wp\/v2\/product"}],"about":[{"href":"https:\/\/roveyayinevi.com.tr\/index.php\/wp-json\/wp\/v2\/types\/product"}],"wp:attachment":[{"href":"https:\/\/roveyayinevi.com.tr\/index.php\/wp-json\/wp\/v2\/media?parent=784178"}],"wp:term":[{"taxonomy":"product_brand","embeddable":true,"href":"https:\/\/roveyayinevi.com.tr\/index.php\/wp-json\/wp\/v2\/product_brand?post=784178"},{"taxonomy":"product_cat","embeddable":true,"href":"https:\/\/roveyayinevi.com.tr\/index.php\/wp-json\/wp\/v2\/product_cat?post=784178"},{"taxonomy":"product_tag","embeddable":true,"href":"https:\/\/roveyayinevi.com.tr\/index.php\/wp-json\/wp\/v2\/product_tag?post=784178"}],"curies":[{"name":"wp","href":"https:\/\/api.w.org\/{rel}","templated":true}]}}