{"id":784176,"date":"2026-03-04T02:54:11","date_gmt":"2026-03-03T23:54:11","guid":{"rendered":"https:\/\/roveyayinevi.com.tr\/index.php\/urun\/muhendislik-mekanigi-statik\/"},"modified":"2026-04-16T02:30:32","modified_gmt":"2026-04-15T23:30:32","slug":"muhendislik-mekanigi-statik","status":"publish","type":"product","link":"https:\/\/roveyayinevi.com.tr\/index.php\/urun\/muhendislik-mekanigi-statik\/","title":{"rendered":"M\u00fchendislik Mekani\u011fi Statik"},"content":{"rendered":"<p>Literat\u00fcr Yay\u0131nc\u0131l\u0131k olarak, d\u00fcnyan\u0131n her yerinde \u00fcniversiteler ve e\u011fitim kurumlar\u0131nda yayg\u0131n bir \u015fekilde kullan\u0131lan kitab\u0131n 14. bas\u0131mdan \u00e7evirisini sunuyoruz.Orijinal kitab\u0131n yay\u0131n ekibi, bu bask\u0131y\u0131 haz\u0131rlarken t\u00fcm d\u00fcnyadan e\u011fitimcilerle birlikte \u00e7al\u0131\u015f\u0131p, \u00e7ok \u00e7e\u015fitli konular\u0131 ele alarak, de\u011fi\u015fik ihtiya\u00e7lara cevap vermeye ve \u00f6\u011frenciye en iyi \u00f6\u011frenim ara\u00e7lar\u0131n\u0131 sunmaya \u00f6zen g\u00f6stermi\u015ftir. Metrik bask\u0131 uyarlamas\u0131yla kitaptaki modern yakla\u015f\u0131m ve e\u011fitime uygunluk korunmu\u015f ancak de\u011fi\u015fiklik ve uyarlama da yap\u0131lm\u0131\u015f, yerellik g\u00f6zetilmi\u015ftir.\u0130\u00e7indekiler;Genel \u0130lkelerKuvvet Vekt\u00f6rleriPar\u00e7ac\u0131k DengesiKuvvet Sistemi Bile\u015fkeleriRijit Cisim DengesiYap\u0131sal Analiz\u0130\u00e7 KuvvetlerS\u00fcrt\u00fcnmeA\u011f\u0131rl\u0131k Merkezi ve Geometrik MerkezEylemsizlik MomentleriSanal \u0130\u015f<\/p>\n","protected":false},"excerpt":{"rendered":"<p>Literat\u00fcr Yay\u0131nc\u0131l\u0131k olarak, d\u00fcnyan\u0131n her yerinde \u00fcniversiteler ve e\u011fitim kurumlar\u0131nda yayg\u0131n bir \u015fekilde kullan\u0131lan kitab\u0131n 14. bas\u0131mdan \u00e7evirisini sunuyoruz.Orijinal kitab\u0131n yay\u0131n ekibi, bu bask\u0131y\u0131 haz\u0131rlarken t\u00fcm<span class=\"excerpt-hellip\"> [\u2026]<\/span><\/p>\n","protected":false},"featured_media":0,"template":"","meta":{"_monsterinsights_skip_tracking":false,"_monsterinsights_sitenote_active":false,"_monsterinsights_sitenote_note":"","_monsterinsights_sitenote_category":0},"product_brand":[],"product_cat":[13005,18664],"product_tag":[],"class_list":{"0":"post-784176","1":"product","2":"type-product","3":"status-publish","5":"product_cat-bilim-muhendislik","6":"product_cat-muhendislik","7":"pa_cilt-ciltsiz","8":"pa_tur-kitap","9":"pa_yayinevi-literatur-yayinevi-akademik","10":"pa_yazar-r-c-hibbeler","12":"first","13":"instock","14":"sale","15":"shipping-taxable","16":"purchasable","17":"product-type-simple"},"_links":{"self":[{"href":"https:\/\/roveyayinevi.com.tr\/index.php\/wp-json\/wp\/v2\/product\/784176","targetHints":{"allow":["GET"]}}],"collection":[{"href":"https:\/\/roveyayinevi.com.tr\/index.php\/wp-json\/wp\/v2\/product"}],"about":[{"href":"https:\/\/roveyayinevi.com.tr\/index.php\/wp-json\/wp\/v2\/types\/product"}],"wp:attachment":[{"href":"https:\/\/roveyayinevi.com.tr\/index.php\/wp-json\/wp\/v2\/media?parent=784176"}],"wp:term":[{"taxonomy":"product_brand","embeddable":true,"href":"https:\/\/roveyayinevi.com.tr\/index.php\/wp-json\/wp\/v2\/product_brand?post=784176"},{"taxonomy":"product_cat","embeddable":true,"href":"https:\/\/roveyayinevi.com.tr\/index.php\/wp-json\/wp\/v2\/product_cat?post=784176"},{"taxonomy":"product_tag","embeddable":true,"href":"https:\/\/roveyayinevi.com.tr\/index.php\/wp-json\/wp\/v2\/product_tag?post=784176"}],"curies":[{"name":"wp","href":"https:\/\/api.w.org\/{rel}","templated":true}]}}