{"id":784173,"date":"2026-03-04T02:45:35","date_gmt":"2026-03-03T23:45:35","guid":{"rendered":"https:\/\/roveyayinevi.com.tr\/index.php\/urun\/uluslar-siyasi-etnisite-ve-milliyetciligin-uzun-tarihi-ve-derin-kokleri\/"},"modified":"2026-04-16T02:25:42","modified_gmt":"2026-04-15T23:25:42","slug":"uluslar-siyasi-etnisite-ve-milliyetciligin-uzun-tarihi-ve-derin-kokleri","status":"publish","type":"product","link":"https:\/\/roveyayinevi.com.tr\/index.php\/urun\/uluslar-siyasi-etnisite-ve-milliyetciligin-uzun-tarihi-ve-derin-kokleri\/","title":{"rendered":"Uluslar &#8211; Siyasi Etnisite ve Milliyet\u00e7ili\u011fin Uzun Tarihi ve Derin K\u00f6kleri"},"content":{"rendered":"<p>Milliyet\u00e7ili\u011fin k\u00f6kenleri nelerdir ve b\u00f6ylesine yo\u011fun duygular uyand\u0131rmaya nas\u0131l muktedir olabilir? Azar Gat bu kitapta hangi uluslar\u0131n ve milliyet\u00e7ili\u011fin modern ve \u201cplanlanm\u0131\u015f\u201d ya da \u201cicat edilmi\u015f\u201d oldu\u011funa ili\u015fkin ra\u011fbet g\u00f6ren g\u00fcncel teorileri ele al\u0131r. Etnisitenin her daim \u00e7ok siyasi oldu\u011funu ve uluslar\u0131n ve ulusal devletlerin devletin ba\u015flang\u0131c\u0131ndan beri mevcut olduklar\u0131n\u0131 a\u00e7\u0131\u011fa \u00e7\u0131karmak i\u00e7in boydan boya tarihi ve d\u00fcnyan\u0131n d\u00f6rt bir yan\u0131n\u0131 tarar ve etnisite ile milliyet\u00e7ili\u011fin insan do\u011fas\u0131ndaki derin k\u00f6kenini g\u00f6zlemler. \u201cAzar Gat bizi, tarihteki ve t\u00fcm d\u00fcnyadaki akrabal\u0131k ve siyasi etnisite ger\u00e7ekleriyle hakk\u0131yla y\u00fczle\u015fmeye -ve dolay\u0131s\u0131yla bunlar\u0131n \u00e7\u0131kar\u0131mlar\u0131n\u0131 g\u00f6z \u00f6n\u00fcnde bulundurmaya- zorlayarak, icat edilmi\u015f geleneklere ve sosyal yap\u0131ya sahip hayal\u00ee topluluklar hakk\u0131ndaki g\u00f6z boyayan sohbetleri yabani otlardan ar\u0131nd\u0131rm\u0131\u015ft\u0131r. Uluslara ve milliyet\u00e7ili\u011fe ilgi duyan herkes i\u00e7in makul tart\u0131\u015fmalar i\u00e7eren, iyi yaz\u0131lm\u0131\u015f ve \u00f6nemli bir kitap.\u201d STEVEN GROSBY, Nationalism: A Very Short Introduction (Milliyet\u00e7ilik: K\u0131sa bir Giri\u015f) eserinin yazar\u0131 \u201cKronolojik ve co\u011frafi a\u00e7\u0131dan geni\u015f kapsaml\u0131 bir yakla\u015f\u0131m i\u00e7eren bu kitap, etnik-siyasi kimli\u011fe ait sosyal ve k\u00fclt\u00fcrel yap\u0131n\u0131n, insanl\u0131\u011f\u0131n bizzat kendisi kadar eski sosyobiyolojik yatk\u0131nl\u0131klardan kaynakland\u0131\u011f\u0131n\u0131 ikna edici bi\u00e7imde savunur. Gat ve Yakobson, \u00e7ok \u00f6nemli bir ara\u015ft\u0131rma sahas\u0131nda cesur ve zorlay\u0131c\u0131 bir giri\u015fimde bulunmu\u015ftur.\u201d AVIEL ROSHWALD, The Endurance of Nationalism: Ancient Roots and Modern Dilemmas (Milliyet\u00e7ili\u011fin S\u00fcreklili\u011fi: Antik K\u00f6kler ve Modern \u0130kilemler) eserinin yazar\u0131 AZAR GAT, Tel Aviv \u00dcniversitesi&#8217;nde Siyaset Bilimi Anabilim Dal\u0131 K\u00fcrs\u00fc Ba\u015fkan\u0131 ve Ezer Weitzman Profes\u00f6r\u00fcd\u00fcr. Son d\u00f6nem eserleri aras\u0131nda A History of Military Thought: From the Enlightenment to the Cold War &#8211; 2001 (Askeri D\u00fc\u015f\u00fcnce Tarihi: Ayd\u0131nlanma&#8217;dan So\u011fuk Sava\u015f&#8217;a); Times Edebiyat Eki taraf\u0131ndan y\u0131l\u0131n en iyi kitaplar\u0131ndan biri olarak g\u00f6sterilen War in Human Civilization \u2013 2006 (\u0130nsan Uygarl\u0131\u011f\u0131nda Sava\u015f); ve Victorious and Vulnerable: Why Democracy Won in the 20th Century and How it is Still Imperilled? \u2013 2010 (Muzaffer ve Savunmas\u0131z: Neden 20. Y\u00fczy\u0131lda Demokrasi Kazand\u0131 ve Nas\u0131l H\u00e2l\u00e2 S\u00fcrd\u00fcr\u00fclebilmektedir?) bulunur. <\/p>\n","protected":false},"excerpt":{"rendered":"<p>Milliyet\u00e7ili\u011fin k\u00f6kenleri nelerdir ve b\u00f6ylesine yo\u011fun duygular uyand\u0131rmaya nas\u0131l muktedir olabilir? Azar Gat bu kitapta hangi uluslar\u0131n ve milliyet\u00e7ili\u011fin modern ve \u201cplanlanm\u0131\u015f\u201d ya da \u201cicat edilmi\u015f\u201d<span class=\"excerpt-hellip\"> [\u2026]<\/span><\/p>\n","protected":false},"featured_media":0,"template":"","meta":{"_monsterinsights_skip_tracking":false,"_monsterinsights_sitenote_active":false,"_monsterinsights_sitenote_note":"","_monsterinsights_sitenote_category":0},"product_brand":[],"product_cat":[13059,12337],"product_tag":[],"class_list":{"0":"post-784173","1":"product","2":"type-product","3":"status-publish","5":"product_cat-diger-politika-siyaset","6":"product_cat-politika-siyaset","7":"pa_cilt-ciltsiz","8":"pa_tur-kitap","9":"pa_yayinevi-bilge-kultur-sanat","10":"pa_yazar-azar-gat","12":"first","13":"instock","14":"sale","15":"shipping-taxable","16":"purchasable","17":"product-type-simple"},"_links":{"self":[{"href":"https:\/\/roveyayinevi.com.tr\/index.php\/wp-json\/wp\/v2\/product\/784173","targetHints":{"allow":["GET"]}}],"collection":[{"href":"https:\/\/roveyayinevi.com.tr\/index.php\/wp-json\/wp\/v2\/product"}],"about":[{"href":"https:\/\/roveyayinevi.com.tr\/index.php\/wp-json\/wp\/v2\/types\/product"}],"wp:attachment":[{"href":"https:\/\/roveyayinevi.com.tr\/index.php\/wp-json\/wp\/v2\/media?parent=784173"}],"wp:term":[{"taxonomy":"product_brand","embeddable":true,"href":"https:\/\/roveyayinevi.com.tr\/index.php\/wp-json\/wp\/v2\/product_brand?post=784173"},{"taxonomy":"product_cat","embeddable":true,"href":"https:\/\/roveyayinevi.com.tr\/index.php\/wp-json\/wp\/v2\/product_cat?post=784173"},{"taxonomy":"product_tag","embeddable":true,"href":"https:\/\/roveyayinevi.com.tr\/index.php\/wp-json\/wp\/v2\/product_tag?post=784173"}],"curies":[{"name":"wp","href":"https:\/\/api.w.org\/{rel}","templated":true}]}}