{"id":784172,"date":"2026-03-04T02:40:38","date_gmt":"2026-03-03T23:40:38","guid":{"rendered":"https:\/\/roveyayinevi.com.tr\/index.php\/urun\/gurur-ve-onyargi-10\/"},"modified":"2026-04-16T02:22:49","modified_gmt":"2026-04-15T23:22:49","slug":"gurur-ve-onyargi-10","status":"publish","type":"product","link":"https:\/\/roveyayinevi.com.tr\/index.php\/urun\/gurur-ve-onyargi-10\/","title":{"rendered":"Gurur ve \u00d6nyarg\u0131"},"content":{"rendered":"<p>Jane Austen\u2019\u0131n yirmi bir ya\u015f\u0131ndayken yazd\u0131\u011f\u0131 Gurur ve \u00d6nyarg\u0131, nesillerdir \u00f6zg\u00fcn kalan, a\u015fka ve de\u011fi\u015fen izlenimlere dair keyifli bir hik\u00e2ye.Elizabeth Bennet, zengin ve bek\u00e2r Fitzwilliam Darcy ile ilk tan\u0131\u015ft\u0131\u011f\u0131nda onu kendini be\u011fenmi\u015f ve kibirli bulur. Darcy de gen\u00e7 kad\u0131n\u0131n g\u00fczelli\u011finden ve ba\u011f\u0131ms\u0131z tavr\u0131ndan etkilenmemi\u015f gibidir; \u00fcstelik en yak\u0131n arkada\u015f\u0131n\u0131n Elizabeth\u2019in ablas\u0131 ile evlenmesine de kar\u015f\u0131d\u0131r. Balo salonlar\u0131ndan nehir kenar\u0131 pikniklerine, ta\u015fra evlerinden ihti\u015faml\u0131 malik\u00e2nelere uzanan hik\u00e2yede izlenimler ve duygular beklenmedik \u015fekillerde de\u011fi\u015fecektir. Austen\u2019\u0131n \u201cbiricik \u00e7ocu\u011fum\u201d diye and\u0131\u011f\u0131 Gurur ve \u00d6nyarg\u0131, toprak sahibi ta\u015fral\u0131 s\u0131n\u0131f\u0131n ya\u015fam bi\u00e7imini, g\u00f6rg\u00fc kurallar\u0131n\u0131 ve dedikodular\u0131n\u0131 e\u015fsiz bir mizah duygusu ile ele al\u0131yor.\u201cBu gen\u00e7 han\u0131m, s\u0131radan insanlar\u0131n i\u015flerini ve duygular\u0131n\u0131 g\u00f6rd\u00fc\u011f\u00fcm en harika bi\u00e7imde tarif etme yetene\u011fine sahipti&#8230; Ne yaz\u0131k olmu\u015f, b\u00f6yle yetenekli birinin b\u00f6yle gen\u00e7 ya\u015fta \u00f6lmesi!\u201d SIR WALTER SCOTT<\/p>\n","protected":false},"excerpt":{"rendered":"<p>Jane Austen\u2019\u0131n yirmi bir ya\u015f\u0131ndayken yazd\u0131\u011f\u0131 Gurur ve \u00d6nyarg\u0131, nesillerdir \u00f6zg\u00fcn kalan, a\u015fka ve de\u011fi\u015fen izlenimlere dair keyifli bir hik\u00e2ye.Elizabeth Bennet, zengin ve bek\u00e2r Fitzwilliam Darcy<span class=\"excerpt-hellip\"> [\u2026]<\/span><\/p>\n","protected":false},"featured_media":0,"template":"","meta":{"_monsterinsights_skip_tracking":false,"_monsterinsights_sitenote_active":false,"_monsterinsights_sitenote_note":"","_monsterinsights_sitenote_category":0},"product_brand":[],"product_cat":[12291,12711],"product_tag":[],"class_list":{"0":"post-784172","1":"product","2":"type-product","3":"status-publish","5":"product_cat-edebiyat","6":"product_cat-roman-oyku","7":"pa_cilt-ciltsiz","8":"pa_tur-kitap","9":"pa_yayinevi-iletisim-yayinlari","10":"pa_yazar-jane-austen","12":"first","13":"instock","14":"sale","15":"shipping-taxable","16":"purchasable","17":"product-type-simple"},"_links":{"self":[{"href":"https:\/\/roveyayinevi.com.tr\/index.php\/wp-json\/wp\/v2\/product\/784172","targetHints":{"allow":["GET"]}}],"collection":[{"href":"https:\/\/roveyayinevi.com.tr\/index.php\/wp-json\/wp\/v2\/product"}],"about":[{"href":"https:\/\/roveyayinevi.com.tr\/index.php\/wp-json\/wp\/v2\/types\/product"}],"wp:attachment":[{"href":"https:\/\/roveyayinevi.com.tr\/index.php\/wp-json\/wp\/v2\/media?parent=784172"}],"wp:term":[{"taxonomy":"product_brand","embeddable":true,"href":"https:\/\/roveyayinevi.com.tr\/index.php\/wp-json\/wp\/v2\/product_brand?post=784172"},{"taxonomy":"product_cat","embeddable":true,"href":"https:\/\/roveyayinevi.com.tr\/index.php\/wp-json\/wp\/v2\/product_cat?post=784172"},{"taxonomy":"product_tag","embeddable":true,"href":"https:\/\/roveyayinevi.com.tr\/index.php\/wp-json\/wp\/v2\/product_tag?post=784172"}],"curies":[{"name":"wp","href":"https:\/\/api.w.org\/{rel}","templated":true}]}}