{"id":784171,"date":"2026-03-04T02:00:29","date_gmt":"2026-03-03T23:00:29","guid":{"rendered":"https:\/\/roveyayinevi.com.tr\/index.php\/urun\/kitlelerin-ayaklanmasi\/"},"modified":"2026-04-16T01:59:24","modified_gmt":"2026-04-15T22:59:24","slug":"kitlelerin-ayaklanmasi","status":"publish","type":"product","link":"https:\/\/roveyayinevi.com.tr\/index.php\/urun\/kitlelerin-ayaklanmasi\/","title":{"rendered":"Kitlelerin Ayaklanmas\u0131"},"content":{"rendered":"<p>Jose Ortega y Gasset (1883-1955) I. D\u00fcnya Sava\u015f\u0131\u2019ndan sonra \u0130spanya\u2019da k\u00fclt\u00fcr ve edebiyat\u0131 yeniden canland\u0131rma hareketini y\u00f6nlendiren \u00f6nemli ayd\u0131nlar aras\u0131nda yer al\u0131r. Madrid \u00dcniversitesi\u2019nde felsefe \u00f6\u011frenimi g\u00f6rm\u00fc\u015f, Berlin, Leipzig ve Marburg\u2019da \u00e7al\u0131\u015fmalar\u0131n\u0131 s\u00fcrd\u00fcrm\u00fc\u015ft\u00fcr. \u00dclkesine d\u00f6nd\u00fckten sonra Madrid Merkez \u00dcniversitesi\u2019ne atanm\u0131\u015f, i\u00e7 sava\u015f s\u0131ras\u0131nda \u0130spanya\u2019dan ayr\u0131lana dek metafizik k\u00fcrs\u00fcs\u00fcnde dersler vermi\u015ftir. En \u00fcnl\u00fc yap\u0131tlar\u0131ndan biri olan Kitlelerin Ayaklanmas\u0131 yazar\u0131n 1920\u2019lerde ba\u015flayan ve yakla\u015f\u0131k olarak on y\u0131l s\u00fcren \u00e7al\u0131\u015fmalar\u0131n\u0131n \u00fcr\u00fcn\u00fcd\u00fcr. Kitab\u0131 olu\u015fturan kimi par\u00e7alar daha \u00f6nce gazete yaz\u0131s\u0131 olarak yay\u0131mlanm\u0131\u015ft\u0131r. Eserinin ba\u015fka dillere yap\u0131lan \u00e7evirilerini g\u00f6z \u00f6n\u00fcnde tutan yazar 1937\u2019de Frans\u0131zlar i\u00e7in \u00d6ns\u00f6z \u00fc, 1938\u2019de \u0130ngilizler i\u00e7in Sondeyi\u015f i kitab\u0131na eklemi\u015ftir. Neyyire G\u00fcl I\u015f\u0131k: Floransa \u00dcniversitesi Edebiyat ve Felsefe Fak\u00fcltesi&#8217;nde \u00f6\u011frenim g\u00f6rd\u00fc. \u0130stanbul \u00dcniversitesi Frans\u0131z ve Roman Dilleri ve Edebiyat\u0131 b\u00f6l\u00fcm\u00fcnde \u00e7al\u0131\u015ft\u0131. 1986&#8217;da \u0130spanyol Dili ve Edebiyat\u0131 anabilim dal\u0131na atand\u0131. Italo Sevvo, Italo Calvino, Leonardo Sciascia, V. Blasco Ibanez, Juan Goytisolo, Ortega y Gasset, Antonio M. Molina&#8217;dan deneme, roman ve \u00f6yk\u00fcler \u00e7evirdi. Madrid&#8217;te Complutense \u00dcniversitesi&#8217;nde T\u00fcrk Dili ve Edebiyat\u0131 dersleri veriyor. \ufffcTan\u0131t\u0131m Metni<\/p>\n","protected":false},"excerpt":{"rendered":"<p>Jose Ortega y Gasset (1883-1955) I. D\u00fcnya Sava\u015f\u0131\u2019ndan sonra \u0130spanya\u2019da k\u00fclt\u00fcr ve edebiyat\u0131 yeniden canland\u0131rma hareketini y\u00f6nlendiren \u00f6nemli ayd\u0131nlar aras\u0131nda yer al\u0131r. Madrid \u00dcniversitesi\u2019nde felsefe \u00f6\u011frenimi<span class=\"excerpt-hellip\"> [\u2026]<\/span><\/p>\n","protected":false},"featured_media":0,"template":"","meta":{"_monsterinsights_skip_tracking":false,"_monsterinsights_sitenote_active":false,"_monsterinsights_sitenote_note":"","_monsterinsights_sitenote_category":0},"product_brand":[],"product_cat":[12364],"product_tag":[],"class_list":{"0":"post-784171","1":"product","2":"type-product","3":"status-publish","5":"product_cat-genel-konular","6":"pa_cilt-ciltsiz","7":"pa_tur-kitap","8":"pa_yayinevi-is-bankasi-kultur-yayinlari","9":"pa_yazar-jose-ortega-y-gasset","11":"first","12":"instock","13":"sale","14":"shipping-taxable","15":"purchasable","16":"product-type-simple"},"_links":{"self":[{"href":"https:\/\/roveyayinevi.com.tr\/index.php\/wp-json\/wp\/v2\/product\/784171","targetHints":{"allow":["GET"]}}],"collection":[{"href":"https:\/\/roveyayinevi.com.tr\/index.php\/wp-json\/wp\/v2\/product"}],"about":[{"href":"https:\/\/roveyayinevi.com.tr\/index.php\/wp-json\/wp\/v2\/types\/product"}],"wp:attachment":[{"href":"https:\/\/roveyayinevi.com.tr\/index.php\/wp-json\/wp\/v2\/media?parent=784171"}],"wp:term":[{"taxonomy":"product_brand","embeddable":true,"href":"https:\/\/roveyayinevi.com.tr\/index.php\/wp-json\/wp\/v2\/product_brand?post=784171"},{"taxonomy":"product_cat","embeddable":true,"href":"https:\/\/roveyayinevi.com.tr\/index.php\/wp-json\/wp\/v2\/product_cat?post=784171"},{"taxonomy":"product_tag","embeddable":true,"href":"https:\/\/roveyayinevi.com.tr\/index.php\/wp-json\/wp\/v2\/product_tag?post=784171"}],"curies":[{"name":"wp","href":"https:\/\/api.w.org\/{rel}","templated":true}]}}