{"id":784168,"date":"2026-03-03T04:03:07","date_gmt":"2026-03-03T01:03:07","guid":{"rendered":"https:\/\/roveyayinevi.com.tr\/index.php\/urun\/kuramdeneyim-ve-mudahale\/"},"modified":"2026-04-15T03:47:42","modified_gmt":"2026-04-15T00:47:42","slug":"kuramdeneyim-ve-mudahale","status":"publish","type":"product","link":"https:\/\/roveyayinevi.com.tr\/index.php\/urun\/kuramdeneyim-ve-mudahale\/","title":{"rendered":"Kuram,Deneyim ve M\u00fcdahale"},"content":{"rendered":"<p>Kuram, Deneyim ve M\u00fcdahale, 1. Ele\u015ftirel Pedagoji Kongresi\u2019nde bulu\u015fan e\u011fitim bile\u015fenlerinin, e\u011fitimi yaln\u0131zca bir aktar\u0131m alan\u0131 olarak de\u011fil; iktidar ili\u015fkileriyle \u00f6r\u00fcl\u00fc, politik ve d\u00f6n\u00fc\u015ft\u00fcr\u00fcc\u00fc bir pratik olarak yeniden d\u00fc\u015f\u00fcnme \u00e7abas\u0131n\u0131n \u00fcr\u00fcn\u00fcd\u00fcr. Bu derleme, neoliberal-otoriter bask\u0131lar\u0131n yo\u011funla\u015ft\u0131\u011f\u0131 bir tarihsel ba\u011flamda, \u00fcniversiteyi ve \u00f6\u011frenme s\u00fcre\u00e7lerini sorgulayan ele\u015ftirel bir ortak akl\u0131 g\u00f6r\u00fcn\u00fcr k\u0131lar.Kitapta yer alan metinler; ele\u015ftirel ve feminist pedagojilerden mimarl\u0131k e\u011fitimine, yarat\u0131c\u0131 drama ve performatif \u00f6\u011frenmeden bak\u0131m eti\u011fi ve konumlu bilgi tart\u0131\u015fmalar\u0131na uzanan geni\u015f bir yelpazede, e\u011fitimin bedensel, duygulan\u0131msal ve ili\u015fkisel boyutlar\u0131n\u0131 merkeze al\u0131r. \u00d6\u011frenmenin yaln\u0131zca bili\u015fsel de\u011fil; deneyim, duygu ve kolektif kar\u015f\u0131la\u015fmalarla kurulan bir s\u00fcre\u00e7 oldu\u011funu hat\u0131rlat\u0131r. Akademide sessizle\u015ftirme, g\u00fcvencesizlik ve performans bask\u0131s\u0131 kar\u015f\u0131s\u0131nda, dayan\u0131\u015fma ve birlikte d\u00fc\u015f\u00fcnmenin imk\u00e2nlar\u0131n\u0131 ara\u015ft\u0131r\u0131r. Kuram, Deneyim ve M\u00fcdahale, ele\u015ftirel pedagojiyi kapal\u0131 bir teori de\u011fil; farkl\u0131 disiplinlerde s\u0131nanan, \u00e7o\u011falan ve d\u00f6n\u00fc\u015ft\u00fcr\u00fcc\u00fc bir m\u00fcdahale alan\u0131 olarak ele al\u0131r. Okuru, kendi pedagojik konumunu, al\u0131\u015fkanl\u0131klar\u0131n\u0131 ve direni\u015f olanaklar\u0131n\u0131 yeniden d\u00fc\u015f\u00fcnmeye davet eder. E\u011fitimle umudu yeniden kurman\u0131n, bilgiyi kamusal ve \u00f6zg\u00fcrle\u015ftirici bir g\u00fc\u00e7 olarak sahiplenmenin \u00e7a\u011fr\u0131s\u0131n\u0131 yapar.<\/p>\n","protected":false},"excerpt":{"rendered":"<p>Kuram, Deneyim ve M\u00fcdahale, 1. Ele\u015ftirel Pedagoji Kongresi\u2019nde bulu\u015fan e\u011fitim bile\u015fenlerinin, e\u011fitimi yaln\u0131zca bir aktar\u0131m alan\u0131 olarak de\u011fil; iktidar ili\u015fkileriyle \u00f6r\u00fcl\u00fc, politik ve d\u00f6n\u00fc\u015ft\u00fcr\u00fcc\u00fc bir pratik<span class=\"excerpt-hellip\"> [\u2026]<\/span><\/p>\n","protected":false},"featured_media":0,"template":"","meta":{"_monsterinsights_skip_tracking":false,"_monsterinsights_sitenote_active":false,"_monsterinsights_sitenote_note":"","_monsterinsights_sitenote_category":0},"product_brand":[],"product_cat":[12573,12566],"product_tag":[],"class_list":{"0":"post-784168","1":"product","2":"type-product","3":"status-publish","5":"product_cat-akademik-kitaplar","6":"product_cat-egitim","7":"pa_cilt-ciltsiz","8":"pa_tur-kitap","9":"pa_yayinevi-toz-yayinlari","10":"pa_yazar-kolektif","12":"first","13":"instock","14":"sale","15":"shipping-taxable","16":"purchasable","17":"product-type-simple"},"_links":{"self":[{"href":"https:\/\/roveyayinevi.com.tr\/index.php\/wp-json\/wp\/v2\/product\/784168","targetHints":{"allow":["GET"]}}],"collection":[{"href":"https:\/\/roveyayinevi.com.tr\/index.php\/wp-json\/wp\/v2\/product"}],"about":[{"href":"https:\/\/roveyayinevi.com.tr\/index.php\/wp-json\/wp\/v2\/types\/product"}],"wp:attachment":[{"href":"https:\/\/roveyayinevi.com.tr\/index.php\/wp-json\/wp\/v2\/media?parent=784168"}],"wp:term":[{"taxonomy":"product_brand","embeddable":true,"href":"https:\/\/roveyayinevi.com.tr\/index.php\/wp-json\/wp\/v2\/product_brand?post=784168"},{"taxonomy":"product_cat","embeddable":true,"href":"https:\/\/roveyayinevi.com.tr\/index.php\/wp-json\/wp\/v2\/product_cat?post=784168"},{"taxonomy":"product_tag","embeddable":true,"href":"https:\/\/roveyayinevi.com.tr\/index.php\/wp-json\/wp\/v2\/product_tag?post=784168"}],"curies":[{"name":"wp","href":"https:\/\/api.w.org\/{rel}","templated":true}]}}