{"id":784164,"date":"2026-03-03T04:02:56","date_gmt":"2026-03-03T01:02:56","guid":{"rendered":"https:\/\/roveyayinevi.com.tr\/index.php\/urun\/cayirkusunun-feragati\/"},"modified":"2026-04-15T03:47:42","modified_gmt":"2026-04-15T00:47:42","slug":"cayirkusunun-feragati","status":"publish","type":"product","link":"https:\/\/roveyayinevi.com.tr\/index.php\/urun\/cayirkusunun-feragati\/","title":{"rendered":"\u00c7ay\u0131rku\u015funun Feragati"},"content":{"rendered":"<p>Bazen bir metin, insan\u0131n i\u00e7 \u00e2lemine g\u00f6ru\u0308nmez bir kap\u0131 aralar; okur, o kap\u0131dan ge\u00e7erken asl\u0131nda bir hik\u00e2yeye de\u011fil kendi varolu\u015funun kuytu b\u00f6lgelerine de ad\u0131m atar. Sad\u0131k Yals\u0131zu\u00e7anlar\u2019\u0131n anlat\u0131 du\u0308nyas\u0131, tam da bu e\u015fi\u011fin k\u0131y\u0131s\u0131nda ba\u015flar ve d\u0131\u015far\u0131dan bak\u0131ld\u0131\u011f\u0131nda sakin ve duru, i\u00e7ine girildik\u00e7e katman katman geni\u015fleyen, sezginin ve du\u0308\u015fu\u0308ncenin birbirine kar\u0131\u015ft\u0131\u011f\u0131 bir derinli\u011fe uzan\u0131r.\u00c7ay\u0131r Ku\u015funun Feragati, yirmiyi a\u015fk\u0131n hik\u00e2ye boyunca varl\u0131\u011f\u0131n ince titre\u015fimlerini, insan ruhunun gizli \u00e7atlaklar\u0131n\u0131, e\u015fyayla ve tabiatla kurdu\u011fumuz kadim ba\u011f\u0131 duyulur k\u0131l\u0131yor. Bir \u00e7ocu\u011fun topra\u011fa e\u011filen bak\u0131\u015f\u0131ndan bir psikiyatri odas\u0131nda \u00e7\u00f6zu\u0308lmeye ba\u015flayan yaralara, \u015fehir gu\u0308ru\u0308ltu\u0308su\u0308nu\u0308n i\u00e7inden su\u0308zu\u0308len yaln\u0131zl\u0131\u011fa ve belle\u011fin korunakl\u0131 s\u0131\u011f\u0131na\u011f\u0131na uzanan bu metinler; ac\u0131y\u0131, merhameti, feragati ve i\u00e7sel konu\u015fman\u0131n sakl\u0131 gu\u0308zelli\u011fini ta\u015f\u0131yor.Yals\u0131zu\u00e7anlar, modern Tu\u0308rk hik\u00e2yecili\u011finde kendine bu\u0308tu\u0308nu\u0308yle \u00f6zgu\u0308 bir hat a\u00e7an; irfan\u00ee duyarl\u0131\u011f\u0131 \u00e7a\u011fda\u015f anlat\u0131m bi\u00e7imleriyle bulu\u015fturan nadir yazarlardan. Onun metinlerinde gu\u0308ndelik olan, derinlikli bir sezgiyle d\u00f6nu\u0308\u015ftu\u0308ru\u0308lu\u0308r; s\u0131radan bir \u00e2n\u0131n i\u00e7ine insan\u0131n varolu\u015fsal a\u011f\u0131rl\u0131\u011f\u0131 yerle\u015fir. Bu kitap, Yals\u0131zu\u00e7anlar\u2019\u0131n edebiyat\u0131ndaki olgunlu\u011fu, inceli\u011fi ve ruhu i\u015fiten dili bu\u0308tu\u0308n a\u00e7\u0131kl\u0131\u011f\u0131yla ta\u015f\u0131yor.\u00c7ay\u0131r Ku\u015funun Feragati, bir \u00e7ay\u0131r ku\u015funun kanad\u0131ndan yu\u0308kselen o hafif ama kal\u0131c\u0131 titre\u015fim gibi okurun zihninde uzun su\u0308re yank\u0131 b\u0131rakan hik\u00e2yeler sunuyor. Her bir anlat\u0131, insan\u0131n kendini tan\u0131ma \u00e7abas\u0131na, anlam\u0131n k\u0131r\u0131ld\u0131\u011f\u0131 yerlerden yeniden do\u011fma ihtimaline usulca e\u015flik ediyor.<\/p>\n","protected":false},"excerpt":{"rendered":"<p>Bazen bir metin, insan\u0131n i\u00e7 \u00e2lemine g\u00f6ru\u0308nmez bir kap\u0131 aralar; okur, o kap\u0131dan ge\u00e7erken asl\u0131nda bir hik\u00e2yeye de\u011fil kendi varolu\u015funun kuytu b\u00f6lgelerine de ad\u0131m atar. Sad\u0131k<span class=\"excerpt-hellip\"> [\u2026]<\/span><\/p>\n","protected":false},"featured_media":0,"template":"","meta":{"_monsterinsights_skip_tracking":false,"_monsterinsights_sitenote_active":false,"_monsterinsights_sitenote_note":"","_monsterinsights_sitenote_category":0},"product_brand":[],"product_cat":[12291,18202],"product_tag":[],"class_list":{"0":"post-784164","1":"product","2":"type-product","3":"status-publish","5":"product_cat-edebiyat","6":"product_cat-hikaye","7":"pa_cilt-ciltsiz","8":"pa_tur-kitap","9":"pa_yayinevi-albaraka-yayinlari","10":"pa_yazar-sadik-yalsizucanlar","12":"first","13":"instock","14":"sale","15":"shipping-taxable","16":"purchasable","17":"product-type-simple"},"_links":{"self":[{"href":"https:\/\/roveyayinevi.com.tr\/index.php\/wp-json\/wp\/v2\/product\/784164","targetHints":{"allow":["GET"]}}],"collection":[{"href":"https:\/\/roveyayinevi.com.tr\/index.php\/wp-json\/wp\/v2\/product"}],"about":[{"href":"https:\/\/roveyayinevi.com.tr\/index.php\/wp-json\/wp\/v2\/types\/product"}],"wp:attachment":[{"href":"https:\/\/roveyayinevi.com.tr\/index.php\/wp-json\/wp\/v2\/media?parent=784164"}],"wp:term":[{"taxonomy":"product_brand","embeddable":true,"href":"https:\/\/roveyayinevi.com.tr\/index.php\/wp-json\/wp\/v2\/product_brand?post=784164"},{"taxonomy":"product_cat","embeddable":true,"href":"https:\/\/roveyayinevi.com.tr\/index.php\/wp-json\/wp\/v2\/product_cat?post=784164"},{"taxonomy":"product_tag","embeddable":true,"href":"https:\/\/roveyayinevi.com.tr\/index.php\/wp-json\/wp\/v2\/product_tag?post=784164"}],"curies":[{"name":"wp","href":"https:\/\/api.w.org\/{rel}","templated":true}]}}