{"id":784163,"date":"2026-03-03T04:02:53","date_gmt":"2026-03-03T01:02:53","guid":{"rendered":"https:\/\/roveyayinevi.com.tr\/index.php\/urun\/hitit-oykuleri-sagirkaya\/"},"modified":"2026-04-15T03:47:42","modified_gmt":"2026-04-15T00:47:42","slug":"hitit-oykuleri-sagirkaya","status":"publish","type":"product","link":"https:\/\/roveyayinevi.com.tr\/index.php\/urun\/hitit-oykuleri-sagirkaya\/","title":{"rendered":"Hitit \u00d6yk\u00fcleri: Sa\u011f\u0131rkaya"},"content":{"rendered":"<p>Bu kitap, \u201cHitit \u00d6yk\u00fcleri\u201d serisine ait bir eserdir. Anadolu\u2019nun kadim uygarl\u0131klar\u0131ndan Hititler d\u00f6nemini konu al\u0131r. Tarihi ve k\u00fclt\u00fcrel unsurlar\u0131 \u00f6yk\u00fc format\u0131nda anlatarak ge\u00e7mi\u015fi daha anla\u015f\u0131l\u0131r ve ak\u0131c\u0131 bir \u015fekilde okura sunar.<\/p>\n","protected":false},"excerpt":{"rendered":"<p>Bu kitap, \u201cHitit \u00d6yk\u00fcleri\u201d serisine ait bir eserdir. Anadolu\u2019nun kadim uygarl\u0131klar\u0131ndan Hititler d\u00f6nemini konu al\u0131r. Tarihi ve k\u00fclt\u00fcrel unsurlar\u0131 \u00f6yk\u00fc format\u0131nda anlatarak ge\u00e7mi\u015fi daha anla\u015f\u0131l\u0131r ve<span class=\"excerpt-hellip\"> [\u2026]<\/span><\/p>\n","protected":false},"featured_media":0,"template":"","meta":{"_monsterinsights_skip_tracking":false,"_monsterinsights_sitenote_active":false,"_monsterinsights_sitenote_note":"","_monsterinsights_sitenote_category":0},"product_brand":[],"product_cat":[12370,12304],"product_tag":[],"class_list":{"0":"post-784163","1":"product","2":"type-product","3":"status-publish","5":"product_cat-arastirma-inceleme","6":"product_cat-tarih","7":"pa_cilt-ciltsiz","8":"pa_tur-kitap","9":"pa_yayinevi-baris-kitap","10":"pa_yazar-zeynal-gul","12":"first","13":"instock","14":"sale","15":"shipping-taxable","16":"purchasable","17":"product-type-simple"},"_links":{"self":[{"href":"https:\/\/roveyayinevi.com.tr\/index.php\/wp-json\/wp\/v2\/product\/784163","targetHints":{"allow":["GET"]}}],"collection":[{"href":"https:\/\/roveyayinevi.com.tr\/index.php\/wp-json\/wp\/v2\/product"}],"about":[{"href":"https:\/\/roveyayinevi.com.tr\/index.php\/wp-json\/wp\/v2\/types\/product"}],"wp:attachment":[{"href":"https:\/\/roveyayinevi.com.tr\/index.php\/wp-json\/wp\/v2\/media?parent=784163"}],"wp:term":[{"taxonomy":"product_brand","embeddable":true,"href":"https:\/\/roveyayinevi.com.tr\/index.php\/wp-json\/wp\/v2\/product_brand?post=784163"},{"taxonomy":"product_cat","embeddable":true,"href":"https:\/\/roveyayinevi.com.tr\/index.php\/wp-json\/wp\/v2\/product_cat?post=784163"},{"taxonomy":"product_tag","embeddable":true,"href":"https:\/\/roveyayinevi.com.tr\/index.php\/wp-json\/wp\/v2\/product_tag?post=784163"}],"curies":[{"name":"wp","href":"https:\/\/api.w.org\/{rel}","templated":true}]}}