{"id":784162,"date":"2026-03-03T04:02:47","date_gmt":"2026-03-03T01:02:47","guid":{"rendered":"https:\/\/roveyayinevi.com.tr\/index.php\/urun\/senliklerin-icinden\/"},"modified":"2026-04-15T03:47:41","modified_gmt":"2026-04-15T00:47:41","slug":"senliklerin-icinden","status":"publish","type":"product","link":"https:\/\/roveyayinevi.com.tr\/index.php\/urun\/senliklerin-icinden\/","title":{"rendered":"\u015eenliklerin \u0130\u00e7inden"},"content":{"rendered":"<p>Eser; k\u00fclt\u00fcr, sanat ve edebiyat d\u00fcnyas\u0131na dair g\u00f6zlemlerden olu\u015fur. Hasan Akarsu, toplumsal olaylar\u0131, k\u00fclt\u00fcrel etkinlikleri ve edebi birikimi sade ve ak\u0131c\u0131 bir dille de\u011ferlendirir. Yaz\u0131larda hem d\u00fc\u015f\u00fcnsel analiz hem de an\u0131-tad\u0131nda anlat\u0131mlar yer al\u0131r.<\/p>\n","protected":false},"excerpt":{"rendered":"<p>Eser; k\u00fclt\u00fcr, sanat ve edebiyat d\u00fcnyas\u0131na dair g\u00f6zlemlerden olu\u015fur. Hasan Akarsu, toplumsal olaylar\u0131, k\u00fclt\u00fcrel etkinlikleri ve edebi birikimi sade ve ak\u0131c\u0131 bir dille de\u011ferlendirir. Yaz\u0131larda hem<span class=\"excerpt-hellip\"> [\u2026]<\/span><\/p>\n","protected":false},"featured_media":0,"template":"","meta":{"_monsterinsights_skip_tracking":false,"_monsterinsights_sitenote_active":false,"_monsterinsights_sitenote_note":"","_monsterinsights_sitenote_category":0},"product_brand":[],"product_cat":[12777,12291],"product_tag":[],"class_list":{"0":"post-784162","1":"product","2":"type-product","3":"status-publish","5":"product_cat-deneme","6":"product_cat-edebiyat","7":"pa_cilt-ciltsiz","8":"pa_tur-kitap","9":"pa_yayinevi-baris-kitap","10":"pa_yazar-hasan-akarsu","12":"first","13":"instock","14":"sale","15":"shipping-taxable","16":"purchasable","17":"product-type-simple"},"_links":{"self":[{"href":"https:\/\/roveyayinevi.com.tr\/index.php\/wp-json\/wp\/v2\/product\/784162","targetHints":{"allow":["GET"]}}],"collection":[{"href":"https:\/\/roveyayinevi.com.tr\/index.php\/wp-json\/wp\/v2\/product"}],"about":[{"href":"https:\/\/roveyayinevi.com.tr\/index.php\/wp-json\/wp\/v2\/types\/product"}],"wp:attachment":[{"href":"https:\/\/roveyayinevi.com.tr\/index.php\/wp-json\/wp\/v2\/media?parent=784162"}],"wp:term":[{"taxonomy":"product_brand","embeddable":true,"href":"https:\/\/roveyayinevi.com.tr\/index.php\/wp-json\/wp\/v2\/product_brand?post=784162"},{"taxonomy":"product_cat","embeddable":true,"href":"https:\/\/roveyayinevi.com.tr\/index.php\/wp-json\/wp\/v2\/product_cat?post=784162"},{"taxonomy":"product_tag","embeddable":true,"href":"https:\/\/roveyayinevi.com.tr\/index.php\/wp-json\/wp\/v2\/product_tag?post=784162"}],"curies":[{"name":"wp","href":"https:\/\/api.w.org\/{rel}","templated":true}]}}