{"id":784160,"date":"2026-03-03T04:02:41","date_gmt":"2026-03-03T01:02:41","guid":{"rendered":"https:\/\/roveyayinevi.com.tr\/index.php\/urun\/gayrimenkul-alaninda-disiplinlerarasi-yaklasimlar-tesis-yonetimi-ve-gelecegi\/"},"modified":"2026-04-15T03:47:38","modified_gmt":"2026-04-15T00:47:38","slug":"gayrimenkul-alaninda-disiplinlerarasi-yaklasimlar-tesis-yonetimi-ve-gelecegi","status":"publish","type":"product","link":"https:\/\/roveyayinevi.com.tr\/index.php\/urun\/gayrimenkul-alaninda-disiplinlerarasi-yaklasimlar-tesis-yonetimi-ve-gelecegi\/","title":{"rendered":"Gayrimenkul Alan\u0131nda Disiplinleraras\u0131 Yakla\u015f\u0131mlar Tesis Y\u00f6netimi Ve Gelece\u011fi"},"content":{"rendered":"<p>\u00b7 B\u00d6L\u00dcM I: STRATEJ\u0130K VE KURAMSAL \u00c7ER\u00c7EVE \u00b7 B\u00d6L\u00dcM II: S\u00dcRD\u00dcR\u00dcLEB\u0130L\u0130R VE DE\u011eER TEMELL\u0130 TES\u0130S Y\u00d6NET\u0130M\u0130: YE\u015e\u0130L YAPILAR, SERT\u0130F\u0130KASYON VE SA\u011eLIK TES\u0130SLER\u0130 \u00b7 B\u00d6L\u00dcM III: D\u0130J\u0130TAL VE TEKNOLOJ\u0130 TABANLI \u00c7\u00d6Z\u00dcMLER \u00b7 B\u00d6L\u00dcM IV: Y\u00d6NET\u0130\u015e\u0130M, R\u0130SK VE G\u00dcVENL\u0130K<\/p>\n","protected":false},"excerpt":{"rendered":"<p>\u00b7 B\u00d6L\u00dcM I: STRATEJ\u0130K VE KURAMSAL \u00c7ER\u00c7EVE \u00b7 B\u00d6L\u00dcM II: S\u00dcRD\u00dcR\u00dcLEB\u0130L\u0130R VE DE\u011eER TEMELL\u0130 TES\u0130S Y\u00d6NET\u0130M\u0130: YE\u015e\u0130L YAPILAR, SERT\u0130F\u0130KASYON VE SA\u011eLIK TES\u0130SLER\u0130 \u00b7 B\u00d6L\u00dcM III: D\u0130J\u0130TAL<span class=\"excerpt-hellip\"> [\u2026]<\/span><\/p>\n","protected":false},"featured_media":0,"template":"","meta":{"_monsterinsights_skip_tracking":false,"_monsterinsights_sitenote_active":false,"_monsterinsights_sitenote_note":"","_monsterinsights_sitenote_category":0},"product_brand":[],"product_cat":[13005,40995],"product_tag":[],"class_list":{"0":"post-784160","1":"product","2":"type-product","3":"status-publish","5":"product_cat-bilim-muhendislik","6":"product_cat-sosyal-bilimler","7":"pa_cilt-ciltsiz","8":"pa_tur-kitap","9":"pa_yayinevi-gazi-kitabevi","10":"pa_yazar-kolektif","12":"first","13":"instock","14":"sale","15":"shipping-taxable","16":"purchasable","17":"product-type-simple"},"_links":{"self":[{"href":"https:\/\/roveyayinevi.com.tr\/index.php\/wp-json\/wp\/v2\/product\/784160","targetHints":{"allow":["GET"]}}],"collection":[{"href":"https:\/\/roveyayinevi.com.tr\/index.php\/wp-json\/wp\/v2\/product"}],"about":[{"href":"https:\/\/roveyayinevi.com.tr\/index.php\/wp-json\/wp\/v2\/types\/product"}],"wp:attachment":[{"href":"https:\/\/roveyayinevi.com.tr\/index.php\/wp-json\/wp\/v2\/media?parent=784160"}],"wp:term":[{"taxonomy":"product_brand","embeddable":true,"href":"https:\/\/roveyayinevi.com.tr\/index.php\/wp-json\/wp\/v2\/product_brand?post=784160"},{"taxonomy":"product_cat","embeddable":true,"href":"https:\/\/roveyayinevi.com.tr\/index.php\/wp-json\/wp\/v2\/product_cat?post=784160"},{"taxonomy":"product_tag","embeddable":true,"href":"https:\/\/roveyayinevi.com.tr\/index.php\/wp-json\/wp\/v2\/product_tag?post=784160"}],"curies":[{"name":"wp","href":"https:\/\/api.w.org\/{rel}","templated":true}]}}