{"id":784158,"date":"2026-03-03T04:02:33","date_gmt":"2026-03-03T01:02:33","guid":{"rendered":"https:\/\/roveyayinevi.com.tr\/index.php\/urun\/gulun-actigi-gece\/"},"modified":"2026-04-15T03:47:37","modified_gmt":"2026-04-15T00:47:37","slug":"gulun-actigi-gece","status":"publish","type":"product","link":"https:\/\/roveyayinevi.com.tr\/index.php\/urun\/gulun-actigi-gece\/","title":{"rendered":"G\u00fcl\u00fcn A\u00e7t\u0131\u011f\u0131 Gece"},"content":{"rendered":"<p>\u00d6L\u00dcM YALNIZCA FAN\u0130LER \u0130\u00c7\u0130ND\u0130R. HAK\u0130KATE ERENLER \u0130\u00c7\u0130N NE DO\u011eUM OLUR NE DE \u00d6L\u00dcM!YA\u015eAMIN EN B\u00dcY\u00dcK SIRRI K\u00c2\u0130NATIN HER ZERRES\u0130NDE G\u0130ZL\u0130.\u201c\u015eu toprak kab\u0131 al getir bana.\u201d\u201c\u0130\u00e7i bo\u015f ama.\u201d\u201cKab\u0131n i\u00e7inde hava yok mu?\u201d\u201cVar.\u201d\u201c\u015eu an soludu\u011fun hava ile kab\u0131n i\u00e7indeki hava birbirinden ayr\u0131 m\u0131?\u201d\u201cHay\u0131r, ikisi de ayn\u0131 hava.\u201d\u201cDo\u011fru. Zahirde ayr\u0131 gibi g\u00f6r\u00fcnse de \u00f6zde ayn\u0131lar. Biz de b\u00f6yleyiz i\u015fte. Ruhlar\u0131m\u0131z bedenlerimizin i\u00e7inde t\u0131pk\u0131 bu toprak kab\u0131n i\u00e7indeki hava gibi hapistir. Her \u015feyin \u00f6z\u00fc ile ruhlar\u0131m\u0131z ayr\u0131 gibi g\u00f6r\u00fcnse de birdir. Ayn\u0131d\u0131r. Nas\u0131l ki varolan hava kab\u0131 kendili\u011finden dolduruyorsa, \u0130lahi Olan, Y\u00fcce Yaradan da bu ya\u015famda kulland\u0131\u011f\u0131m\u0131z, beden dedi\u011fimiz kaplar\u0131 doldurur b\u00f6yle. Bu nedenle varolan her \u015fey O\u2019dur. Her \u015fey O\u2019nun tecelli etmi\u015f bir formudur.\u201dT\u00fcm d\u00fcnyay\u0131 sarsacak bilimsel bir ke\u015ffin arifesinde olan \u015eirin \u00d6zdemir, \u00e7al\u0131\u015ft\u0131\u011f\u0131 laboratuvar sald\u0131r\u0131ya u\u011fray\u0131nca a\u011f\u0131r bir su\u00e7lamayla kar\u015f\u0131 kar\u015f\u0131ya kal\u0131r. Hem kendini temize \u00e7\u0131karmak hem de pe\u015findekilerin elinden kurtulup Hall\u00e2c-\u0131 Mans\u00fbr\u2019un kay\u0131p elyazmalar\u0131n\u0131n izini s\u00fcrmek i\u00e7in Profes\u00f6r Algan Ataman\u2019a ula\u015fmak zorundad\u0131r. Bu eser, t\u00fcm inan\u00e7 sistemlerinin egemenli\u011fini derinden sarsacak bir s\u0131rr\u0131 bar\u0131nd\u0131rmaktad\u0131r. Pe\u015flerindeki istihbarat servisleri ve ac\u0131mas\u0131z katille nefes kesen bir \u00f6l\u00fcm kal\u0131m m\u00fccadelesine giri\u015fen ikili, \u00f6te yandan gizlenen bir tarihe \u015fahitlik edecektir.Ba\u015fak Sayan, d\u00f6rd\u00fcnc\u00fc roman\u0131 Nig\u00e2hdar\u2019\u0131n ard\u0131ndan bu kez G\u00fcl\u00fcn A\u00e7t\u0131\u011f\u0131 Gece ile okurlar\u0131n\u0131; \u015eems-i Tebrizi\u2019nin gizlenen kimli\u011finin, Alamut ve efendilerinin az bilinen tarihinin derinliklerine s\u00fcr\u00fckl\u00fcyor. Bir kez daha bilim, felsefe, din ve mistisizmin s\u0131n\u0131rlar\u0131nda gezdirerek t\u00fcm disiplinlerin birbiriyle olan ili\u015fkisini g\u00f6zler \u00f6n\u00fcne seriyor.\u201cYa asl\u0131nda evren dedi\u011fimiz \u015fey Tanr\u0131\u2019n\u0131n ta kendisi ise?\u201d\u201cBir insan\u0131n \u00e7\u0131kaca\u011f\u0131 en zorlu yolculuk kendi i\u00e7ine do\u011fru oland\u0131r.\u201d\u201cMum olmak kolay de\u011fildir. I\u015f\u0131k sa\u00e7mak i\u00e7in \u00f6nce yanmak gerekir.\u201d\u201cAlt\u0131n olsam de\u011ferimi herkes bilirdi. Ben basit bir demirim, de\u011ferimi sadece anlayan bilir.\u201d\u201cDil s\u0131n\u0131rl\u0131d\u0131r, hakikat ise s\u0131n\u0131rs\u0131z. S\u0131n\u0131rs\u0131z bir hakikati s\u0131n\u0131rl\u0131 bir ara\u00e7la nas\u0131l anlatabilirsin?\u201d\u201cYery\u00fcz\u00fcnde \u015fu \u00e2na kadar yaz\u0131lmam\u0131\u015f \u00fc\u00e7 kitap vard\u0131r: Biri hakikatin aynas\u0131, biri a\u015fk\u0131n ate\u015fi, biri ise g\u00f6m\u00fcl\u00fcd\u00fcr.\u201d<\/p>\n","protected":false},"excerpt":{"rendered":"<p>\u00d6L\u00dcM YALNIZCA FAN\u0130LER \u0130\u00c7\u0130ND\u0130R. HAK\u0130KATE ERENLER \u0130\u00c7\u0130N NE DO\u011eUM OLUR NE DE \u00d6L\u00dcM!YA\u015eAMIN EN B\u00dcY\u00dcK SIRRI K\u00c2\u0130NATIN HER ZERRES\u0130NDE G\u0130ZL\u0130.\u201c\u015eu toprak kab\u0131 al getir bana.\u201d\u201c\u0130\u00e7i bo\u015f<span class=\"excerpt-hellip\"> [\u2026]<\/span><\/p>\n","protected":false},"featured_media":0,"template":"","meta":{"_monsterinsights_skip_tracking":false,"_monsterinsights_sitenote_active":false,"_monsterinsights_sitenote_note":"","_monsterinsights_sitenote_category":0},"product_brand":[],"product_cat":[12291,12711],"product_tag":[],"class_list":{"0":"post-784158","1":"product","2":"type-product","3":"status-publish","5":"product_cat-edebiyat","6":"product_cat-roman-oyku","7":"pa_cilt-ciltsiz","8":"pa_tur-kitap","9":"pa_yayinevi-ithaki-yayinlari","10":"pa_yazar-basak-sayan","12":"first","13":"instock","14":"sale","15":"shipping-taxable","16":"purchasable","17":"product-type-simple"},"_links":{"self":[{"href":"https:\/\/roveyayinevi.com.tr\/index.php\/wp-json\/wp\/v2\/product\/784158","targetHints":{"allow":["GET"]}}],"collection":[{"href":"https:\/\/roveyayinevi.com.tr\/index.php\/wp-json\/wp\/v2\/product"}],"about":[{"href":"https:\/\/roveyayinevi.com.tr\/index.php\/wp-json\/wp\/v2\/types\/product"}],"wp:attachment":[{"href":"https:\/\/roveyayinevi.com.tr\/index.php\/wp-json\/wp\/v2\/media?parent=784158"}],"wp:term":[{"taxonomy":"product_brand","embeddable":true,"href":"https:\/\/roveyayinevi.com.tr\/index.php\/wp-json\/wp\/v2\/product_brand?post=784158"},{"taxonomy":"product_cat","embeddable":true,"href":"https:\/\/roveyayinevi.com.tr\/index.php\/wp-json\/wp\/v2\/product_cat?post=784158"},{"taxonomy":"product_tag","embeddable":true,"href":"https:\/\/roveyayinevi.com.tr\/index.php\/wp-json\/wp\/v2\/product_tag?post=784158"}],"curies":[{"name":"wp","href":"https:\/\/api.w.org\/{rel}","templated":true}]}}