{"id":784156,"date":"2026-03-03T04:02:28","date_gmt":"2026-03-03T01:02:28","guid":{"rendered":"https:\/\/roveyayinevi.com.tr\/index.php\/urun\/bir-panik-ataklinin-gunlugu\/"},"modified":"2026-04-15T03:47:37","modified_gmt":"2026-04-15T00:47:37","slug":"bir-panik-ataklinin-gunlugu","status":"publish","type":"product","link":"https:\/\/roveyayinevi.com.tr\/index.php\/urun\/bir-panik-ataklinin-gunlugu\/","title":{"rendered":"Bir Panik Atakl\u0131n\u0131n G\u00fcnl\u00fc\u011f\u00fc"},"content":{"rendered":"<p>PAN\u0130K ATAK, KALB\u0130N DE\u011e\u0130L HAYATIN SIKI\u015eMASIDIR.Bir g\u00fcn beden \u201cDur!\u201d der. Ne zaman, nerede ve neden oldu\u011funu sormaz.Kalp h\u0131zlan\u0131r.Nefes daral\u0131r.D\u00fcnya bir anda k\u00fc\u00e7\u00fcl\u00fcr&#8230;Panik atak b\u00f6yle ba\u015flar. Sessiz, ani ve hayat\u0131n tam ortas\u0131nda.Ay\u015feg\u00fcl G\u00fcns\u00fcr, bu kitapta y\u0131llarca s\u00fcren panik atak m\u00fccadelesini t\u00fcm \u00e7\u0131plakl\u0131\u011f\u0131yla anlat\u0131yor. Hastane koridorlar\u0131, yanl\u0131\u015f te\u015fhisler, ila\u00e7lar, korkular, evlilik, i\u015f hayat\u0131 ve \u201cher \u015fey yolundayken\u201d gelen krizler&#8230;Bir Panik Atakl\u0131n\u0131n G\u00fcnl\u00fc\u011f\u00fc, panik ata\u011f\u0131 uzaktan anlatan bir rehber de\u011fil; onu ya\u015fayan bir kad\u0131n\u0131n i\u00e7eriden, filtresiz tan\u0131kl\u0131\u011f\u0131.Bu kitapta, panik ata\u011f\u0131n bedende ve zihinde nas\u0131l ba\u015flad\u0131\u011f\u0131n\u0131, insanlar\u0131 nas\u0131l yaln\u0131zla\u015ft\u0131rd\u0131\u011f\u0131n\u0131, hayat\u0131 nas\u0131l par\u00e7a par\u00e7a daraltt\u0131\u011f\u0131n\u0131 ve bir insan\u0131n kendini bu karanl\u0131\u011f\u0131n i\u00e7inde nas\u0131l aramaya ba\u015flad\u0131\u011f\u0131n\u0131 okuyacaks\u0131n\u0131z.E\u011fer siz de \u201cKalbim duracak gibi oluyor!\u201d \u201cBay\u0131laca\u011f\u0131m!\u201d \u201cKimse beni anlam\u0131yor!\u201d diyenlerdenseniz bu kitap size \u015funu f\u0131s\u0131ld\u0131yor:Yaln\u0131z de\u011filsin. Ve bu bir kader de\u011fil.<\/p>\n","protected":false},"excerpt":{"rendered":"<p>PAN\u0130K ATAK, KALB\u0130N DE\u011e\u0130L HAYATIN SIKI\u015eMASIDIR.Bir g\u00fcn beden \u201cDur!\u201d der. Ne zaman, nerede ve neden oldu\u011funu sormaz.Kalp h\u0131zlan\u0131r.Nefes daral\u0131r.D\u00fcnya bir anda k\u00fc\u00e7\u00fcl\u00fcr&#8230;Panik atak b\u00f6yle ba\u015flar. Sessiz,<span class=\"excerpt-hellip\"> [\u2026]<\/span><\/p>\n","protected":false},"featured_media":0,"template":"","meta":{"_monsterinsights_skip_tracking":false,"_monsterinsights_sitenote_active":false,"_monsterinsights_sitenote_note":"","_monsterinsights_sitenote_category":0},"product_brand":[],"product_cat":[141304],"product_tag":[],"class_list":{"0":"post-784156","1":"product","2":"type-product","3":"status-publish","5":"product_cat-yeni-cikanlar","6":"pa_cilt-ciltsiz","7":"pa_tur-kitap","8":"pa_yayinevi-destek-yayinlari","9":"pa_yazar-aysegul-gunsur","11":"first","12":"instock","13":"sale","14":"shipping-taxable","15":"purchasable","16":"product-type-simple"},"_links":{"self":[{"href":"https:\/\/roveyayinevi.com.tr\/index.php\/wp-json\/wp\/v2\/product\/784156","targetHints":{"allow":["GET"]}}],"collection":[{"href":"https:\/\/roveyayinevi.com.tr\/index.php\/wp-json\/wp\/v2\/product"}],"about":[{"href":"https:\/\/roveyayinevi.com.tr\/index.php\/wp-json\/wp\/v2\/types\/product"}],"wp:attachment":[{"href":"https:\/\/roveyayinevi.com.tr\/index.php\/wp-json\/wp\/v2\/media?parent=784156"}],"wp:term":[{"taxonomy":"product_brand","embeddable":true,"href":"https:\/\/roveyayinevi.com.tr\/index.php\/wp-json\/wp\/v2\/product_brand?post=784156"},{"taxonomy":"product_cat","embeddable":true,"href":"https:\/\/roveyayinevi.com.tr\/index.php\/wp-json\/wp\/v2\/product_cat?post=784156"},{"taxonomy":"product_tag","embeddable":true,"href":"https:\/\/roveyayinevi.com.tr\/index.php\/wp-json\/wp\/v2\/product_tag?post=784156"}],"curies":[{"name":"wp","href":"https:\/\/api.w.org\/{rel}","templated":true}]}}