{"id":784153,"date":"2026-03-03T04:02:17","date_gmt":"2026-03-03T01:02:17","guid":{"rendered":"https:\/\/roveyayinevi.com.tr\/index.php\/urun\/kargalar-arasinda\/"},"modified":"2026-04-15T03:47:36","modified_gmt":"2026-04-15T00:47:36","slug":"kargalar-arasinda","status":"publish","type":"product","link":"https:\/\/roveyayinevi.com.tr\/index.php\/urun\/kargalar-arasinda\/","title":{"rendered":"Kargalar Aras\u0131nda"},"content":{"rendered":"<p>\u201cKILICI TA\u015eIYAN ONUN ACISINI DA TA\u015eIR.\u201d Ac\u0131, Dymitr\u2019in kaderiydi. Ailesi, canavarlar\u0131 \u00f6ld\u00fcrmek u\u011fruna ruh\u00aclar\u0131n\u0131 feda eden avc\u0131lar\u0131n k\u00f6kl\u00fc soyundan geliyordu. \u015eimdi ise ona \u00f6l\u00fcmc\u00fcl bir g\u00f6rev verilmi\u015fti: Efsanevi cad\u0131 Baba Jaga\u2019y\u0131 bulmak. Ve Dymitr, ona ula\u015fabilmek u\u011fruna, \u00f6ld\u00fcrmeye yemin etti\u011fi ki\u015filerle ittifak kurmak zorundayd\u0131. Ac\u0131, Ala\u2019n\u0131n miras\u0131yd\u0131. Korkuyla beslenen bir zmora olarak kaybe\u00acdecek neredeyse hi\u00e7bir \u015feyi kalmam\u0131\u015ft\u0131. Ta\u015f\u0131d\u0131\u011f\u0131 lanet y\u00fcz\u00fcnden \u00f6l\u00fcm\u00fc bekliyordu. Dymitr \u2013onun yard\u0131m\u0131 kar\u015f\u0131l\u0131\u011f\u0131nda\u2013 lanetine bir \u00e7are teklif etti\u011finde kabul etmekten ba\u015fka bir se\u00e7ene\u011fi yoktu. Chicago yeralt\u0131 d\u00fcnyas\u0131n\u0131n gazab\u0131na kar\u015f\u0131 sava\u015fmak i\u00e7in zamanlar\u0131 k\u0131s\u0131tl\u0131yd\u0131. Ancak bilmedikleri bir \u015fey vard\u0131: Onlar\u0131 as\u0131l y\u0131k\u0131ma g\u00f6t\u00fc\u00acrecek \u015fey Dymitr\u2019in ger\u00e7ek niyeti ve saklad\u0131\u011f\u0131 s\u0131rlard\u0131. \u201cB\u00fcy\u00fcleyici&#8230; Roth, \u00e7e\u015fitli mitolojik yarat\u0131klarla dolu, etkileyici bir d\u00fcnya kuruyor; yo\u011fun aksiyon sahneleri ve karakter geli\u015fimlerinin ya\u015fand\u0131\u011f\u0131 samimi anlar\u0131 harmanlayarak sayfalar\u0131n su gibi h\u0131zla akmas\u0131n\u0131 sa\u011fl\u0131yor.\u201d \u2014 PUBLISHERS WEEKLY\u201cZarif, g\u00f6rkemli ve \u00f6te d\u00fcnyaya ait bir \u00f6zlemle dolu bu modern masal; adalet ve a\u015fk u\u011fruna ta\u015f\u0131d\u0131\u011f\u0131m\u0131z y\u00fckleri anlatan, ola\u011fan\u00fcst\u00fc derecede b\u00fcy\u00fcleyici bir hik\u00e2ye.\u201d\u2014 OLIVIA BLAKE\u201cMasal tutkunlar\u0131 bu yeni modern fantastikle \u00e2deta ziyafet \u00e7ekecek. Roth, Slav efsanesi Baba Jaga\u2019ya yepyeni bir yorum getirerek canavarlar, \u015f\u00f6valyeler ve cad\u0131larla dolu b\u00fcy\u00fcleyici bir d\u00fcnya kuruyor.\u201d\u2014 ENTERTAINMENT WEEKLY\u201cVah\u015fi ve pervas\u0131z; Kargalar Aras\u0131nda zengin bir aksiyon, romantizm, aile dram\u0131 ve bolca mitolojiyle harmanlanm\u0131\u015f bir eser.\u201d\u2014 ASSOCIATED PRESS\u201cMitlerle beraber b\u00fcy\u00fcn\u00fcn en derin katmanlar\u0131na inen Roth, son derece insani bir \u00f6zlemle dolu ve ba\u015ftan \u00e7\u0131kar\u0131c\u0131 derecede tuhaf bir gizem yaratm\u0131\u015f.\u201d\u2014 LEIGH BARDUGO\u201cMerak uyand\u0131r\u0131c\u0131 derecede \u00fcrk\u00fct\u00fcc\u00fc bir folklor, macerayla ve karanl\u0131k s\u00fcrprizlerle kusursuz bir \u015fekilde harmanlanm\u0131\u015f.\u201d\u2014 HOLLY BLACK\u201cBu k\u0131sa ve atmosferik kitap, bazen az olan\u0131n asl\u0131nda ne kadar \u00e7ok oldu\u011funu kan\u0131tl\u0131yor.\u201d\u2014 KIRKUS REVIEWS\u201cRoth\u2019un kaleme ald\u0131\u011f\u0131 novella Polonya folkloruyla, hayal g\u00fcc\u00fc y\u00fcksek anlat\u0131m\u0131yla ve g\u00fc\u00e7l\u00fc tasvirlerle dolu. Modern masallar\u0131 ve fantastik hik\u00e2yeleri sevenler bunu ka\u00e7\u0131rmamal\u0131.\u201d\u2014 LIBRARY JOURNALUyar\u0131: Yeti\u015fkin okurlar i\u00e7indir.<\/p>\n","protected":false},"excerpt":{"rendered":"<p>\u201cKILICI TA\u015eIYAN ONUN ACISINI DA TA\u015eIR.\u201d Ac\u0131, Dymitr\u2019in kaderiydi. Ailesi, canavarlar\u0131 \u00f6ld\u00fcrmek u\u011fruna ruh\u00aclar\u0131n\u0131 feda eden avc\u0131lar\u0131n k\u00f6kl\u00fc soyundan geliyordu. \u015eimdi ise ona \u00f6l\u00fcmc\u00fcl bir g\u00f6rev<span class=\"excerpt-hellip\"> [\u2026]<\/span><\/p>\n","protected":false},"featured_media":0,"template":"","meta":{"_monsterinsights_skip_tracking":false,"_monsterinsights_sitenote_active":false,"_monsterinsights_sitenote_note":"","_monsterinsights_sitenote_category":0},"product_brand":[],"product_cat":[12291,14777],"product_tag":[],"class_list":{"0":"post-784153","1":"product","2":"type-product","3":"status-publish","5":"product_cat-edebiyat","6":"product_cat-fantastik","7":"pa_cilt-ciltsiz","8":"pa_tur-kitap","9":"pa_yayinevi-yabanci-yayinevi","10":"pa_yazar-veronica-roth","12":"first","13":"instock","14":"sale","15":"shipping-taxable","16":"purchasable","17":"product-type-simple"},"_links":{"self":[{"href":"https:\/\/roveyayinevi.com.tr\/index.php\/wp-json\/wp\/v2\/product\/784153","targetHints":{"allow":["GET"]}}],"collection":[{"href":"https:\/\/roveyayinevi.com.tr\/index.php\/wp-json\/wp\/v2\/product"}],"about":[{"href":"https:\/\/roveyayinevi.com.tr\/index.php\/wp-json\/wp\/v2\/types\/product"}],"wp:attachment":[{"href":"https:\/\/roveyayinevi.com.tr\/index.php\/wp-json\/wp\/v2\/media?parent=784153"}],"wp:term":[{"taxonomy":"product_brand","embeddable":true,"href":"https:\/\/roveyayinevi.com.tr\/index.php\/wp-json\/wp\/v2\/product_brand?post=784153"},{"taxonomy":"product_cat","embeddable":true,"href":"https:\/\/roveyayinevi.com.tr\/index.php\/wp-json\/wp\/v2\/product_cat?post=784153"},{"taxonomy":"product_tag","embeddable":true,"href":"https:\/\/roveyayinevi.com.tr\/index.php\/wp-json\/wp\/v2\/product_tag?post=784153"}],"curies":[{"name":"wp","href":"https:\/\/api.w.org\/{rel}","templated":true}]}}