{"id":784152,"date":"2026-03-03T04:02:13","date_gmt":"2026-03-03T01:02:13","guid":{"rendered":"https:\/\/roveyayinevi.com.tr\/index.php\/urun\/bolivya-gunlugu\/"},"modified":"2026-04-15T03:47:36","modified_gmt":"2026-04-15T00:47:36","slug":"bolivya-gunlugu","status":"publish","type":"product","link":"https:\/\/roveyayinevi.com.tr\/index.php\/urun\/bolivya-gunlugu\/","title":{"rendered":"Bolivya G\u00fcnl\u00fc\u011f\u00fc"},"content":{"rendered":"<p>Bolivya G\u00fcnl\u00fc\u011f\u00fc, zafere ula\u015fm\u0131\u015f bir devrimin de\u011fil, son \u00e2na kadar korunmu\u015f bir devrimci iradenin kayd\u0131d\u0131r. Che Guevara\u2019n\u0131n bu g\u00fcnl\u00fc\u011f\u00fc, y\u00fczeysel sloganlar\u0131n \u00f6tesine ge\u00e7en bir sadakatin belgesi olarak tarihte yerini al\u0131r. Burada Che, pop\u00fcler afi\u015flerdeki ikon h\u00e2linden farkl\u0131d\u0131r; ast\u0131m\u0131yla m\u00fccadele eden, a\u00e7l\u0131\u011fa direnen, yaln\u0131z kalmay\u0131 g\u00f6ze alan bir devrimci olarak kar\u015f\u0131m\u0131za \u00e7\u0131kar. Onun i\u00e7in Bolivya k\u0131rsal\u0131nda m\u00fccadele eden sadece k\u00fc\u00e7\u00fck bir gerilla birli\u011fi de\u011fildir, vazge\u00e7meyi reddeden bir irade ad\u0131m ad\u0131m yol almaktad\u0131r. Sayfalar ilerledik\u00e7e devrim, romantik bir vaat olmaktan \u00e7\u0131kar ve bilin\u00e7li bir \u0131srara d\u00f6n\u00fc\u015f\u00fcr. \u015eartlar a\u011f\u0131rla\u015ft\u0131k\u00e7a, kadrolar da\u011f\u0131ld\u0131k\u00e7a, halk sessiz kald\u0131k\u00e7a Che\u2019nin tavr\u0131 daha da berrakla\u015f\u0131r: Geri ad\u0131m atmamak! Metnin as\u0131l g\u00fcc\u00fc de burada yatar. Devrimin neden ger\u00e7ekle\u015fmedi\u011fi aktar\u0131l\u0131rken, devrimci ruhun neden terk edilmedi\u011fi de a\u00e7\u0131k\u00e7a g\u00f6zler \u00f6n\u00fcne serilir. Che, her sat\u0131r\u0131 ya\u015fad\u0131\u011f\u0131 gibi yazar: m\u00fctevaz\u0131, d\u00fcr\u00fcst ve cesur. Alk\u0131\u015f beklemeden, kendini y\u00fcceltmeden, ger\u00e7eklere ba\u011fl\u0131l\u0131\u011f\u0131n\u0131 yitirmeden.  Somut sonu\u00e7lara indirgenemeyecek bir ba\u011fl\u0131l\u0131\u011f\u0131n, bedeli \u00f6denmi\u015f bir y\u00fcr\u00fcy\u00fc\u015f\u00fcn notlar\u0131ndan olu\u015fur bu metin, m\u00fcesses nizam\u0131n kar\u015f\u0131s\u0131nda dimdik durmay\u0131 se\u00e7mi\u015f bir bilincin kayd\u0131d\u0131r. Ve tam da bu y\u00fczden Bolivya G\u00fcnl\u00fc\u011f\u00fc, bir yenilginin belgesi olmaktan \u00e7\u0131kar, ko\u015fullar ne olursa olsun teslim olmayan bir devrimci iradenin a\u00e7\u0131k bir meydan okumas\u0131na d\u00f6n\u00fc\u015f\u00fcr.<\/p>\n","protected":false},"excerpt":{"rendered":"<p>Bolivya G\u00fcnl\u00fc\u011f\u00fc, zafere ula\u015fm\u0131\u015f bir devrimin de\u011fil, son \u00e2na kadar korunmu\u015f bir devrimci iradenin kayd\u0131d\u0131r. Che Guevara\u2019n\u0131n bu g\u00fcnl\u00fc\u011f\u00fc, y\u00fczeysel sloganlar\u0131n \u00f6tesine ge\u00e7en bir sadakatin belgesi<span class=\"excerpt-hellip\"> [\u2026]<\/span><\/p>\n","protected":false},"featured_media":0,"template":"","meta":{"_monsterinsights_skip_tracking":false,"_monsterinsights_sitenote_active":false,"_monsterinsights_sitenote_note":"","_monsterinsights_sitenote_category":0},"product_brand":[],"product_cat":[13701,12291],"product_tag":[],"class_list":{"0":"post-784152","1":"product","2":"type-product","3":"status-publish","5":"product_cat-ani-mektup-gunluk","6":"product_cat-edebiyat","7":"pa_cilt-ciltsiz","8":"pa_tur-kitap","9":"pa_yayinevi-minotor-kitap","10":"pa_yazar-ernesto-che-guevara","12":"first","13":"instock","14":"sale","15":"shipping-taxable","16":"purchasable","17":"product-type-simple"},"_links":{"self":[{"href":"https:\/\/roveyayinevi.com.tr\/index.php\/wp-json\/wp\/v2\/product\/784152","targetHints":{"allow":["GET"]}}],"collection":[{"href":"https:\/\/roveyayinevi.com.tr\/index.php\/wp-json\/wp\/v2\/product"}],"about":[{"href":"https:\/\/roveyayinevi.com.tr\/index.php\/wp-json\/wp\/v2\/types\/product"}],"wp:attachment":[{"href":"https:\/\/roveyayinevi.com.tr\/index.php\/wp-json\/wp\/v2\/media?parent=784152"}],"wp:term":[{"taxonomy":"product_brand","embeddable":true,"href":"https:\/\/roveyayinevi.com.tr\/index.php\/wp-json\/wp\/v2\/product_brand?post=784152"},{"taxonomy":"product_cat","embeddable":true,"href":"https:\/\/roveyayinevi.com.tr\/index.php\/wp-json\/wp\/v2\/product_cat?post=784152"},{"taxonomy":"product_tag","embeddable":true,"href":"https:\/\/roveyayinevi.com.tr\/index.php\/wp-json\/wp\/v2\/product_tag?post=784152"}],"curies":[{"name":"wp","href":"https:\/\/api.w.org\/{rel}","templated":true}]}}