{"id":784151,"date":"2026-03-03T04:02:09","date_gmt":"2026-03-03T01:02:09","guid":{"rendered":"https:\/\/roveyayinevi.com.tr\/index.php\/urun\/ayi-ile-kus-3-dev-macera-ve-diger-oykuler\/"},"modified":"2026-04-15T03:47:36","modified_gmt":"2026-04-15T00:47:36","slug":"ayi-ile-kus-3-dev-macera-ve-diger-oykuler","status":"publish","type":"product","link":"https:\/\/roveyayinevi.com.tr\/index.php\/urun\/ayi-ile-kus-3-dev-macera-ve-diger-oykuler\/","title":{"rendered":"Ay\u0131 ile Ku\u015f 3: Dev Macera ve Di\u011fer \u00d6yk\u00fcler"},"content":{"rendered":"<p>\u00d6d\u00fcll\u00fc yazar ve \u00e7izer Jarvis\u2019in ince mizah\u0131 ve kar\u015f\u0131 konulmaz \u00e7izimleri,okumaya yeni ba\u015flayan minikleri zamans\u0131z bir dostlu\u011fa davet ediyor. En iyi arkada\u015flar iyi g\u00fcnde de, k\u00f6t\u00fc g\u00fcnde de birbirinin yan\u0131nda olur.Ay\u0131 ve Ku\u015f, olumlu ve olumsuz duygulara odaklanan bu d\u00f6rt hik\u00e2yelik derlemede dostluk, ke\u015fif, komiklik ve hayal g\u00fcc\u00fc dolu maceralarla geri d\u00f6n\u00fcyor.<\/p>\n","protected":false},"excerpt":{"rendered":"<p>\u00d6d\u00fcll\u00fc yazar ve \u00e7izer Jarvis\u2019in ince mizah\u0131 ve kar\u015f\u0131 konulmaz \u00e7izimleri,okumaya yeni ba\u015flayan minikleri zamans\u0131z bir dostlu\u011fa davet ediyor. En iyi arkada\u015flar iyi g\u00fcnde de, k\u00f6t\u00fc<span class=\"excerpt-hellip\"> [\u2026]<\/span><\/p>\n","protected":false},"featured_media":0,"template":"","meta":{"_monsterinsights_skip_tracking":false,"_monsterinsights_sitenote_active":false,"_monsterinsights_sitenote_note":"","_monsterinsights_sitenote_category":0},"product_brand":[],"product_cat":[12274,12284],"product_tag":[],"class_list":{"0":"post-784151","1":"product","2":"type-product","3":"status-publish","5":"product_cat-cocuk-ve-genclik-kitaplari","6":"product_cat-hikayeler","7":"pa_cilt-ciltsiz","8":"pa_tur-kitap","9":"pa_yayinevi-ithaki-yayinlari","10":"pa_yazar-jarvis","12":"first","13":"instock","14":"sale","15":"shipping-taxable","16":"purchasable","17":"product-type-simple"},"_links":{"self":[{"href":"https:\/\/roveyayinevi.com.tr\/index.php\/wp-json\/wp\/v2\/product\/784151","targetHints":{"allow":["GET"]}}],"collection":[{"href":"https:\/\/roveyayinevi.com.tr\/index.php\/wp-json\/wp\/v2\/product"}],"about":[{"href":"https:\/\/roveyayinevi.com.tr\/index.php\/wp-json\/wp\/v2\/types\/product"}],"wp:attachment":[{"href":"https:\/\/roveyayinevi.com.tr\/index.php\/wp-json\/wp\/v2\/media?parent=784151"}],"wp:term":[{"taxonomy":"product_brand","embeddable":true,"href":"https:\/\/roveyayinevi.com.tr\/index.php\/wp-json\/wp\/v2\/product_brand?post=784151"},{"taxonomy":"product_cat","embeddable":true,"href":"https:\/\/roveyayinevi.com.tr\/index.php\/wp-json\/wp\/v2\/product_cat?post=784151"},{"taxonomy":"product_tag","embeddable":true,"href":"https:\/\/roveyayinevi.com.tr\/index.php\/wp-json\/wp\/v2\/product_tag?post=784151"}],"curies":[{"name":"wp","href":"https:\/\/api.w.org\/{rel}","templated":true}]}}