{"id":784149,"date":"2026-03-03T04:02:05","date_gmt":"2026-03-03T01:02:05","guid":{"rendered":"https:\/\/roveyayinevi.com.tr\/index.php\/urun\/47-numarali-kamara\/"},"modified":"2026-04-15T03:47:36","modified_gmt":"2026-04-15T00:47:36","slug":"47-numarali-kamara","status":"publish","type":"product","link":"https:\/\/roveyayinevi.com.tr\/index.php\/urun\/47-numarali-kamara\/","title":{"rendered":"47 Numaral\u0131 Kamara"},"content":{"rendered":"<p>Otuz y\u0131l\u0131 a\u015fan hizmetinin ard\u0131ndan hurdaya ayr\u0131lacak olan Efes gemisi, Akdeniz\u2019den \u0130stanbul\u2019a uzanan son yolculu\u011funu ger\u00e7ekle\u015ftirmektedir. Iss\u0131z koridorlar\u0131, bo\u015f kamaralar\u0131 ve bir avu\u00e7 yolcusuyla yol alan gemide, ayn\u0131 masaya oturanlar aras\u0131nda g\u00f6r\u00fcnenden fazlas\u0131 vard\u0131r: \u00dcnl\u00fc yazar Hikmet Bey, onun kalemini ta\u015f\u0131yan asistan\u0131 Murat ve suyun karanl\u0131\u011f\u0131na g\u00f6m\u00fclm\u00fc\u015f bir s\u0131r&#8230; Her \u015feyi en ince ayr\u0131nt\u0131s\u0131na kadar g\u00f6ren anlat\u0131c\u0131, bu tekinsiz yolculu\u011fun sonunda ger\u00e7ekle kurgu aras\u0131ndaki s\u0131n\u0131rlar\u0131 kald\u0131ran, \u00e7\u00f6z\u00fclmesi g\u00fc\u00e7 bir oyun kurar.47 Numaral\u0131 Kamara; kimli\u011fin, ba\u015far\u0131n\u0131n ve a\u015fk\u0131n ne kadar\u0131n\u0131n bize ait oldu\u011funu sorgulatan bir hayalet hik\u00e2yesi. \u201cArt\u0131k hayal k\u0131r\u0131kl\u0131klar\u0131n\u0131n en k\u00f6tu\u0308su\u0308ne bile al\u0131\u015fm\u0131\u015f olmas\u0131 gerekirdi ama \u00f6yle de\u011fildi i\u015fte, her seferinde yeniden i\u00e7inden bir \u015fey kopup eksiliyordu. Hi\u00e7 olmazsa can\u0131 yanm\u0131yordu uzun su\u0308redir, fiziksel ac\u0131lar kadar, i\u00e7indeki s\u0131z\u0131lar da anlam\u0131n\u0131 yitirmeye ba\u015flam\u0131\u015ft\u0131. Sadece beyaz bo\u015fluk vard\u0131, art\u0131k daha fazla bu\u0308yu\u0308yemeyece\u011fini du\u0308\u015fu\u0308ndu\u0308\u011fu\u0308 anda ikiye katlan\u0131yor, pasl\u0131 di\u015fleriyle onu defalarca \u00e7i\u011fniyor, yutuyor ve sindiriyordu.\u201d<\/p>\n","protected":false},"excerpt":{"rendered":"<p>Otuz y\u0131l\u0131 a\u015fan hizmetinin ard\u0131ndan hurdaya ayr\u0131lacak olan Efes gemisi, Akdeniz\u2019den \u0130stanbul\u2019a uzanan son yolculu\u011funu ger\u00e7ekle\u015ftirmektedir. Iss\u0131z koridorlar\u0131, bo\u015f kamaralar\u0131 ve bir avu\u00e7 yolcusuyla yol alan<span class=\"excerpt-hellip\"> [\u2026]<\/span><\/p>\n","protected":false},"featured_media":0,"template":"","meta":{"_monsterinsights_skip_tracking":false,"_monsterinsights_sitenote_active":false,"_monsterinsights_sitenote_note":"","_monsterinsights_sitenote_category":0},"product_brand":[],"product_cat":[141304],"product_tag":[],"class_list":{"0":"post-784149","1":"product","2":"type-product","3":"status-publish","5":"product_cat-yeni-cikanlar","6":"pa_cilt-ciltsiz","7":"pa_tur-kitap","8":"pa_yayinevi-ithaki-yayinlari","9":"pa_yazar-hikmet-hukumenoglu","11":"first","12":"instock","13":"sale","14":"shipping-taxable","15":"purchasable","16":"product-type-simple"},"_links":{"self":[{"href":"https:\/\/roveyayinevi.com.tr\/index.php\/wp-json\/wp\/v2\/product\/784149","targetHints":{"allow":["GET"]}}],"collection":[{"href":"https:\/\/roveyayinevi.com.tr\/index.php\/wp-json\/wp\/v2\/product"}],"about":[{"href":"https:\/\/roveyayinevi.com.tr\/index.php\/wp-json\/wp\/v2\/types\/product"}],"wp:attachment":[{"href":"https:\/\/roveyayinevi.com.tr\/index.php\/wp-json\/wp\/v2\/media?parent=784149"}],"wp:term":[{"taxonomy":"product_brand","embeddable":true,"href":"https:\/\/roveyayinevi.com.tr\/index.php\/wp-json\/wp\/v2\/product_brand?post=784149"},{"taxonomy":"product_cat","embeddable":true,"href":"https:\/\/roveyayinevi.com.tr\/index.php\/wp-json\/wp\/v2\/product_cat?post=784149"},{"taxonomy":"product_tag","embeddable":true,"href":"https:\/\/roveyayinevi.com.tr\/index.php\/wp-json\/wp\/v2\/product_tag?post=784149"}],"curies":[{"name":"wp","href":"https:\/\/api.w.org\/{rel}","templated":true}]}}