{"id":784147,"date":"2026-03-03T04:02:00","date_gmt":"2026-03-03T01:02:00","guid":{"rendered":"https:\/\/roveyayinevi.com.tr\/index.php\/urun\/kucuk-yalanlar-kitabi\/"},"modified":"2026-04-15T03:47:36","modified_gmt":"2026-04-15T00:47:36","slug":"kucuk-yalanlar-kitabi","status":"publish","type":"product","link":"https:\/\/roveyayinevi.com.tr\/index.php\/urun\/kucuk-yalanlar-kitabi\/","title":{"rendered":"K\u00fc\u00e7\u00fck Yalanlar Kitab\u0131"},"content":{"rendered":"<p>Cumhuriyet\u2019in ilk y\u0131llar\u0131&#8230; G\u00f6ky\u00fcz\u00fcnde s\u00fcz\u00fclen zeplinler, \u00e7ehresi de\u011fi\u015fen \u0130stanbul ve d\u00f6n\u00fc\u015f\u00fcm\u00fcn ortas\u0131ndaki \u00fc\u00e7 ki\u015fi: Faruk, Rezan ve Tevfik. Devlet memuru olan Faruk, Avrupa\u2019dan gelen gizemli misafir Nicholas Delvin\u2019i a\u011f\u0131rlamakla g\u00f6revlendirildi\u011finde, bu i\u015fin onu karanl\u0131k bir labirente s\u00fcr\u00fckleyece\u011finden habersizdir. \u00d6te yandan hayat\u0131n\u0131n dar koridorlar\u0131na s\u0131k\u0131\u015fm\u0131\u015f Rezan, yeni ihtimallerin cazibesine do\u011fru \u00e7ekilirken; ge\u00e7mi\u015fin hayaletleriyle ya\u015fayan Tevfik, zihnindeki s\u0131rlarla tehlikeli oyunlar\u0131n tam merkezinde durur. K\u00fc\u00e7\u00fck g\u00f6r\u00fcnen se\u00e7imler ve \u00f6nemsenmeyen tesad\u00fcfler, bu \u00fc\u00e7 hayat aras\u0131nda g\u00f6r\u00fcnmez bir a\u011f \u00f6rmeye ba\u015flar.Hikmet H\u00fck\u00fcmeno\u011flu, K\u00fc\u00e7\u00fck Yalanlar Kitab\u0131\u2019nda modernle\u015fen bir toplumun sanc\u0131lar\u0131n\u0131 bireysel s\u0131rlarla i\u00e7 i\u00e7e ge\u00e7irirken; vicdanla h\u0131rs\u0131n, sadakatle ihanetin kar\u015f\u0131 kar\u015f\u0131ya geldi\u011fi d\u00fcnyada, son \u00e2na dek gizemini koruyan hakikatlerin perdesini aralar.\u201c\u2018Bir daha anlat,\u2019 diyorsun.Hay\u0131r, diyorum.Gramofonun i\u011fnesini pla\u011f\u0131n u\u0308zerinden kald\u0131r\u0131yorum. Yoruldum art\u0131k, diyorum. Art\u0131k sadece gu\u0308zel hik\u00e2yeler anlatmak istiyorum.\u201d<\/p>\n","protected":false},"excerpt":{"rendered":"<p>Cumhuriyet\u2019in ilk y\u0131llar\u0131&#8230; G\u00f6ky\u00fcz\u00fcnde s\u00fcz\u00fclen zeplinler, \u00e7ehresi de\u011fi\u015fen \u0130stanbul ve d\u00f6n\u00fc\u015f\u00fcm\u00fcn ortas\u0131ndaki \u00fc\u00e7 ki\u015fi: Faruk, Rezan ve Tevfik. Devlet memuru olan Faruk, Avrupa\u2019dan gelen gizemli misafir<span class=\"excerpt-hellip\"> [\u2026]<\/span><\/p>\n","protected":false},"featured_media":0,"template":"","meta":{"_monsterinsights_skip_tracking":false,"_monsterinsights_sitenote_active":false,"_monsterinsights_sitenote_note":"","_monsterinsights_sitenote_category":0},"product_brand":[],"product_cat":[12291,12711],"product_tag":[],"class_list":{"0":"post-784147","1":"product","2":"type-product","3":"status-publish","5":"product_cat-edebiyat","6":"product_cat-roman-oyku","7":"pa_cilt-ciltsiz","8":"pa_tur-kitap","9":"pa_yayinevi-ithaki-yayinlari","10":"pa_yazar-hikmet-hukumenoglu","12":"first","13":"instock","14":"sale","15":"shipping-taxable","16":"purchasable","17":"product-type-simple"},"_links":{"self":[{"href":"https:\/\/roveyayinevi.com.tr\/index.php\/wp-json\/wp\/v2\/product\/784147","targetHints":{"allow":["GET"]}}],"collection":[{"href":"https:\/\/roveyayinevi.com.tr\/index.php\/wp-json\/wp\/v2\/product"}],"about":[{"href":"https:\/\/roveyayinevi.com.tr\/index.php\/wp-json\/wp\/v2\/types\/product"}],"wp:attachment":[{"href":"https:\/\/roveyayinevi.com.tr\/index.php\/wp-json\/wp\/v2\/media?parent=784147"}],"wp:term":[{"taxonomy":"product_brand","embeddable":true,"href":"https:\/\/roveyayinevi.com.tr\/index.php\/wp-json\/wp\/v2\/product_brand?post=784147"},{"taxonomy":"product_cat","embeddable":true,"href":"https:\/\/roveyayinevi.com.tr\/index.php\/wp-json\/wp\/v2\/product_cat?post=784147"},{"taxonomy":"product_tag","embeddable":true,"href":"https:\/\/roveyayinevi.com.tr\/index.php\/wp-json\/wp\/v2\/product_tag?post=784147"}],"curies":[{"name":"wp","href":"https:\/\/api.w.org\/{rel}","templated":true}]}}