{"id":784145,"date":"2026-03-03T04:01:52","date_gmt":"2026-03-03T01:01:52","guid":{"rendered":"https:\/\/roveyayinevi.com.tr\/index.php\/urun\/kar-kuyusu-2\/"},"modified":"2026-04-15T03:47:36","modified_gmt":"2026-04-15T00:47:36","slug":"kar-kuyusu-2","status":"publish","type":"product","link":"https:\/\/roveyayinevi.com.tr\/index.php\/urun\/kar-kuyusu-2\/","title":{"rendered":"Kar Kuyusu"},"content":{"rendered":"<p>Eski apartmanlar, tuhaf kom\u015fular, bitmeyen bir k\u0131\u015f ve y\u0131llard\u0131r biriken s\u0131rlar&#8230; Gen\u00e7 bir kad\u0131n, Galata\u2019n\u0131n arka sokaklar\u0131n\u0131n birinde a\u00e7t\u0131\u011f\u0131 k\u00fc\u00e7\u00fck tak\u0131 d\u00fckk\u00e2n\u0131yla hayat\u0131n\u0131 yeniden kurmaya \u00e7al\u0131\u015f\u0131r. Ancak burada hi\u00e7bir \u015fey g\u00f6r\u00fcnd\u00fc\u011f\u00fc kadar masum de\u011fildir. G\u00fcnl\u00fck hayat\u0131n i\u00e7ine s\u0131zan huzursuzluk giderek b\u00fcy\u00fcr, kar ya\u011fd\u0131k\u00e7a \u015fehir \u00f6rt\u00fcl\u00fcr, \u00f6rt\u00fclen her \u015fey gerilimi biraz daha art\u0131r\u0131r. Hikmet H\u00fck\u00fcmeno\u011flu, Kar Kuyusu\u2019nda insan ruhunun k\u0131r\u0131lganl\u0131\u011f\u0131n\u0131 ve g\u00fcndelik hayat\u0131n i\u00e7indeki g\u00f6r\u00fcnmez \u015fiddeti yal\u0131n bir anlat\u0131mla ortaya koyuyor. \u0130lk bask\u0131s\u0131 2005\u2019te yay\u0131mlanan bu roman, yazar\u0131n sonraki yap\u0131tlar\u0131nda derinle\u015fecek anlat\u0131 evreninin erken izlerini bar\u0131nd\u0131r\u0131rken, kurdu\u011fu atmosfer ve gerilimle okurlar\u0131n dikkatini \u00e7ekmeyi s\u00fcrd\u00fcr\u00fcyor.\u201c\u2026\u00e7ocuklu\u011fumdan beri beynimde bir kar\u0131nca su\u0308ru\u0308su\u0308 ya\u015f\u0131yor ve genelde kafam\u0131n i\u00e7inin sakin olmas\u0131na pek izin vermiyor. Bazen insanlar beynim kar\u0131ncalan\u0131yor der ama benimkisi \u00f6yle bir \u015fey de\u011fil. Kafamda bir su\u0308ru\u0308 kar\u0131nca var ve de \u00e7ok \u00e7al\u0131\u015fkanlar. Herhangi bir \u015fey akl\u0131m\u0131 kurcalamaya ba\u015flar ba\u015flamaz yuvalar\u0131ndan \u00e7\u0131k\u0131yorlar; beynimin k\u0131vr\u0131mlar\u0131 aras\u0131nda bir u\u00e7tan \u00f6bu\u0308r uca tek s\u0131ra h\u00e2linde yu\u0308ru\u0308yerek s\u0131rtlar\u0131nda minik minik kayg\u0131lar, korkular, tereddu\u0308tler ve ba\u015fka bin tu\u0308rlu\u0308 sevimsiz du\u0308\u015fu\u0308nce k\u0131r\u0131nt\u0131s\u0131 ta\u015f\u0131yorlar. Genelde onlar\u0131n kafam\u0131n i\u00e7ini bu \u015fekilde ele ge\u00e7irmelerinden ve benim s\u00f6zu\u0308mu\u0308 hi\u00e7 dinlememelerinden \u00e7ok bunal\u0131yorum ama yapabilece\u011fim bir \u015fey olmuyor.\u201d<\/p>\n","protected":false},"excerpt":{"rendered":"<p>Eski apartmanlar, tuhaf kom\u015fular, bitmeyen bir k\u0131\u015f ve y\u0131llard\u0131r biriken s\u0131rlar&#8230; Gen\u00e7 bir kad\u0131n, Galata\u2019n\u0131n arka sokaklar\u0131n\u0131n birinde a\u00e7t\u0131\u011f\u0131 k\u00fc\u00e7\u00fck tak\u0131 d\u00fckk\u00e2n\u0131yla hayat\u0131n\u0131 yeniden kurmaya \u00e7al\u0131\u015f\u0131r.<span class=\"excerpt-hellip\"> [\u2026]<\/span><\/p>\n","protected":false},"featured_media":0,"template":"","meta":{"_monsterinsights_skip_tracking":false,"_monsterinsights_sitenote_active":false,"_monsterinsights_sitenote_note":"","_monsterinsights_sitenote_category":0},"product_brand":[],"product_cat":[12291,12711],"product_tag":[],"class_list":{"0":"post-784145","1":"product","2":"type-product","3":"status-publish","5":"product_cat-edebiyat","6":"product_cat-roman-oyku","7":"pa_cilt-ciltsiz","8":"pa_tur-kitap","9":"pa_yayinevi-ithaki-yayinlari","10":"pa_yazar-hikmet-hukumenoglu","12":"first","13":"instock","14":"sale","15":"shipping-taxable","16":"purchasable","17":"product-type-simple"},"_links":{"self":[{"href":"https:\/\/roveyayinevi.com.tr\/index.php\/wp-json\/wp\/v2\/product\/784145","targetHints":{"allow":["GET"]}}],"collection":[{"href":"https:\/\/roveyayinevi.com.tr\/index.php\/wp-json\/wp\/v2\/product"}],"about":[{"href":"https:\/\/roveyayinevi.com.tr\/index.php\/wp-json\/wp\/v2\/types\/product"}],"wp:attachment":[{"href":"https:\/\/roveyayinevi.com.tr\/index.php\/wp-json\/wp\/v2\/media?parent=784145"}],"wp:term":[{"taxonomy":"product_brand","embeddable":true,"href":"https:\/\/roveyayinevi.com.tr\/index.php\/wp-json\/wp\/v2\/product_brand?post=784145"},{"taxonomy":"product_cat","embeddable":true,"href":"https:\/\/roveyayinevi.com.tr\/index.php\/wp-json\/wp\/v2\/product_cat?post=784145"},{"taxonomy":"product_tag","embeddable":true,"href":"https:\/\/roveyayinevi.com.tr\/index.php\/wp-json\/wp\/v2\/product_tag?post=784145"}],"curies":[{"name":"wp","href":"https:\/\/api.w.org\/{rel}","templated":true}]}}