{"id":784144,"date":"2026-03-03T04:01:50","date_gmt":"2026-03-03T01:01:50","guid":{"rendered":"https:\/\/roveyayinevi.com.tr\/index.php\/urun\/irade-terbiyesi-9\/"},"modified":"2026-04-15T03:47:36","modified_gmt":"2026-04-15T00:47:36","slug":"irade-terbiyesi-9","status":"publish","type":"product","link":"https:\/\/roveyayinevi.com.tr\/index.php\/urun\/irade-terbiyesi-9\/","title":{"rendered":"\u0130rade Terbiyesi"},"content":{"rendered":"<p>\u201cPayot, iradeyi belirsiz bir metafizik kavram olmaktan \u00e7\u0131kar\u0131p, rasyonel bir e\u011fitim sistemine d\u00f6n\u00fc\u015ft\u00fcrm\u00fc\u015ft\u00fcr.\u201d\u2014\u00c9MILE DURKHEIMFrans\u0131z e\u011fitimci ve felsefeci Jules Payot, 19. y\u00fczy\u0131l\u0131n sonunda kaleme ald\u0131\u011f\u0131 bu k\u00fclt eserle, modern insan\u0131n zihinsel disiplin aray\u0131\u015f\u0131na y\u00f6n veren en \u00f6nemli fig\u00fcrlerden biri h\u00e2line geldi. Aix-Marseille \u00dcniversitesi\u2019nde rekt\u00f6rl\u00fck g\u00f6revini y\u00fcr\u00fctt\u00fc\u011f\u00fc y\u0131llarda, insan iradesinin do\u011fu\u015ftan gelen bir yetenekten ziyade, titizlikle i\u015flenmesi gereken bir zanaat oldu\u011funu savundu. Hayat\u0131 boyunca psikolojinin pratik uygulama alanlar\u0131na odaklanan Payot, rasyonel d\u00fc\u015f\u00fcncenin duygular \u00fczerindeki h\u00e2kimiyetini bilimsel bir disiplinle ele ald\u0131 ve bireyin kendi potansiyeline ula\u015fmas\u0131n\u0131 engelleyen i\u00e7sel engelleri a\u015fman\u0131n yollar\u0131n\u0131 arad\u0131.\u0130rade Terbiyesi, yay\u0131mland\u0131\u011f\u0131 g\u00fcnden itibaren bir rehber kitab\u0131n \u00f6tesine ge\u00e7erek d\u00fcnya edebiyat\u0131n\u0131n ve d\u00fc\u015f\u00fcnce tarihinin sars\u0131lmaz k\u00f6\u015fe ta\u015flar\u0131ndan biri oldu. Payot, zihni buland\u0131ran tembelli\u011fi, dikkati da\u011f\u0131tan bo\u015f u\u011fra\u015flar\u0131 ve karars\u0131zl\u0131\u011f\u0131n getirdi\u011fi ruhsal \u00e7\u00f6k\u00fcnt\u00fcy\u00fc bir cerrah titizli\u011fiyle \u00e7\u00f6z\u00fcmledi; ard\u0131ndan okuru kendi i\u00e7 d\u00fcnyas\u0131nda bir egemenlik kurmaya davet etti. Cemil Meri\u00e7\u2019ten Ali Fuat Ba\u015fgil\u2019e kadar pek \u00e7ok entelekt\u00fcelin d\u00fc\u015f\u00fcnce d\u00fcnyas\u0131n\u0131 \u015fekillendiren eserde disiplin, bir k\u0131s\u0131tlamadan ziyade ger\u00e7ek \u00f6zg\u00fcrl\u00fc\u011fe a\u00e7\u0131lan yeg\u00e2ne kap\u0131 olarak tan\u0131mland\u0131. Jules Payot insan\u0131n en b\u00fcy\u00fck zaferinin yine kendi \u00fczerinde kurdu\u011fu h\u00e2kimiyet oldu\u011funu, zamana meydan okuyan bir anlat\u0131mla ortaya koydu.<\/p>\n","protected":false},"excerpt":{"rendered":"<p>\u201cPayot, iradeyi belirsiz bir metafizik kavram olmaktan \u00e7\u0131kar\u0131p, rasyonel bir e\u011fitim sistemine d\u00f6n\u00fc\u015ft\u00fcrm\u00fc\u015ft\u00fcr.\u201d\u2014\u00c9MILE DURKHEIMFrans\u0131z e\u011fitimci ve felsefeci Jules Payot, 19. y\u00fczy\u0131l\u0131n sonunda kaleme ald\u0131\u011f\u0131 bu k\u00fclt<span class=\"excerpt-hellip\"> [\u2026]<\/span><\/p>\n","protected":false},"featured_media":0,"template":"","meta":{"_monsterinsights_skip_tracking":false,"_monsterinsights_sitenote_active":false,"_monsterinsights_sitenote_note":"","_monsterinsights_sitenote_category":0},"product_brand":[],"product_cat":[15319,12388],"product_tag":[],"class_list":{"0":"post-784144","1":"product","2":"type-product","3":"status-publish","5":"product_cat-etik","6":"product_cat-felsefe","7":"pa_cilt-ciltsiz","8":"pa_tur-kitap","9":"pa_yayinevi-ithaki-yayinlari","10":"pa_yazar-jules-payot","12":"first","13":"instock","14":"sale","15":"shipping-taxable","16":"purchasable","17":"product-type-simple"},"_links":{"self":[{"href":"https:\/\/roveyayinevi.com.tr\/index.php\/wp-json\/wp\/v2\/product\/784144","targetHints":{"allow":["GET"]}}],"collection":[{"href":"https:\/\/roveyayinevi.com.tr\/index.php\/wp-json\/wp\/v2\/product"}],"about":[{"href":"https:\/\/roveyayinevi.com.tr\/index.php\/wp-json\/wp\/v2\/types\/product"}],"wp:attachment":[{"href":"https:\/\/roveyayinevi.com.tr\/index.php\/wp-json\/wp\/v2\/media?parent=784144"}],"wp:term":[{"taxonomy":"product_brand","embeddable":true,"href":"https:\/\/roveyayinevi.com.tr\/index.php\/wp-json\/wp\/v2\/product_brand?post=784144"},{"taxonomy":"product_cat","embeddable":true,"href":"https:\/\/roveyayinevi.com.tr\/index.php\/wp-json\/wp\/v2\/product_cat?post=784144"},{"taxonomy":"product_tag","embeddable":true,"href":"https:\/\/roveyayinevi.com.tr\/index.php\/wp-json\/wp\/v2\/product_tag?post=784144"}],"curies":[{"name":"wp","href":"https:\/\/api.w.org\/{rel}","templated":true}]}}