{"id":784138,"date":"2026-03-03T04:01:34","date_gmt":"2026-03-03T01:01:34","guid":{"rendered":"https:\/\/roveyayinevi.com.tr\/index.php\/urun\/kaizenjapon-felsefesiyle-kucuk-adimlarla-hayatinizi-degistiren\/"},"modified":"2026-04-11T03:47:36","modified_gmt":"2026-04-11T00:47:36","slug":"kaizenjapon-felsefesiyle-kucuk-adimlarla-hayatinizi-degistiren","status":"publish","type":"product","link":"https:\/\/roveyayinevi.com.tr\/index.php\/urun\/kaizenjapon-felsefesiyle-kucuk-adimlarla-hayatinizi-degistiren\/","title":{"rendered":"Kaizen;Japon Felsefesiyle K\u00fc\u00e7\u00fck Ad\u0131mlarla Hayat\u0131n\u0131z\u0131 De\u011fi\u015ftiren"},"content":{"rendered":"<p>Milyonlar\u0131n Hayat\u0131n\u0131 De\u011fi\u015ftiren Japon Felsefesi Kaizen\u201cBir\u00e7ok k\u00fc\u00e7\u00fck vuru\u015fla b\u00fcy\u00fck bir a\u011fa\u00e7 devrilebilir.\u201d &#8211;  Japon Atas\u00f6z\u00fcD\u00fcnya \u00e7ap\u0131nda ses getiren, \u00e7ok satanlar listesine giren bu ilham verici kitap, Japonlar\u0131n as\u0131rl\u0131k Kaizen felsefesini herkesin anlayabilece\u011fi ve uygulayabilece\u011fi bir rehber olarak sunuyor.Kaizen, \u201cs\u00fcrekli iyile\u015fme\u201d anlam\u0131na gelir ve bu iyile\u015fme, devrimsel kararlarla de\u011fil, k\u00fc\u00e7\u00fck ama istikrarl\u0131 ad\u0131mlarla ger\u00e7ekle\u015fir. Sarah Harvey, kendi hayat\u0131ndaki k\u00f6kl\u00fc de\u011fi\u015fimi anlat\u0131rken sizi de rutininizi sorgulamaya, al\u0131\u015fkanl\u0131klar\u0131n\u0131z\u0131 yeniden \u015fekillendirmeye ve daha tatmin edici bir ya\u015fama davet ediyor.\u2022 Yeni bir al\u0131\u015fkanl\u0131k m\u0131 edinmek istiyorsunuz?\u2022 Hayat\u0131n\u0131zda bir \u015feylerin eksik oldu\u011funu mu hissediyorsunuz?\u2022 Daha dengeli, daha huzurlu bir ya\u015fam\u0131n hayalini mi kuruyorsunuz?O zaman bu kitap tam size g\u00f6re. Bilimsel ara\u015ft\u0131rmalar, psikolojik i\u00e7g\u00f6r\u00fcler ve Japon k\u00fclt\u00fcr\u00fcnden al\u0131nan ilhamla dolu bu kitap, sadece okuduk\u00e7a de\u011fil, uygulad\u0131k\u00e7a da de\u011fi\u015ftiriyor. De\u011fi\u015fim cesaret ister san\u0131yorduk. Oysa ihtiyac\u0131m\u0131z olan tek \u015fey, sadece k\u00fc\u00e7\u00fck bir ad\u0131m.<\/p>\n","protected":false},"excerpt":{"rendered":"<p>Milyonlar\u0131n Hayat\u0131n\u0131 De\u011fi\u015ftiren Japon Felsefesi Kaizen\u201cBir\u00e7ok k\u00fc\u00e7\u00fck vuru\u015fla b\u00fcy\u00fck bir a\u011fa\u00e7 devrilebilir.\u201d &#8211; Japon Atas\u00f6z\u00fcD\u00fcnya \u00e7ap\u0131nda ses getiren, \u00e7ok satanlar listesine giren bu ilham verici kitap,<span class=\"excerpt-hellip\"> [\u2026]<\/span><\/p>\n","protected":false},"featured_media":0,"template":"","meta":{"_monsterinsights_skip_tracking":false,"_monsterinsights_sitenote_active":false,"_monsterinsights_sitenote_note":"","_monsterinsights_sitenote_category":0},"product_brand":[],"product_cat":[12364,12376],"product_tag":[],"class_list":{"0":"post-784138","1":"product","2":"type-product","3":"status-publish","5":"product_cat-genel-konular","6":"product_cat-kisisel-gelisim","7":"pa_cilt-ciltsiz","8":"pa_tur-kitap","9":"pa_yayinevi-destek-yayinlari","10":"pa_yazar-sarah-harvey","12":"first","13":"instock","14":"sale","15":"shipping-taxable","16":"purchasable","17":"product-type-simple"},"_links":{"self":[{"href":"https:\/\/roveyayinevi.com.tr\/index.php\/wp-json\/wp\/v2\/product\/784138","targetHints":{"allow":["GET"]}}],"collection":[{"href":"https:\/\/roveyayinevi.com.tr\/index.php\/wp-json\/wp\/v2\/product"}],"about":[{"href":"https:\/\/roveyayinevi.com.tr\/index.php\/wp-json\/wp\/v2\/types\/product"}],"wp:attachment":[{"href":"https:\/\/roveyayinevi.com.tr\/index.php\/wp-json\/wp\/v2\/media?parent=784138"}],"wp:term":[{"taxonomy":"product_brand","embeddable":true,"href":"https:\/\/roveyayinevi.com.tr\/index.php\/wp-json\/wp\/v2\/product_brand?post=784138"},{"taxonomy":"product_cat","embeddable":true,"href":"https:\/\/roveyayinevi.com.tr\/index.php\/wp-json\/wp\/v2\/product_cat?post=784138"},{"taxonomy":"product_tag","embeddable":true,"href":"https:\/\/roveyayinevi.com.tr\/index.php\/wp-json\/wp\/v2\/product_tag?post=784138"}],"curies":[{"name":"wp","href":"https:\/\/api.w.org\/{rel}","templated":true}]}}