{"id":784137,"date":"2026-03-03T04:01:30","date_gmt":"2026-03-03T01:01:30","guid":{"rendered":"https:\/\/roveyayinevi.com.tr\/index.php\/urun\/soz-verdim-ruyama\/"},"modified":"2026-04-15T03:47:35","modified_gmt":"2026-04-15T00:47:35","slug":"soz-verdim-ruyama","status":"publish","type":"product","link":"https:\/\/roveyayinevi.com.tr\/index.php\/urun\/soz-verdim-ruyama\/","title":{"rendered":"S\u00f6z Verdim R\u00fcyama"},"content":{"rendered":"<p>hani derler yabir kelebek gibi u\u00e7sam da g\u00f6nlu\u0308neg\u00f6nu\u0308l benim de\u011fil dese de yu\u0308re\u011fimb\u0131\u00e7ak misali kesilir a\u015fk yaras\u0131yerine konamaz,en derinden yara kanarne duyan olur ne g\u00f6renakar yaln\u0131zca kendine kalp damlas\u0131bir \u00e7\u0131\u011fl\u0131k sakl\u0131 yu\u0308re\u011fimdesonsuzlu\u011fa ba\u011f\u0131r\u0131r, dinmez, dinmezyaral\u0131 yu\u0308re\u011fim f\u0131s\u0131ldar yu\u0308re\u011fine\u201c\u00e7\u00f6zu\u0308lmez miydi i\u00e7imdeki du\u0308\u011fu\u0308m, sevsen beni\u201dve ben sevsem yaln\u0131zl\u0131\u011f\u0131n\u0131 karanl\u0131\u011f\u0131mdabir kelebek gibi u\u00e7sam senin g\u00f6\u011fu\u0308nekonsam g\u00f6nlu\u0308ne<\/p>\n","protected":false},"excerpt":{"rendered":"<p>hani derler yabir kelebek gibi u\u00e7sam da g\u00f6nlu\u0308neg\u00f6nu\u0308l benim de\u011fil dese de yu\u0308re\u011fimb\u0131\u00e7ak misali kesilir a\u015fk yaras\u0131yerine konamaz,en derinden yara kanarne duyan olur ne g\u00f6renakar yaln\u0131zca<span class=\"excerpt-hellip\"> [\u2026]<\/span><\/p>\n","protected":false},"featured_media":0,"template":"","meta":{"_monsterinsights_skip_tracking":false,"_monsterinsights_sitenote_active":false,"_monsterinsights_sitenote_note":"","_monsterinsights_sitenote_category":0},"product_brand":[],"product_cat":[12291,12509],"product_tag":[],"class_list":{"0":"post-784137","1":"product","2":"type-product","3":"status-publish","5":"product_cat-edebiyat","6":"product_cat-siir","7":"pa_cilt-ciltsiz","8":"pa_tur-kitap","9":"pa_yayinevi-potkal-kitap","11":"first","12":"instock","13":"sale","14":"shipping-taxable","15":"purchasable","16":"product-type-simple"},"_links":{"self":[{"href":"https:\/\/roveyayinevi.com.tr\/index.php\/wp-json\/wp\/v2\/product\/784137","targetHints":{"allow":["GET"]}}],"collection":[{"href":"https:\/\/roveyayinevi.com.tr\/index.php\/wp-json\/wp\/v2\/product"}],"about":[{"href":"https:\/\/roveyayinevi.com.tr\/index.php\/wp-json\/wp\/v2\/types\/product"}],"wp:attachment":[{"href":"https:\/\/roveyayinevi.com.tr\/index.php\/wp-json\/wp\/v2\/media?parent=784137"}],"wp:term":[{"taxonomy":"product_brand","embeddable":true,"href":"https:\/\/roveyayinevi.com.tr\/index.php\/wp-json\/wp\/v2\/product_brand?post=784137"},{"taxonomy":"product_cat","embeddable":true,"href":"https:\/\/roveyayinevi.com.tr\/index.php\/wp-json\/wp\/v2\/product_cat?post=784137"},{"taxonomy":"product_tag","embeddable":true,"href":"https:\/\/roveyayinevi.com.tr\/index.php\/wp-json\/wp\/v2\/product_tag?post=784137"}],"curies":[{"name":"wp","href":"https:\/\/api.w.org\/{rel}","templated":true}]}}