{"id":784134,"date":"2026-03-03T04:01:25","date_gmt":"2026-03-03T01:01:25","guid":{"rendered":"https:\/\/roveyayinevi.com.tr\/index.php\/urun\/travmayi-kadinca-yeniden-yazmakbir-feminist-direnis-bicimi\/"},"modified":"2026-04-15T03:47:34","modified_gmt":"2026-04-15T00:47:34","slug":"travmayi-kadinca-yeniden-yazmakbir-feminist-direnis-bicimi","status":"publish","type":"product","link":"https:\/\/roveyayinevi.com.tr\/index.php\/urun\/travmayi-kadinca-yeniden-yazmakbir-feminist-direnis-bicimi\/","title":{"rendered":"Travmay\u0131 Kad\u0131nca Yeniden Yazmak;Bir Feminist Direni\u015f Bi\u00e7imi"},"content":{"rendered":"<p>Travma\u2019ya dair say\u0131s\u0131z kitap yaz\u0131ld\u0131, ara\u015ft\u0131rmalar, makaleler yay\u0131mland\u0131. Bu kitap da benzer bir \u00e7aba i\u00e7erisinde, fakat onu farkl\u0131 k\u0131lan\u0131n, travman\u0131n kad\u0131nca yaz\u0131lmas\u0131n\u0131n ve \u201cyeniden\u201d anlat\u0131lmas\u0131n\u0131n, i\u015flenmesinin \u00f6nemine odaklanmas\u0131 olmas\u0131n\u0131 umuyorum.Kitapta travman\u0131n \u00e7ok boyutlu deneyimlerini ayr\u0131 ayr\u0131 ancak birbirini tamamlayan bir yakla\u015f\u0131mla ele almaya \u00e7al\u0131\u015ft\u0131m. Birinci b\u00f6lu\u0308m \u015f\u00f6yle bir yap\u0131 ta\u015f\u0131yor: Kad\u0131nlar\u0131n neden yazmas\u0131 gerekti\u011fi u\u0308zerine du\u0308\u015fu\u0308nu\u0308rken, yazman\u0131n kad\u0131nlar a\u00e7\u0131s\u0131ndan \u00f6nemini ve travmayla ba\u015f etmenin etkin bir yolu oldu\u011funu aktarmaya \u00e7al\u0131\u015ft\u0131m. Fu\u0308ruzan\u2019\u0131n \u00f6yku\u0308leri u\u0308zerine yapt\u0131\u011f\u0131m incelemede amac\u0131m, edebiyat\u0131n, travmay\u0131 (\u00f6rselenmeleri) ifade edi\u015f gu\u0308cu\u0308ne sevdi\u011fim bu yazar u\u0308zerinden bakmakt\u0131. \u201cKad\u0131nca Travma Metafor Menu\u0308su\u0308\u201d ve \u201cKanserle Ya\u015fayanlar \u0130\u00e7in Metafor Menu\u0308su\u0308\u201d ile travman\u0131n somutla\u015ft\u0131r\u0131lmas\u0131n\u0131n \u00f6nemini tekrar fark ettim. \u201cBa\u015far\u0131 G\u00f6lgesinde Ya\u015famak: Kad\u0131nlar ve \u0130mposter Sendromu\u201d ba\u015fl\u0131kl\u0131 haber s\u00f6yle\u015fi, ba\u015far\u0131 travmas\u0131n\u0131 sorgulamay\u0131 ama\u00e7l\u0131yor. \u201cTravman\u0131n \u00d6tesinde: \u00c7ocuklar \u0130\u00e7in Onar\u0131c\u0131 Adalet\u201d haberi ise, bir kongrenin ard\u0131ndan travman\u0131n ku\u015faklararas\u0131 etkisi ve iyile\u015fme yollar\u0131 u\u0308zerine.<\/p>\n","protected":false},"excerpt":{"rendered":"<p>Travma\u2019ya dair say\u0131s\u0131z kitap yaz\u0131ld\u0131, ara\u015ft\u0131rmalar, makaleler yay\u0131mland\u0131. Bu kitap da benzer bir \u00e7aba i\u00e7erisinde, fakat onu farkl\u0131 k\u0131lan\u0131n, travman\u0131n kad\u0131nca yaz\u0131lmas\u0131n\u0131n ve \u201cyeniden\u201d anlat\u0131lmas\u0131n\u0131n, i\u015flenmesinin<span class=\"excerpt-hellip\"> [\u2026]<\/span><\/p>\n","protected":false},"featured_media":0,"template":"","meta":{"_monsterinsights_skip_tracking":false,"_monsterinsights_sitenote_active":false,"_monsterinsights_sitenote_note":"","_monsterinsights_sitenote_category":0},"product_brand":[],"product_cat":[26396,13488],"product_tag":[],"class_list":{"0":"post-784134","1":"product","2":"type-product","3":"status-publish","5":"product_cat-kadin-erkek-iliskileri","6":"product_cat-toplum-ve-insan","7":"pa_cilt-ciltsiz","8":"pa_tur-kitap","9":"pa_yayinevi-nika-yayinevi","10":"pa_yazar-ayla-turksoy","12":"first","13":"instock","14":"sale","15":"shipping-taxable","16":"purchasable","17":"product-type-simple"},"_links":{"self":[{"href":"https:\/\/roveyayinevi.com.tr\/index.php\/wp-json\/wp\/v2\/product\/784134","targetHints":{"allow":["GET"]}}],"collection":[{"href":"https:\/\/roveyayinevi.com.tr\/index.php\/wp-json\/wp\/v2\/product"}],"about":[{"href":"https:\/\/roveyayinevi.com.tr\/index.php\/wp-json\/wp\/v2\/types\/product"}],"wp:attachment":[{"href":"https:\/\/roveyayinevi.com.tr\/index.php\/wp-json\/wp\/v2\/media?parent=784134"}],"wp:term":[{"taxonomy":"product_brand","embeddable":true,"href":"https:\/\/roveyayinevi.com.tr\/index.php\/wp-json\/wp\/v2\/product_brand?post=784134"},{"taxonomy":"product_cat","embeddable":true,"href":"https:\/\/roveyayinevi.com.tr\/index.php\/wp-json\/wp\/v2\/product_cat?post=784134"},{"taxonomy":"product_tag","embeddable":true,"href":"https:\/\/roveyayinevi.com.tr\/index.php\/wp-json\/wp\/v2\/product_tag?post=784134"}],"curies":[{"name":"wp","href":"https:\/\/api.w.org\/{rel}","templated":true}]}}