{"id":784133,"date":"2026-03-03T04:01:23","date_gmt":"2026-03-03T01:01:23","guid":{"rendered":"https:\/\/roveyayinevi.com.tr\/index.php\/urun\/kod-ve-ozgurlukleryapay-zekanin-politik-ekonomisi-uzerine-sonbahar\/"},"modified":"2026-04-15T03:47:34","modified_gmt":"2026-04-15T00:47:34","slug":"kod-ve-ozgurlukleryapay-zekanin-politik-ekonomisi-uzerine-sonbahar","status":"publish","type":"product","link":"https:\/\/roveyayinevi.com.tr\/index.php\/urun\/kod-ve-ozgurlukleryapay-zekanin-politik-ekonomisi-uzerine-sonbahar\/","title":{"rendered":"Kod ve \u00d6zg\u00fcrl\u00fckler;Yapay Zekan\u0131n Politik Ekonomisi \u00dczerine Sonbahar"},"content":{"rendered":"<p>Yapay Zek\u00e2, sadece teknolojik bir s\u0131\u00e7rama m\u0131, yoksa yeni bir d\u00fcnya d\u00fczeninin mimar\u0131 m\u0131?Ak\u0131ll\u0131 algoritmalar ve b\u00fcy\u00fck veri, gezegendeki en de\u011ferli kaynak haline gelirken, k\u00fcresel sermaye, emek ve jeopolitik dengeler k\u00f6k\u00fcnden sars\u0131l\u0131yor. Bu kitap, yapay zek\u00e2y\u0131 laboratuvarlardan \u00e7\u0131kar\u0131p, g\u00fcc\u00fcn ve paran\u0131n kesi\u015fim noktas\u0131na, yani politik ekonominin merkezine ta\u015f\u0131yor.Bu devrim, hepimize refah ve verimlilik vaat ediyor. Ancak bu verimlili\u011fin faturas\u0131n\u0131 kim \u00f6deyecek?Dijital devlerin elindeki muazzam veri g\u00fcc\u00fc, piyasalar\u0131 nas\u0131l tekelle\u015ftiriyor ve geleneksel rekabet kurallar\u0131n\u0131 nas\u0131l ge\u00e7ersiz k\u0131l\u0131yor?YZ, milyonlarca i\u015fi otomatikle\u015ftirecek mi? Otomasyon \u00e7a\u011f\u0131nda &#8220;de\u011fer&#8221; kavram\u0131 nas\u0131l yeniden tan\u0131mlanacak ve i\u015fg\u00fcc\u00fc piyasalar\u0131ndaki artan e\u015fitsizlik (asimetrik refah) nas\u0131l y\u00f6netilecek?YZ liderli\u011fi i\u00e7in ABD ve \u00c7in aras\u0131ndaki rekabet, uluslararas\u0131 g\u00fcvenlik, askeri \u00fcst\u00fcnl\u00fck ve k\u00fcresel standartlar \u00fczerinde nas\u0131l belirleyici oluyor?Bu eser, YZ&#8217;yi salt bir ara\u00e7 olarak g\u00f6rmekten vazge\u00e7ip, onu stratejik bir g\u00fc\u00e7, bir \u00e7at\u0131\u015fma nedeni ve gelecekteki servetin anahtar\u0131 olarak analiz ediyor.<\/p>\n","protected":false},"excerpt":{"rendered":"<p>Yapay Zek\u00e2, sadece teknolojik bir s\u0131\u00e7rama m\u0131, yoksa yeni bir d\u00fcnya d\u00fczeninin mimar\u0131 m\u0131?Ak\u0131ll\u0131 algoritmalar ve b\u00fcy\u00fck veri, gezegendeki en de\u011ferli kaynak haline gelirken, k\u00fcresel sermaye,<span class=\"excerpt-hellip\"> [\u2026]<\/span><\/p>\n","protected":false},"featured_media":0,"template":"","meta":{"_monsterinsights_skip_tracking":false,"_monsterinsights_sitenote_active":false,"_monsterinsights_sitenote_note":"","_monsterinsights_sitenote_category":0},"product_brand":[],"product_cat":[13059,12337],"product_tag":[],"class_list":{"0":"post-784133","1":"product","2":"type-product","3":"status-publish","5":"product_cat-diger-politika-siyaset","6":"product_cat-politika-siyaset","7":"pa_cilt-ciltsiz","8":"pa_tur-kitap","9":"pa_yayinevi-nika-yayinevi","10":"pa_yazar-gizem-yardimci","12":"first","13":"instock","14":"sale","15":"shipping-taxable","16":"purchasable","17":"product-type-simple"},"_links":{"self":[{"href":"https:\/\/roveyayinevi.com.tr\/index.php\/wp-json\/wp\/v2\/product\/784133","targetHints":{"allow":["GET"]}}],"collection":[{"href":"https:\/\/roveyayinevi.com.tr\/index.php\/wp-json\/wp\/v2\/product"}],"about":[{"href":"https:\/\/roveyayinevi.com.tr\/index.php\/wp-json\/wp\/v2\/types\/product"}],"wp:attachment":[{"href":"https:\/\/roveyayinevi.com.tr\/index.php\/wp-json\/wp\/v2\/media?parent=784133"}],"wp:term":[{"taxonomy":"product_brand","embeddable":true,"href":"https:\/\/roveyayinevi.com.tr\/index.php\/wp-json\/wp\/v2\/product_brand?post=784133"},{"taxonomy":"product_cat","embeddable":true,"href":"https:\/\/roveyayinevi.com.tr\/index.php\/wp-json\/wp\/v2\/product_cat?post=784133"},{"taxonomy":"product_tag","embeddable":true,"href":"https:\/\/roveyayinevi.com.tr\/index.php\/wp-json\/wp\/v2\/product_tag?post=784133"}],"curies":[{"name":"wp","href":"https:\/\/api.w.org\/{rel}","templated":true}]}}