{"id":784131,"date":"2026-03-03T03:44:21","date_gmt":"2026-03-03T00:44:21","guid":{"rendered":"https:\/\/roveyayinevi.com.tr\/index.php\/urun\/erken-cumhuriyet-donemi-kurumlari\/"},"modified":"2026-04-15T03:34:08","modified_gmt":"2026-04-15T00:34:08","slug":"erken-cumhuriyet-donemi-kurumlari","status":"publish","type":"product","link":"https:\/\/roveyayinevi.com.tr\/index.php\/urun\/erken-cumhuriyet-donemi-kurumlari\/","title":{"rendered":"Erken Cumhuriyet D\u00f6nemi Kurumlar\u0131"},"content":{"rendered":"<p>Elinizdeki eser, \u201cT\u00fcrkiye Cumhuriyeti Kurumlar\u0131 Tarihi\u201d alan\u0131nda ortaya \u00e7\u0131kan bir bo\u015flu\u011fun doldurulmas\u0131na katk\u0131da bulunmay\u0131 ama\u00e7l\u0131yor. T\u00fcrkiye Cumhuriyeti\u2019nin kurulu\u015f y\u0131llar\u0131na ait kurumlar ile ilgili derli toplu bir \u00e7al\u0131\u015fma bulunmamaktad\u0131r. Bu eksiklikten hareketle T\u00fcrkiye Cumhuriyeti&#8217;nin kurulu\u015funun 101. y\u0131l d\u00f6n\u00fcm\u00fc vesilesiyle, Cumhuriyetimizin tarihsel, k\u00fclt\u00fcrel, siyasal, toplumsal ve ekonomik dinamiklerini anlamay\u0131 ve bunu gelecek nesillere aktarmay\u0131 ama\u00e7layan projemizi\/\u00e7al\u0131\u015fmam\u0131z\u0131 tamamlam\u0131\u015f bulunuyoruz. \u201cErken Cumhuriyet D\u00f6nemi Kurumlar\u0131\u201d adl\u0131 eser, Cumhuriyet kurumlar\u0131n\u0131n devletin kurumsalla\u015fmas\u0131ndaki rol\u00fcn\u00fc incelemektedir. Osmanl\u0131 Devleti miras\u0131 \u00fczerinde yeniden in\u015fa edilen T\u00fcrkiye Cumhuriyeti Devleti kurumlar\u0131 ve bu kurumlar\u0131n hedeflerine ula\u015fmada elde etti\u011fi ba\u015far\u0131lar b\u00fct\u00fcn d\u00fcnyan\u0131n g\u00f6zleri \u00f6n\u00fcnde ger\u00e7ekle\u015fmi\u015f ve b\u00fcy\u00fck bir heyecanla kar\u015f\u0131lanm\u0131\u015ft\u0131r. 1923 ruhu ve anlay\u0131\u015f\u0131n\u0131n, on y\u0131ll\u0131k bir harbin ard\u0131ndan nas\u0131l bir \u015fevk ve i\u015ftiyakla yeniden aya\u011fa kalkma iradesi g\u00f6sterdi\u011finin en \u00f6nemli g\u00f6stergelerinden biri Cumhuriyet kurumlar\u0131d\u0131r. T\u00fcrk Milleti\u2019nin var olma m\u00fccadelesi verdi\u011fi Ba\u011f\u0131ms\u0131zl\u0131k Sava\u015f\u0131 y\u0131llar\u0131ndan 1950\u2019li y\u0131llara uzanan s\u00fcre\u00e7te Cumhuriyeti olu\u015fturan kurumlar\u0131n t\u00fcm\u00fc, b\u00fcy\u00fck bir toplumsal dayan\u0131\u015fma ve m\u00fccadele ile in\u015fa edilmi\u015flerdir. Bu d\u00f6nemde olu\u015fturulan kurumlar\u0131n en \u00f6nemli \u00f6zelli\u011fi halk\u0131n destek ve \u00f6zverisini en y\u00fcksek seviyede al\u0131nm\u0131\u015f olmas\u0131d\u0131r. Yap\u0131lmak istenenler topluma en do\u011fru \u015fekilde anlat\u0131lm\u0131\u015f ve bu \u015fekilde toplumdan b\u00fcy\u00fck bir destek al\u0131nm\u0131\u015ft\u0131r.<\/p>\n","protected":false},"excerpt":{"rendered":"<p>Elinizdeki eser, \u201cT\u00fcrkiye Cumhuriyeti Kurumlar\u0131 Tarihi\u201d alan\u0131nda ortaya \u00e7\u0131kan bir bo\u015flu\u011fun doldurulmas\u0131na katk\u0131da bulunmay\u0131 ama\u00e7l\u0131yor. T\u00fcrkiye Cumhuriyeti\u2019nin kurulu\u015f y\u0131llar\u0131na ait kurumlar ile ilgili derli toplu bir<span class=\"excerpt-hellip\"> [\u2026]<\/span><\/p>\n","protected":false},"featured_media":0,"template":"","meta":{"_monsterinsights_skip_tracking":false,"_monsterinsights_sitenote_active":false,"_monsterinsights_sitenote_note":"","_monsterinsights_sitenote_category":0},"product_brand":[],"product_cat":[12304,13493],"product_tag":[],"class_list":{"0":"post-784131","1":"product","2":"type-product","3":"status-publish","5":"product_cat-tarih","6":"product_cat-turkiye-ve-cumhuriyet-tarihi","7":"pa_cilt-ciltsiz","8":"pa_tur-kitap","9":"pa_yayinevi-siyasal-kitabevi","10":"pa_yazar-kemal-yakut-bekir-koclar-salim-gokcen","12":"first","13":"instock","14":"sale","15":"shipping-taxable","16":"purchasable","17":"product-type-simple"},"_links":{"self":[{"href":"https:\/\/roveyayinevi.com.tr\/index.php\/wp-json\/wp\/v2\/product\/784131","targetHints":{"allow":["GET"]}}],"collection":[{"href":"https:\/\/roveyayinevi.com.tr\/index.php\/wp-json\/wp\/v2\/product"}],"about":[{"href":"https:\/\/roveyayinevi.com.tr\/index.php\/wp-json\/wp\/v2\/types\/product"}],"wp:attachment":[{"href":"https:\/\/roveyayinevi.com.tr\/index.php\/wp-json\/wp\/v2\/media?parent=784131"}],"wp:term":[{"taxonomy":"product_brand","embeddable":true,"href":"https:\/\/roveyayinevi.com.tr\/index.php\/wp-json\/wp\/v2\/product_brand?post=784131"},{"taxonomy":"product_cat","embeddable":true,"href":"https:\/\/roveyayinevi.com.tr\/index.php\/wp-json\/wp\/v2\/product_cat?post=784131"},{"taxonomy":"product_tag","embeddable":true,"href":"https:\/\/roveyayinevi.com.tr\/index.php\/wp-json\/wp\/v2\/product_tag?post=784131"}],"curies":[{"name":"wp","href":"https:\/\/api.w.org\/{rel}","templated":true}]}}