{"id":784130,"date":"2026-03-03T03:36:26","date_gmt":"2026-03-03T00:36:26","guid":{"rendered":"https:\/\/roveyayinevi.com.tr\/index.php\/urun\/paristeki-cafe-et-jardin-turcun-seruveni\/"},"modified":"2026-04-15T03:29:45","modified_gmt":"2026-04-15T00:29:45","slug":"paristeki-cafe-et-jardin-turcun-seruveni","status":"publish","type":"product","link":"https:\/\/roveyayinevi.com.tr\/index.php\/urun\/paristeki-cafe-et-jardin-turcun-seruveni\/","title":{"rendered":"Paris\u2019teki Cafe et Jardin Turc\u2019\u00fcn Ser\u00fcveni"},"content":{"rendered":"<p>Toplumsal hayat\u0131n sahneleri olan mek\u00e2nlar, d\u00f6neminin tarihsel ve k\u00fclt\u00fcrel geli\u015fimini anlamland\u0131rmam\u0131z\u0131 sa\u011flayan dinamik yap\u0131lard\u0131r ve bunlar, \u201ck\u00fclt\u00fcrel ta\u015f\u0131y\u0131c\u0131\u201d olarak toplumun sosyoekonomik\/sosyok\u00fclt\u00fcrel\/sosyopolitik yap\u0131s\u0131 hakk\u0131nda bilgiler sunar. 18. y\u00fczy\u0131l Parisi\u2019nin en g\u00f6zde bulvarlar\u0131ndan biri olan Boulevard du Temple\u2019da bulunan Caf\u00e9 et Jardin Turc, kurulu\u015fundan itibaren bir\u00e7ok olaya tan\u0131kl\u0131k etmi\u015f; tarihi s\u00fcre\u00e7te ge\u00e7irdi\u011fi de\u011fi\u015fimler ve geli\u015fimlerle pop\u00fclarite kazanm\u0131\u015f; Bat\u0131\u2019n\u0131n \u201cT\u00fcrk\u201dlere, yani Osmanl\u0131\u2019ya kar\u015f\u0131 bak\u0131\u015f a\u00e7\u0131s\u0131n\u0131n de\u011fi\u015fmesini sa\u011flayan Turquiere ak\u0131m\u0131n\u0131n somut yans\u0131malar\u0131n\u0131 g\u00f6rebilece\u011fimiz en iyi \u00f6rneklerden biri olmu\u015ftur.   Nevzet \u00c7elik, Paris\u2019teki Caf\u00e9 et Jardin Turc\u2019\u00fcn Ser\u00fcveni adl\u0131 kitab\u0131nda, Caf\u00e9 et Jardin Turc\u2019\u00fcn tarih sahnesindeki konumunu ele al\u0131rken Frans\u0131z toplumunun Osmanl\u0131\u2019ya ait olana duydu\u011fu ilgiyi ve bu ilginin do\u011frudan temsilini bir\u00e7ok ba\u015fl\u0131k alt\u0131nda inceliyor. Kahvenin Avrupa\u2019ya ge\u00e7i\u015f s\u00fcrecinden sosyalle\u015fme mek\u00e2nlar\u0131 olan kafelerin yayg\u0131nla\u015fmas\u0131na; d\u00f6nemin \u00f6nemli entelekt\u00fcellerinin Caf\u00e9 Turc hakk\u0131ndaki yorumlar\u0131ndan Paris\u2019in m\u00fczik k\u00fclt\u00fcr\u00fcne kadar geni\u015f bir yelpazede sundu\u011fu konular\u0131 zengin bir ar\u015fiv ile okuruyla bulu\u015fturuyor. <\/p>\n","protected":false},"excerpt":{"rendered":"<p>Toplumsal hayat\u0131n sahneleri olan mek\u00e2nlar, d\u00f6neminin tarihsel ve k\u00fclt\u00fcrel geli\u015fimini anlamland\u0131rmam\u0131z\u0131 sa\u011flayan dinamik yap\u0131lard\u0131r ve bunlar, \u201ck\u00fclt\u00fcrel ta\u015f\u0131y\u0131c\u0131\u201d olarak toplumun sosyoekonomik\/sosyok\u00fclt\u00fcrel\/sosyopolitik yap\u0131s\u0131 hakk\u0131nda bilgiler sunar. 18.<span class=\"excerpt-hellip\"> [\u2026]<\/span><\/p>\n","protected":false},"featured_media":0,"template":"","meta":{"_monsterinsights_skip_tracking":false,"_monsterinsights_sitenote_active":false,"_monsterinsights_sitenote_note":"","_monsterinsights_sitenote_category":0},"product_brand":[],"product_cat":[12304,13650],"product_tag":[],"class_list":{"0":"post-784130","1":"product","2":"type-product","3":"status-publish","5":"product_cat-tarih","6":"product_cat-turk-tarihi-arastirmalari","7":"pa_cilt-ciltsiz","8":"pa_tur-kitap","9":"pa_yayinevi-ketebe-yayinlari","10":"pa_yazar-nevzet-celik","12":"first","13":"instock","14":"sale","15":"shipping-taxable","16":"purchasable","17":"product-type-simple"},"_links":{"self":[{"href":"https:\/\/roveyayinevi.com.tr\/index.php\/wp-json\/wp\/v2\/product\/784130","targetHints":{"allow":["GET"]}}],"collection":[{"href":"https:\/\/roveyayinevi.com.tr\/index.php\/wp-json\/wp\/v2\/product"}],"about":[{"href":"https:\/\/roveyayinevi.com.tr\/index.php\/wp-json\/wp\/v2\/types\/product"}],"wp:attachment":[{"href":"https:\/\/roveyayinevi.com.tr\/index.php\/wp-json\/wp\/v2\/media?parent=784130"}],"wp:term":[{"taxonomy":"product_brand","embeddable":true,"href":"https:\/\/roveyayinevi.com.tr\/index.php\/wp-json\/wp\/v2\/product_brand?post=784130"},{"taxonomy":"product_cat","embeddable":true,"href":"https:\/\/roveyayinevi.com.tr\/index.php\/wp-json\/wp\/v2\/product_cat?post=784130"},{"taxonomy":"product_tag","embeddable":true,"href":"https:\/\/roveyayinevi.com.tr\/index.php\/wp-json\/wp\/v2\/product_tag?post=784130"}],"curies":[{"name":"wp","href":"https:\/\/api.w.org\/{rel}","templated":true}]}}