{"id":784129,"date":"2026-03-03T03:32:17","date_gmt":"2026-03-03T00:32:17","guid":{"rendered":"https:\/\/roveyayinevi.com.tr\/index.php\/urun\/refik-saydam-hifzissihha-enstitusu-ve-okulu-dunu-bugunu-ve-gelecegi\/"},"modified":"2026-04-16T03:13:40","modified_gmt":"2026-04-16T00:13:40","slug":"refik-saydam-hifzissihha-enstitusu-ve-okulu-dunu-bugunu-ve-gelecegi","status":"publish","type":"product","link":"https:\/\/roveyayinevi.com.tr\/index.php\/urun\/refik-saydam-hifzissihha-enstitusu-ve-okulu-dunu-bugunu-ve-gelecegi\/","title":{"rendered":"Refik Saydam H\u0131fz\u0131ss\u0131hha Enstit\u00fcs\u00fc ve Okulu D\u00fcn\u00fc Bug\u00fcn\u00fc ve Gelece\u011fi"},"content":{"rendered":"<p>Kitap, Dr. Refik Saydam\u2019\u0131n hayat\u0131n\u0131, devlet adaml\u0131\u011f\u0131 ve sa\u011fl\u0131k alan\u0131ndaki \u00e7al\u0131\u015fmalar\u0131n\u0131 anlat\u0131r.Osmanl\u0131\u2019dan Cumhuriyet\u2019e ge\u00e7i\u015f s\u00fcrecinde \u00f6nemli g\u00f6revler \u00fcstlenen Refik Saydam\u2019\u0131n Milli M\u00fccadele\u2019deki rol\u00fc, uzun y\u0131llar Sa\u011fl\u0131k Bakanl\u0131\u011f\u0131 yapmas\u0131, H\u0131fz\u0131ss\u0131hha Enstit\u00fcs\u00fc\u2019n\u00fc kurmas\u0131 ve T\u00fcrkiye\u2019de modern sa\u011fl\u0131k sisteminin temellerini atmas\u0131 ele al\u0131n\u0131r. Hem biyografik hem de sa\u011fl\u0131k tarihi a\u00e7\u0131s\u0131ndan \u00f6nemli bir eserdir.<\/p>\n","protected":false},"excerpt":{"rendered":"<p>Kitap, Dr. Refik Saydam\u2019\u0131n hayat\u0131n\u0131, devlet adaml\u0131\u011f\u0131 ve sa\u011fl\u0131k alan\u0131ndaki \u00e7al\u0131\u015fmalar\u0131n\u0131 anlat\u0131r.Osmanl\u0131\u2019dan Cumhuriyet\u2019e ge\u00e7i\u015f s\u00fcrecinde \u00f6nemli g\u00f6revler \u00fcstlenen Refik Saydam\u2019\u0131n Milli M\u00fccadele\u2019deki rol\u00fc, uzun y\u0131llar Sa\u011fl\u0131k<span class=\"excerpt-hellip\"> [\u2026]<\/span><\/p>\n","protected":false},"featured_media":0,"template":"","meta":{"_monsterinsights_skip_tracking":false,"_monsterinsights_sitenote_active":false,"_monsterinsights_sitenote_note":"","_monsterinsights_sitenote_category":0},"product_brand":[],"product_cat":[12370,12304],"product_tag":[],"class_list":{"0":"post-784129","1":"product","2":"type-product","3":"status-publish","5":"product_cat-arastirma-inceleme","6":"product_cat-tarih","7":"pa_cilt-ciltsiz","8":"pa_tur-kitap","9":"pa_yayinevi-baris-kitap","10":"pa_yazar-bekir-metin","12":"first","13":"instock","14":"sale","15":"shipping-taxable","16":"purchasable","17":"product-type-simple"},"_links":{"self":[{"href":"https:\/\/roveyayinevi.com.tr\/index.php\/wp-json\/wp\/v2\/product\/784129","targetHints":{"allow":["GET"]}}],"collection":[{"href":"https:\/\/roveyayinevi.com.tr\/index.php\/wp-json\/wp\/v2\/product"}],"about":[{"href":"https:\/\/roveyayinevi.com.tr\/index.php\/wp-json\/wp\/v2\/types\/product"}],"wp:attachment":[{"href":"https:\/\/roveyayinevi.com.tr\/index.php\/wp-json\/wp\/v2\/media?parent=784129"}],"wp:term":[{"taxonomy":"product_brand","embeddable":true,"href":"https:\/\/roveyayinevi.com.tr\/index.php\/wp-json\/wp\/v2\/product_brand?post=784129"},{"taxonomy":"product_cat","embeddable":true,"href":"https:\/\/roveyayinevi.com.tr\/index.php\/wp-json\/wp\/v2\/product_cat?post=784129"},{"taxonomy":"product_tag","embeddable":true,"href":"https:\/\/roveyayinevi.com.tr\/index.php\/wp-json\/wp\/v2\/product_tag?post=784129"}],"curies":[{"name":"wp","href":"https:\/\/api.w.org\/{rel}","templated":true}]}}