{"id":784126,"date":"2026-03-03T02:36:19","date_gmt":"2026-03-02T23:36:19","guid":{"rendered":"https:\/\/roveyayinevi.com.tr\/index.php\/urun\/ektelesi-vegter\/"},"modified":"2026-04-15T02:33:59","modified_gmt":"2026-04-14T23:33:59","slug":"ektelesi-vegter","status":"publish","type":"product","link":"https:\/\/roveyayinevi.com.tr\/index.php\/urun\/ektelesi-vegter\/","title":{"rendered":"Ektelesi &#8211; Vegter"},"content":{"rendered":"<p>Kiral\u0131k bedenimden kurtulman\u0131n rahatl\u0131\u011f\u0131yla g\u00f6\u011fe do\u011fru y\u00fckselmeye devam ederken zihnimin kontrol\u00fcn\u00fc kaybetmi\u015f; i\u00e7 i\u00e7e girmi\u015f, birbiriyle ahenkli yedi g\u00f6k katman\u0131n\u0131n b\u00fcy\u00fcs\u00fcne kap\u0131lm\u0131\u015ft\u0131m. Yedi paralel evreni \u00e7epe\u00e7evre ku\u015fatan k\u00fcrsi kat\u0131 ve t\u00fcm bunlar\u0131n da \u00fczerindeki ar\u015f\u0131n ve her \u015feyin yarat\u0131c\u0131s\u0131 olan ger\u00e7ek Tanr\u0131\u2019n\u0131n hissi h\u00fccrelerimde dola\u015fmaya ba\u015flam\u0131\u015ft\u0131. Niteli\u011fini tam olarak bilemedi\u011fim anti-madde evreni i\u00e7erisinde g\u00f6kler aras\u0131 ge\u00e7i\u015f noktalar\u0131n\u0131, kap\u0131lar\u0131, g\u00f6klerin bucaklar\u0131n\u0131 g\u00f6rebiliyor ancak daha ilerisine ge\u00e7emiyordum. \u015eeytan tohumu sahte tanr\u0131lar\u0131n kat\u0131ndayd\u0131m. Hesapla\u015fma vakti gelmi\u015fti. Zeus\u2019un k\u0131z\u0131 ve Apollon\u2019un k\u0131z karde\u015fi sonsuz bakire Artemis\u2019in soyundan gelen annem Drjan\u2019\u0131n rahmine \u00fcflendi\u011fim g\u00fcne \u015f\u00fck\u00fcrler olsun.<\/p>\n","protected":false},"excerpt":{"rendered":"<p>Kiral\u0131k bedenimden kurtulman\u0131n rahatl\u0131\u011f\u0131yla g\u00f6\u011fe do\u011fru y\u00fckselmeye devam ederken zihnimin kontrol\u00fcn\u00fc kaybetmi\u015f; i\u00e7 i\u00e7e girmi\u015f, birbiriyle ahenkli yedi g\u00f6k katman\u0131n\u0131n b\u00fcy\u00fcs\u00fcne kap\u0131lm\u0131\u015ft\u0131m. Yedi paralel evreni \u00e7epe\u00e7evre<span class=\"excerpt-hellip\"> [\u2026]<\/span><\/p>\n","protected":false},"featured_media":0,"template":"","meta":{"_monsterinsights_skip_tracking":false,"_monsterinsights_sitenote_active":false,"_monsterinsights_sitenote_note":"","_monsterinsights_sitenote_category":0},"product_brand":[],"product_cat":[12291,12711],"product_tag":[],"class_list":{"0":"post-784126","1":"product","2":"type-product","3":"status-publish","5":"product_cat-edebiyat","6":"product_cat-roman-oyku","7":"pa_cilt-ciltsiz","8":"pa_tur-kitap","9":"pa_yayinevi-vaveyla-yayincilik","10":"pa_yazar-kinyas-oz","12":"first","13":"instock","14":"sale","15":"shipping-taxable","16":"purchasable","17":"product-type-simple"},"_links":{"self":[{"href":"https:\/\/roveyayinevi.com.tr\/index.php\/wp-json\/wp\/v2\/product\/784126","targetHints":{"allow":["GET"]}}],"collection":[{"href":"https:\/\/roveyayinevi.com.tr\/index.php\/wp-json\/wp\/v2\/product"}],"about":[{"href":"https:\/\/roveyayinevi.com.tr\/index.php\/wp-json\/wp\/v2\/types\/product"}],"wp:attachment":[{"href":"https:\/\/roveyayinevi.com.tr\/index.php\/wp-json\/wp\/v2\/media?parent=784126"}],"wp:term":[{"taxonomy":"product_brand","embeddable":true,"href":"https:\/\/roveyayinevi.com.tr\/index.php\/wp-json\/wp\/v2\/product_brand?post=784126"},{"taxonomy":"product_cat","embeddable":true,"href":"https:\/\/roveyayinevi.com.tr\/index.php\/wp-json\/wp\/v2\/product_cat?post=784126"},{"taxonomy":"product_tag","embeddable":true,"href":"https:\/\/roveyayinevi.com.tr\/index.php\/wp-json\/wp\/v2\/product_tag?post=784126"}],"curies":[{"name":"wp","href":"https:\/\/api.w.org\/{rel}","templated":true}]}}