{"id":784125,"date":"2026-03-03T02:35:29","date_gmt":"2026-03-02T23:35:29","guid":{"rendered":"https:\/\/roveyayinevi.com.tr\/index.php\/urun\/icimdeki-sen\/"},"modified":"2026-04-16T02:24:40","modified_gmt":"2026-04-15T23:24:40","slug":"icimdeki-sen","status":"publish","type":"product","link":"https:\/\/roveyayinevi.com.tr\/index.php\/urun\/icimdeki-sen\/","title":{"rendered":"\u0130\u00e7imdeki Sen"},"content":{"rendered":"<p>&#8220;Ge\u00e7mi\u015fi kabullenemeyen gelece\u011fe sa\u011flam temeller atamaz&#8221;Kad\u0131n ge\u00e7mi\u015finin verece\u011fi ac\u0131dan korkuyordu, adam ise kad\u0131n\u0131n ac\u0131 \u00e7ekmesinden&#8230;A\u015fk; hi\u00e7 bu kadar keskin olmam\u0131\u015ft\u0131&#8230;Hikayeler farkl\u0131yd\u0131 ama ac\u0131lar ayn\u0131yd\u0131.Biri derin yaralar alm\u0131\u015f fakat ge\u00e7mi\u015fini kabullenememi\u015f, di\u011feri ise ge\u00e7mi\u015fi kabullenip kadere raz\u0131 gelmi\u015fti.&#8221;Bir tarafta hi\u00e7 i\u015flemedi\u011fi bir su\u00e7 y\u00fcz\u00fcnden psikolojik sorunlar ya\u015fayan Deniz Zorlu&#8221;&#8230;&#8221;Di\u011fer yandan Derin i\u00e7in her \u015feyi yapmayag\u00f6ze alm\u0131\u015f Araf  Korkmaz &#8220;&#8230;\u0130\u00e7indeki Adam\u0131 Kaybetmi\u015f Kad\u0131nlara&#8230;<\/p>\n","protected":false},"excerpt":{"rendered":"<p>&#8220;Ge\u00e7mi\u015fi kabullenemeyen gelece\u011fe sa\u011flam temeller atamaz&#8221;Kad\u0131n ge\u00e7mi\u015finin verece\u011fi ac\u0131dan korkuyordu, adam ise kad\u0131n\u0131n ac\u0131 \u00e7ekmesinden&#8230;A\u015fk; hi\u00e7 bu kadar keskin olmam\u0131\u015ft\u0131&#8230;Hikayeler farkl\u0131yd\u0131 ama ac\u0131lar ayn\u0131yd\u0131.Biri derin yaralar<span class=\"excerpt-hellip\"> [\u2026]<\/span><\/p>\n","protected":false},"featured_media":0,"template":"","meta":{"_monsterinsights_skip_tracking":false,"_monsterinsights_sitenote_active":false,"_monsterinsights_sitenote_note":"","_monsterinsights_sitenote_category":0},"product_brand":[],"product_cat":[12291,12711],"product_tag":[],"class_list":{"0":"post-784125","1":"product","2":"type-product","3":"status-publish","5":"product_cat-edebiyat","6":"product_cat-roman-oyku","7":"pa_cilt-ciltsiz","8":"pa_tur-kitap","9":"pa_yayinevi-vaveyla-yayincilik","10":"pa_yazar-esra-nur-guler","12":"first","13":"instock","14":"sale","15":"shipping-taxable","16":"purchasable","17":"product-type-simple"},"_links":{"self":[{"href":"https:\/\/roveyayinevi.com.tr\/index.php\/wp-json\/wp\/v2\/product\/784125","targetHints":{"allow":["GET"]}}],"collection":[{"href":"https:\/\/roveyayinevi.com.tr\/index.php\/wp-json\/wp\/v2\/product"}],"about":[{"href":"https:\/\/roveyayinevi.com.tr\/index.php\/wp-json\/wp\/v2\/types\/product"}],"wp:attachment":[{"href":"https:\/\/roveyayinevi.com.tr\/index.php\/wp-json\/wp\/v2\/media?parent=784125"}],"wp:term":[{"taxonomy":"product_brand","embeddable":true,"href":"https:\/\/roveyayinevi.com.tr\/index.php\/wp-json\/wp\/v2\/product_brand?post=784125"},{"taxonomy":"product_cat","embeddable":true,"href":"https:\/\/roveyayinevi.com.tr\/index.php\/wp-json\/wp\/v2\/product_cat?post=784125"},{"taxonomy":"product_tag","embeddable":true,"href":"https:\/\/roveyayinevi.com.tr\/index.php\/wp-json\/wp\/v2\/product_tag?post=784125"}],"curies":[{"name":"wp","href":"https:\/\/api.w.org\/{rel}","templated":true}]}}