{"id":784124,"date":"2026-03-03T02:29:29","date_gmt":"2026-03-02T23:29:29","guid":{"rendered":"https:\/\/roveyayinevi.com.tr\/index.php\/urun\/jeopolitik\/"},"modified":"2026-04-16T02:20:30","modified_gmt":"2026-04-15T23:20:30","slug":"jeopolitik","status":"publish","type":"product","link":"https:\/\/roveyayinevi.com.tr\/index.php\/urun\/jeopolitik\/","title":{"rendered":"Jeopolitik"},"content":{"rendered":"<p>Winston Churchill&#8217;in \u0130kinci D\u00fcnya Sava\u015f\u0131&#8217;n\u0131n en \u015fiddetli g\u00fcnlerinde \u00e7al\u0131\u015ft\u0131\u011f\u0131 odas\u0131n\u0131 ziyaret edenlerin her\u015feyden evvel dikkatlerini duvarlar\u0131 kaplayan \u00e7e\u015fitli haritalar \u00e7ekerdi. <\/p>\n","protected":false},"excerpt":{"rendered":"<p>Winston Churchill&#8217;in \u0130kinci D\u00fcnya Sava\u015f\u0131&#8217;n\u0131n en \u015fiddetli g\u00fcnlerinde \u00e7al\u0131\u015ft\u0131\u011f\u0131 odas\u0131n\u0131 ziyaret edenlerin her\u015feyden evvel dikkatlerini duvarlar\u0131 kaplayan \u00e7e\u015fitli haritalar \u00e7ekerdi.<\/p>\n","protected":false},"featured_media":0,"template":"","meta":{"_monsterinsights_skip_tracking":false,"_monsterinsights_sitenote_active":false,"_monsterinsights_sitenote_note":"","_monsterinsights_sitenote_category":0},"product_brand":[],"product_cat":[12337,17225],"product_tag":[],"class_list":{"0":"post-784124","1":"product","2":"type-product","3":"status-publish","5":"product_cat-politika-siyaset","6":"product_cat-uluslararasi-iliskiler","7":"pa_cilt-ciltsiz","8":"pa_tur-kitap","9":"pa_yayinevi-baris-kitap","10":"pa_yazar-bulent-sener","12":"first","13":"instock","14":"sale","15":"shipping-taxable","16":"purchasable","17":"product-type-simple"},"_links":{"self":[{"href":"https:\/\/roveyayinevi.com.tr\/index.php\/wp-json\/wp\/v2\/product\/784124","targetHints":{"allow":["GET"]}}],"collection":[{"href":"https:\/\/roveyayinevi.com.tr\/index.php\/wp-json\/wp\/v2\/product"}],"about":[{"href":"https:\/\/roveyayinevi.com.tr\/index.php\/wp-json\/wp\/v2\/types\/product"}],"wp:attachment":[{"href":"https:\/\/roveyayinevi.com.tr\/index.php\/wp-json\/wp\/v2\/media?parent=784124"}],"wp:term":[{"taxonomy":"product_brand","embeddable":true,"href":"https:\/\/roveyayinevi.com.tr\/index.php\/wp-json\/wp\/v2\/product_brand?post=784124"},{"taxonomy":"product_cat","embeddable":true,"href":"https:\/\/roveyayinevi.com.tr\/index.php\/wp-json\/wp\/v2\/product_cat?post=784124"},{"taxonomy":"product_tag","embeddable":true,"href":"https:\/\/roveyayinevi.com.tr\/index.php\/wp-json\/wp\/v2\/product_tag?post=784124"}],"curies":[{"name":"wp","href":"https:\/\/api.w.org\/{rel}","templated":true}]}}