{"id":784123,"date":"2026-03-03T02:27:43","date_gmt":"2026-03-02T23:27:43","guid":{"rendered":"https:\/\/roveyayinevi.com.tr\/index.php\/urun\/imam-ali-buyruklari\/"},"modified":"2026-04-16T02:18:47","modified_gmt":"2026-04-15T23:18:47","slug":"imam-ali-buyruklari","status":"publish","type":"product","link":"https:\/\/roveyayinevi.com.tr\/index.php\/urun\/imam-ali-buyruklari\/","title":{"rendered":"\u0130mam Ali Buyruklar\u0131"},"content":{"rendered":"<p>\u00dcmidimiz, Ali dostlar\u0131n\u0131n bu kitap k\u0131lavuzlu\u011funda \u0130mam Alinin (a.s) engin d\u00fc\u015f\u00fcnce d\u00fcnyas\u0131yla bir nebze tan\u0131\u015fmalar\u0131 ve kendi d\u00fc\u015f\u00fcnce ve ya\u015fam tarzlar\u0131n\u0131 \u0130mam Aliye (a.s) yak\u0131\u015f\u0131r hale getirmeye \u00e7al\u0131\u015fmalar\u0131d\u0131r.<\/p>\n","protected":false},"excerpt":{"rendered":"<p>\u00dcmidimiz, Ali dostlar\u0131n\u0131n bu kitap k\u0131lavuzlu\u011funda \u0130mam Alinin (a.s) engin d\u00fc\u015f\u00fcnce d\u00fcnyas\u0131yla bir nebze tan\u0131\u015fmalar\u0131 ve kendi d\u00fc\u015f\u00fcnce ve ya\u015fam tarzlar\u0131n\u0131 \u0130mam Aliye (a.s) yak\u0131\u015f\u0131r hale<span class=\"excerpt-hellip\"> [\u2026]<\/span><\/p>\n","protected":false},"featured_media":0,"template":"","meta":{"_monsterinsights_skip_tracking":false,"_monsterinsights_sitenote_active":false,"_monsterinsights_sitenote_note":"","_monsterinsights_sitenote_category":0},"product_brand":[],"product_cat":[13575,12718,12719],"product_tag":[],"class_list":{"0":"post-784123","1":"product","2":"type-product","3":"status-publish","5":"product_cat-alevilik-bektasilik","6":"product_cat-din","7":"product_cat-islam","8":"pa_cilt-ciltsiz","9":"pa_tur-kitap","10":"pa_yayinevi-baris-kitap","11":"pa_yazar-seyyit-cemalettin-dinperver","13":"first","14":"instock","15":"sale","16":"shipping-taxable","17":"purchasable","18":"product-type-simple"},"_links":{"self":[{"href":"https:\/\/roveyayinevi.com.tr\/index.php\/wp-json\/wp\/v2\/product\/784123","targetHints":{"allow":["GET"]}}],"collection":[{"href":"https:\/\/roveyayinevi.com.tr\/index.php\/wp-json\/wp\/v2\/product"}],"about":[{"href":"https:\/\/roveyayinevi.com.tr\/index.php\/wp-json\/wp\/v2\/types\/product"}],"wp:attachment":[{"href":"https:\/\/roveyayinevi.com.tr\/index.php\/wp-json\/wp\/v2\/media?parent=784123"}],"wp:term":[{"taxonomy":"product_brand","embeddable":true,"href":"https:\/\/roveyayinevi.com.tr\/index.php\/wp-json\/wp\/v2\/product_brand?post=784123"},{"taxonomy":"product_cat","embeddable":true,"href":"https:\/\/roveyayinevi.com.tr\/index.php\/wp-json\/wp\/v2\/product_cat?post=784123"},{"taxonomy":"product_tag","embeddable":true,"href":"https:\/\/roveyayinevi.com.tr\/index.php\/wp-json\/wp\/v2\/product_tag?post=784123"}],"curies":[{"name":"wp","href":"https:\/\/api.w.org\/{rel}","templated":true}]}}