{"id":784122,"date":"2026-03-03T02:27:10","date_gmt":"2026-03-02T23:27:10","guid":{"rendered":"https:\/\/roveyayinevi.com.tr\/index.php\/urun\/ateste-semaha-durmak\/"},"modified":"2026-04-16T02:18:08","modified_gmt":"2026-04-15T23:18:08","slug":"ateste-semaha-durmak","status":"publish","type":"product","link":"https:\/\/roveyayinevi.com.tr\/index.php\/urun\/ateste-semaha-durmak\/","title":{"rendered":"Ate\u015fte Semaha Durmak"},"content":{"rendered":"<p>Ate\u015f vard\u0131. Can vard\u0131. Canlar vard\u0131Yang\u0131n ve \u00f6l\u00fcm vard\u0131.Onlar ate\u015fte semaha durdular.Canlar \u201c\u00f6l\u00fcm\u00fc g\u00fczel k\u0131ld\u0131lar\u201d<\/p>\n","protected":false},"excerpt":{"rendered":"<p>Ate\u015f vard\u0131. Can vard\u0131. Canlar vard\u0131Yang\u0131n ve \u00f6l\u00fcm vard\u0131.Onlar ate\u015fte semaha durdular.Canlar \u201c\u00f6l\u00fcm\u00fc g\u00fczel k\u0131ld\u0131lar\u201d<\/p>\n","protected":false},"featured_media":0,"template":"","meta":{"_monsterinsights_skip_tracking":false,"_monsterinsights_sitenote_active":false,"_monsterinsights_sitenote_note":"","_monsterinsights_sitenote_category":0},"product_brand":[],"product_cat":[13575,12718,12719],"product_tag":[],"class_list":{"0":"post-784122","1":"product","2":"type-product","3":"status-publish","5":"product_cat-alevilik-bektasilik","6":"product_cat-din","7":"product_cat-islam","8":"pa_cilt-ciltsiz","9":"pa_tur-kitap","10":"pa_yayinevi-baris-kitap","11":"pa_yazar-ali-yildirim","13":"first","14":"instock","15":"sale","16":"shipping-taxable","17":"purchasable","18":"product-type-simple"},"_links":{"self":[{"href":"https:\/\/roveyayinevi.com.tr\/index.php\/wp-json\/wp\/v2\/product\/784122","targetHints":{"allow":["GET"]}}],"collection":[{"href":"https:\/\/roveyayinevi.com.tr\/index.php\/wp-json\/wp\/v2\/product"}],"about":[{"href":"https:\/\/roveyayinevi.com.tr\/index.php\/wp-json\/wp\/v2\/types\/product"}],"wp:attachment":[{"href":"https:\/\/roveyayinevi.com.tr\/index.php\/wp-json\/wp\/v2\/media?parent=784122"}],"wp:term":[{"taxonomy":"product_brand","embeddable":true,"href":"https:\/\/roveyayinevi.com.tr\/index.php\/wp-json\/wp\/v2\/product_brand?post=784122"},{"taxonomy":"product_cat","embeddable":true,"href":"https:\/\/roveyayinevi.com.tr\/index.php\/wp-json\/wp\/v2\/product_cat?post=784122"},{"taxonomy":"product_tag","embeddable":true,"href":"https:\/\/roveyayinevi.com.tr\/index.php\/wp-json\/wp\/v2\/product_tag?post=784122"}],"curies":[{"name":"wp","href":"https:\/\/api.w.org\/{rel}","templated":true}]}}