{"id":784120,"date":"2026-03-01T04:15:16","date_gmt":"2026-03-01T01:15:16","guid":{"rendered":"https:\/\/roveyayinevi.com.tr\/index.php\/urun\/soz-tekrara-dustu\/"},"modified":"2026-04-15T03:47:40","modified_gmt":"2026-04-15T00:47:40","slug":"soz-tekrara-dustu","status":"publish","type":"product","link":"https:\/\/roveyayinevi.com.tr\/index.php\/urun\/soz-tekrara-dustu\/","title":{"rendered":"S\u00f6z Tekrara D\u00fc\u015ft\u00fc"},"content":{"rendered":"<p>\u2026 Biraz edebiyat, biraz d\u00fc\u015f\u00fcnce ve d\u00fcnya tarihinden s\u00fcz\u00fcl\u00fcp gelen k\u00fclt\u00fcrel birikim ve d\u00fcnyan\u0131n olu\u015fumundan bu yana yery\u00fcz\u00fcn\u00fcn bi\u00e7imlenmesi esnas\u0131nda do\u011fal g\u00fczellikler ve do\u011fan\u0131n birikimi \u00fczerine s\u00f6ylenecek birka\u00e7 c\u00fcmleyle sorgulamakla me\u015fgul oldu\u011fumuz ya\u015fam\u0131n, do\u011fan\u0131n felsefesine dairdi.Ve hep ayn\u0131 hik\u00e2ye\u2026 Hik\u00e2yenin ayn\u0131 olmas\u0131 insanl\u0131\u011f\u0131n var oldu\u011fu g\u00fcnden beri g\u00f6r\u00fcnen ve b\u00fct\u00fcn bulgular\u0131n insan\u0131n etraf\u0131nda, kale surlar\u0131ndan \u00e7evrilmi\u015f ve ta\u015ftan yap\u0131lm\u0131\u015f bir duvar\u0131n bir har\u00e7la harmanlanm\u0131\u015f, kendi \u00f6rd\u00fc\u011f\u00fc kale duvarlar\u0131nda ta\u015f olmas\u0131yd\u0131 b\u00fct\u00fcn hik\u00e2ye. Hep ayn\u0131 hik\u00e2ye dedim ya\u2026 Olmas\u0131 gerekende buydu\u2026 Hik\u00e2yenin ayn\u0131 olmas\u0131 normaldi.Ve S\u00f6z Tekrara D\u00fc\u015ft\u00fc\u2026<\/p>\n","protected":false},"excerpt":{"rendered":"<p>\u2026 Biraz edebiyat, biraz d\u00fc\u015f\u00fcnce ve d\u00fcnya tarihinden s\u00fcz\u00fcl\u00fcp gelen k\u00fclt\u00fcrel birikim ve d\u00fcnyan\u0131n olu\u015fumundan bu yana yery\u00fcz\u00fcn\u00fcn bi\u00e7imlenmesi esnas\u0131nda do\u011fal g\u00fczellikler ve do\u011fan\u0131n birikimi \u00fczerine<span class=\"excerpt-hellip\"> [\u2026]<\/span><\/p>\n","protected":false},"featured_media":0,"template":"","meta":{"_monsterinsights_skip_tracking":false,"_monsterinsights_sitenote_active":false,"_monsterinsights_sitenote_note":"","_monsterinsights_sitenote_category":0},"product_brand":[],"product_cat":[12777,12291],"product_tag":[],"class_list":{"0":"post-784120","1":"product","2":"type-product","3":"status-publish","5":"product_cat-deneme","6":"product_cat-edebiyat","7":"pa_cilt-ciltsiz","8":"pa_tur-kitap","9":"pa_yayinevi-kmd-yayinlari","10":"pa_yazar-mehmet-topuz","12":"first","13":"instock","14":"sale","15":"shipping-taxable","16":"purchasable","17":"product-type-simple"},"_links":{"self":[{"href":"https:\/\/roveyayinevi.com.tr\/index.php\/wp-json\/wp\/v2\/product\/784120","targetHints":{"allow":["GET"]}}],"collection":[{"href":"https:\/\/roveyayinevi.com.tr\/index.php\/wp-json\/wp\/v2\/product"}],"about":[{"href":"https:\/\/roveyayinevi.com.tr\/index.php\/wp-json\/wp\/v2\/types\/product"}],"wp:attachment":[{"href":"https:\/\/roveyayinevi.com.tr\/index.php\/wp-json\/wp\/v2\/media?parent=784120"}],"wp:term":[{"taxonomy":"product_brand","embeddable":true,"href":"https:\/\/roveyayinevi.com.tr\/index.php\/wp-json\/wp\/v2\/product_brand?post=784120"},{"taxonomy":"product_cat","embeddable":true,"href":"https:\/\/roveyayinevi.com.tr\/index.php\/wp-json\/wp\/v2\/product_cat?post=784120"},{"taxonomy":"product_tag","embeddable":true,"href":"https:\/\/roveyayinevi.com.tr\/index.php\/wp-json\/wp\/v2\/product_tag?post=784120"}],"curies":[{"name":"wp","href":"https:\/\/api.w.org\/{rel}","templated":true}]}}