{"id":784112,"date":"2026-03-01T04:14:55","date_gmt":"2026-03-01T01:14:55","guid":{"rendered":"https:\/\/roveyayinevi.com.tr\/index.php\/urun\/turkes-dedeyle-ogreniyoruz\/"},"modified":"2026-03-18T03:41:02","modified_gmt":"2026-03-18T00:41:02","slug":"turkes-dedeyle-ogreniyoruz","status":"publish","type":"product","link":"https:\/\/roveyayinevi.com.tr\/index.php\/urun\/turkes-dedeyle-ogreniyoruz\/","title":{"rendered":"T\u00fcrke\u015f Dede\u2019yle \u00d6\u011freniyoruz"},"content":{"rendered":"<p>T\u00fcrke\u015f Dede\u2019yle \u00d6\u011freniyoruz, \u00e7ocuklara sadece bir hik\u00e2ye de\u011fil; karakter, duru\u015f ve de\u011fer kazand\u0131rmay\u0131 ama\u00e7layan \u00f6zel bir eserdir. Bu kitapta \u00e7ocuklar, bilge bir dede fig\u00fcr\u00fc olan \u201cT\u00fcrke\u015f Dede\u201d ile birlikte hayat\u0131n temel de\u011ferlerini ke\u015ffe \u00e7\u0131kar. Sevgi, sayg\u0131, sorumluluk, vatan bilinci, \u00e7al\u0131\u015fkanl\u0131k ve ahlaki duru\u015f gibi kavramlar; sade, anla\u015f\u0131l\u0131r ve \u00e7ocuklar\u0131n d\u00fcnyas\u0131na uygun bir anlat\u0131mla sunulur. Eser, T\u00fcrk siyasi hayat\u0131nda \u00f6nemli bir iz b\u0131rakm\u0131\u015f olan Alparslan T\u00fcrke\u015f\u2019in ger\u00e7ek hayattaki duru\u015fundan ve de\u011fer anlay\u0131\u015f\u0131ndan ilham al\u0131narak kurgulanm\u0131\u015f bir bilge karakter \u00fczerinden ilerler. Ancak anlat\u0131m dili tamamen \u00e7ocuklar\u0131n d\u00fcnyas\u0131na uygun, \u00f6\u011fretici ve kapsay\u0131c\u0131 bir \u00e7er\u00e7evede ele al\u0131nm\u0131\u015ft\u0131r. Kitab\u0131n ana kahramanlar\u0131 G\u00fclce ve Kemal, merak eden, sorgulayan ve \u00f6\u011frenmeye a\u00e7\u0131k iki \u00e7ocuk olarak okuyucuyu hik\u00e2yenin i\u00e7ine \u00e7eker. T\u00fcrke\u015f Dede\u2019nin rehberli\u011finde hem g\u00fcnl\u00fck hayata dair dersler \u00f6\u011frenir hem de g\u00fc\u00e7l\u00fc bir karakterin nas\u0131l in\u015fa edilece\u011fini ke\u015ffederler. Eser; ailelerin \u00e7ocuklar\u0131yla birlikte okuyabilece\u011fi, \u00f6\u011fretmenlerin de\u011ferler e\u011fitimi kapsam\u0131nda kullanabilece\u011fi ve \u00e7ocuklar\u0131n bilin\u00e7li bireyler olarak yeti\u015fmesine katk\u0131 sunmay\u0131 hedefleyen bir \u00e7al\u0131\u015fmad\u0131r. Erkan \u00d6zben, bu kitab\u0131yla \u00e7ocuklara sadece bilgi de\u011fil; bir duru\u015f, bir karakter ve k\u00f6kl\u00fc de\u011ferlerden beslenen bir miras b\u0131rakmay\u0131 ama\u00e7lamaktad\u0131r.<\/p>\n","protected":false},"excerpt":{"rendered":"<p>T\u00fcrke\u015f Dede\u2019yle \u00d6\u011freniyoruz, \u00e7ocuklara sadece bir hik\u00e2ye de\u011fil; karakter, duru\u015f ve de\u011fer kazand\u0131rmay\u0131 ama\u00e7layan \u00f6zel bir eserdir. Bu kitapta \u00e7ocuklar, bilge bir dede fig\u00fcr\u00fc olan \u201cT\u00fcrke\u015f<span class=\"excerpt-hellip\"> [\u2026]<\/span><\/p>\n","protected":false},"featured_media":0,"template":"","meta":{"_monsterinsights_skip_tracking":false,"_monsterinsights_sitenote_active":false,"_monsterinsights_sitenote_note":"","_monsterinsights_sitenote_category":0},"product_brand":[],"product_cat":[12274,14573],"product_tag":[],"class_list":{"0":"post-784112","1":"product","2":"type-product","3":"status-publish","5":"product_cat-cocuk-ve-genclik-kitaplari","6":"product_cat-referans-kitaplar-cocuk-ve-genclik-kitaplari","7":"pa_cilt-ciltsiz","8":"pa_tur-kitap","9":"pa_yayinevi-leman-yayinevi","10":"pa_yazar-erkan-ozben","12":"first","13":"instock","14":"sale","15":"shipping-taxable","16":"purchasable","17":"product-type-simple"},"_links":{"self":[{"href":"https:\/\/roveyayinevi.com.tr\/index.php\/wp-json\/wp\/v2\/product\/784112","targetHints":{"allow":["GET"]}}],"collection":[{"href":"https:\/\/roveyayinevi.com.tr\/index.php\/wp-json\/wp\/v2\/product"}],"about":[{"href":"https:\/\/roveyayinevi.com.tr\/index.php\/wp-json\/wp\/v2\/types\/product"}],"wp:attachment":[{"href":"https:\/\/roveyayinevi.com.tr\/index.php\/wp-json\/wp\/v2\/media?parent=784112"}],"wp:term":[{"taxonomy":"product_brand","embeddable":true,"href":"https:\/\/roveyayinevi.com.tr\/index.php\/wp-json\/wp\/v2\/product_brand?post=784112"},{"taxonomy":"product_cat","embeddable":true,"href":"https:\/\/roveyayinevi.com.tr\/index.php\/wp-json\/wp\/v2\/product_cat?post=784112"},{"taxonomy":"product_tag","embeddable":true,"href":"https:\/\/roveyayinevi.com.tr\/index.php\/wp-json\/wp\/v2\/product_tag?post=784112"}],"curies":[{"name":"wp","href":"https:\/\/api.w.org\/{rel}","templated":true}]}}