{"id":784111,"date":"2026-03-01T04:14:24","date_gmt":"2026-03-01T01:14:24","guid":{"rendered":"https:\/\/roveyayinevi.com.tr\/index.php\/urun\/altin-zincilerfikih-usulunde-temel-tartisma-konulari\/"},"modified":"2026-04-15T03:46:54","modified_gmt":"2026-04-15T00:46:54","slug":"altin-zincilerfikih-usulunde-temel-tartisma-konulari","status":"publish","type":"product","link":"https:\/\/roveyayinevi.com.tr\/index.php\/urun\/altin-zincilerfikih-usulunde-temel-tartisma-konulari\/","title":{"rendered":"Alt\u0131n Zinciler;F\u0131k\u0131h Usul\u00fcnde Temel Tart\u0131\u015fma Konular\u0131"},"content":{"rendered":"<p>\u0130slam hukuk du\u0308\u015fu\u0308ncesinin en verimli d\u00f6nemlerinden biri olan hicr\u00ee 8. yu\u0308zy\u0131lda, \u00e7ok y\u00f6nlu\u0308 \u00e2lim Bedredd\u00een ez-Zerke\u015f\u00ee taraf\u0131ndan kaleme al\u0131nan Sel\u00e2silu\u2019z-Zeheb, f\u0131k\u0131h us\u00fblu\u0308 literatu\u0308ru\u0308nde \u00f6zgu\u0308n bir yere sahiptir. Zerke\u015f\u00ee, Alt\u0131n Zincirler ad\u0131yla Tu\u0308rk\u00e7eye kazand\u0131rd\u0131\u011f\u0131m\u0131z bu eserinde, sadece bir us\u00fbl metni kurgulamakla kalmam\u0131\u015f; ayn\u0131 zamanda kendisinden \u00f6nceki devasa birikimi su\u0308zge\u00e7ten ge\u00e7irerek mensubu oldu\u011fu \u015e\u00e2fi\u00ee hukuk du\u0308\u015fu\u0308ncesinin temel kaynaklar\u0131na ilaveten Hanef\u00ee, Hanbel\u00ee, M\u00e2lik\u00ee ve Mu\u2019tezil\u00ee \u00e2limlerinin eserlerinden de istifade etmi\u015ftir.Eser; bilgi teorisinden dil tart\u0131\u015fmalar\u0131na, emir-nehiy hiyerar\u015fisinden k\u0131yas\u0131n teknik inceliklerine ve i\u00e7tihat teorisine kadar us\u00fblu\u0308n temel meselelerini, mezhep i\u00e7indeki farkl\u0131 e\u011filimleri de g\u00f6zeterek sistematik bir bu\u0308tu\u0308nlu\u0308k i\u00e7inde ele al\u0131r. Zerke\u015f\u00ee\u2019nin titiz metodolojisi, f\u0131kh\u00ee hu\u0308ku\u0308mlerin istinbat su\u0308re\u00e7lerindeki akl\u00ee ve nakl\u00ee dengeleri, kavramsal bir berrakl\u0131kla okuyucuya sunar.Alt\u0131n Zincirler, bir yandan klasik ilim gelene\u011finin \u015ferh veha\u015fiye ku\u0308ltu\u0308ru\u0308 i\u00e7indeki derinli\u011fine \u0131\u015f\u0131k tutarken di\u011fer yandan Zerke\u015f\u00ee\u2019nin \u00f6zgu\u0308n tercihlerini ve ele\u015ftirel yakla\u015f\u0131m\u0131n\u0131 gu\u0308n yu\u0308zu\u0308ne \u00e7\u0131karmaktad\u0131r. \u0130slam hukukunun evrensel ilkelerini ve kavramsal \u015femalar\u0131n\u0131 derinlemesine kavramak isteyen ara\u015ft\u0131rmac\u0131lar i\u00e7in bir referans kayna\u011f\u0131 niteli\u011finde olan bu \u00e7al\u0131\u015fma, ilim gelene\u011fimizin su\u0308reklili\u011fini ve fikr\u00ee canl\u0131l\u0131\u011f\u0131n\u0131 temsil eden nadide bir mirast\u0131r.<\/p>\n","protected":false},"excerpt":{"rendered":"<p>\u0130slam hukuk du\u0308\u015fu\u0308ncesinin en verimli d\u00f6nemlerinden biri olan hicr\u00ee 8. yu\u0308zy\u0131lda, \u00e7ok y\u00f6nlu\u0308 \u00e2lim Bedredd\u00een ez-Zerke\u015f\u00ee taraf\u0131ndan kaleme al\u0131nan Sel\u00e2silu\u2019z-Zeheb, f\u0131k\u0131h us\u00fblu\u0308 literatu\u0308ru\u0308nde \u00f6zgu\u0308n bir yere<span class=\"excerpt-hellip\"> [\u2026]<\/span><\/p>\n","protected":false},"featured_media":0,"template":"","meta":{"_monsterinsights_skip_tracking":false,"_monsterinsights_sitenote_active":false,"_monsterinsights_sitenote_note":"","_monsterinsights_sitenote_category":0},"product_brand":[],"product_cat":[16789,12718,12719],"product_tag":[],"class_list":{"0":"post-784111","1":"product","2":"type-product","3":"status-publish","5":"product_cat-diger-islam","6":"product_cat-din","7":"product_cat-islam","8":"pa_cilt-ciltsiz","9":"pa_tur-kitap","10":"pa_yayinevi-albaraka-yayinlari","11":"pa_yazar-bedreddin-ez-zerkesi","13":"first","14":"instock","15":"sale","16":"shipping-taxable","17":"purchasable","18":"product-type-simple"},"_links":{"self":[{"href":"https:\/\/roveyayinevi.com.tr\/index.php\/wp-json\/wp\/v2\/product\/784111","targetHints":{"allow":["GET"]}}],"collection":[{"href":"https:\/\/roveyayinevi.com.tr\/index.php\/wp-json\/wp\/v2\/product"}],"about":[{"href":"https:\/\/roveyayinevi.com.tr\/index.php\/wp-json\/wp\/v2\/types\/product"}],"wp:attachment":[{"href":"https:\/\/roveyayinevi.com.tr\/index.php\/wp-json\/wp\/v2\/media?parent=784111"}],"wp:term":[{"taxonomy":"product_brand","embeddable":true,"href":"https:\/\/roveyayinevi.com.tr\/index.php\/wp-json\/wp\/v2\/product_brand?post=784111"},{"taxonomy":"product_cat","embeddable":true,"href":"https:\/\/roveyayinevi.com.tr\/index.php\/wp-json\/wp\/v2\/product_cat?post=784111"},{"taxonomy":"product_tag","embeddable":true,"href":"https:\/\/roveyayinevi.com.tr\/index.php\/wp-json\/wp\/v2\/product_tag?post=784111"}],"curies":[{"name":"wp","href":"https:\/\/api.w.org\/{rel}","templated":true}]}}