{"id":784110,"date":"2026-03-01T03:34:13","date_gmt":"2026-03-01T00:34:13","guid":{"rendered":"https:\/\/roveyayinevi.com.tr\/index.php\/urun\/ataturk-bir-dahinin-yasam-oykusu\/"},"modified":"2026-03-05T03:36:14","modified_gmt":"2026-03-05T00:36:14","slug":"ataturk-bir-dahinin-yasam-oykusu","status":"publish","type":"product","link":"https:\/\/roveyayinevi.com.tr\/index.php\/urun\/ataturk-bir-dahinin-yasam-oykusu\/","title":{"rendered":"Atat\u00fcrk &#8211; Bir Dahinin Ya\u015fam \u00d6yk\u00fcs\u00fc"},"content":{"rendered":"<p>Yak\u0131n tarihimizi her y\u00f6n\u00fcyle bilmek, g\u00fcn\u00fcm\u00fcz\u00fc anlamak ve gelece\u011fimizi planlayabilmek a\u00e7\u0131s\u0131ndan olduk\u00e7a \u00f6nemlidir. \u00c7\u00fcnk\u00fc tarih, ya\u015fanm\u0131\u015f ve bitmi\u015f olaylar b\u00fct\u00fcn\u00fc de\u011fil, ge\u00e7mi\u015fi g\u00fcn\u00fcm\u00fcze ve gelece\u011fe ba\u011flayan zincirleme olgular b\u00fct\u00fcn\u00fcd\u00fcr. Bu a\u00e7\u0131dan bak\u0131ld\u0131\u011f\u0131nda yak\u0131n tarihimiz Atat\u00fcrk&#8217;\u00fcn h\u00e2l terc\u00fcmesidir. O; ya\u015fam\u0131nda kar\u015f\u0131la\u015ft\u0131\u011f\u0131 zorluklar\u0131n a\u015f\u0131lmas\u0131nda ve problemlerin \u00e7\u00f6z\u00fcm\u00fcnde daima ak\u0131l ve bilimin yol g\u00f6stericili\u011fini takip etti\u011fini, ba\u015fka yol g\u00f6sterici olamayaca\u011f\u0131n\u0131 belirtmektedir. Yak\u0131n tarihimizin en \u00e7alkant\u0131l\u0131 d\u00f6nemine liderlik eden Atat\u00fcrk&#8217;\u00fcn m\u00fccadele ruhunu anlamaya \u00e7al\u0131\u015fmak i\u00e7in ya\u015fananlara Atat\u00fcrk&#8217;\u00fcn g\u00f6zleriyle bakmak gereklidir. \u00c7\u00fcnk\u00fc Atat\u00fcrk bir i\u015fi ba\u015farabilmek i\u00e7in eldeki vas\u0131talar\u0131n yetersiz kald\u0131\u011f\u0131 anda bile umudunu, inanc\u0131n\u0131, kararl\u0131l\u0131\u011f\u0131n\u0131, idealini ve milletine olan g\u00fcvenini kaybetmeden ve d\u0131\u015f kaynak kullanmaks\u0131z\u0131n i\u00e7 kaynaklardan yeni vas\u0131talar \u00fcretebilen bir liderdir. Bu kitap, Atat\u00fcrk&#8217;\u00fcn ak\u0131l ve bilim rehberli\u011finde ortaya koydu\u011fu \u00e7\u00f6z\u00fcm metotlar\u0131n\u0131 g\u00fcndelik ya\u015famda kar\u015f\u0131la\u015ft\u0131\u011f\u0131m\u0131z zorluklarla ba\u015f edebilmek i\u00e7in de kullanabilece\u011fimizi g\u00f6steren k\u0131lavuz niteli\u011findedir. T\u00fcm kitapseverlerin keyifle okumas\u0131 ve herkese fayda sa\u011flamas\u0131 temennisiyle\u2026<\/p>\n","protected":false},"excerpt":{"rendered":"<p>Yak\u0131n tarihimizi her y\u00f6n\u00fcyle bilmek, g\u00fcn\u00fcm\u00fcz\u00fc anlamak ve gelece\u011fimizi planlayabilmek a\u00e7\u0131s\u0131ndan olduk\u00e7a \u00f6nemlidir. \u00c7\u00fcnk\u00fc tarih, ya\u015fanm\u0131\u015f ve bitmi\u015f olaylar b\u00fct\u00fcn\u00fc de\u011fil, ge\u00e7mi\u015fi g\u00fcn\u00fcm\u00fcze ve gelece\u011fe ba\u011flayan<span class=\"excerpt-hellip\"> [\u2026]<\/span><\/p>\n","protected":false},"featured_media":0,"template":"","meta":{"_monsterinsights_skip_tracking":false,"_monsterinsights_sitenote_active":false,"_monsterinsights_sitenote_note":"","_monsterinsights_sitenote_category":0},"product_brand":[],"product_cat":[12530,12304],"product_tag":[],"class_list":{"0":"post-784110","1":"product","2":"type-product","3":"status-publish","5":"product_cat-mustafa-kemal-ataturk","6":"product_cat-tarih","7":"pa_cilt-ciltsiz","8":"pa_tur-kitap","9":"pa_yayinevi-nobel-bilimsel-eserler","10":"pa_yazar-mehmet-kilic","12":"first","13":"instock","14":"sale","15":"shipping-taxable","16":"purchasable","17":"product-type-simple"},"_links":{"self":[{"href":"https:\/\/roveyayinevi.com.tr\/index.php\/wp-json\/wp\/v2\/product\/784110","targetHints":{"allow":["GET"]}}],"collection":[{"href":"https:\/\/roveyayinevi.com.tr\/index.php\/wp-json\/wp\/v2\/product"}],"about":[{"href":"https:\/\/roveyayinevi.com.tr\/index.php\/wp-json\/wp\/v2\/types\/product"}],"wp:attachment":[{"href":"https:\/\/roveyayinevi.com.tr\/index.php\/wp-json\/wp\/v2\/media?parent=784110"}],"wp:term":[{"taxonomy":"product_brand","embeddable":true,"href":"https:\/\/roveyayinevi.com.tr\/index.php\/wp-json\/wp\/v2\/product_brand?post=784110"},{"taxonomy":"product_cat","embeddable":true,"href":"https:\/\/roveyayinevi.com.tr\/index.php\/wp-json\/wp\/v2\/product_cat?post=784110"},{"taxonomy":"product_tag","embeddable":true,"href":"https:\/\/roveyayinevi.com.tr\/index.php\/wp-json\/wp\/v2\/product_tag?post=784110"}],"curies":[{"name":"wp","href":"https:\/\/api.w.org\/{rel}","templated":true}]}}