{"id":784108,"date":"2026-03-01T03:27:26","date_gmt":"2026-03-01T00:27:26","guid":{"rendered":"https:\/\/roveyayinevi.com.tr\/index.php\/urun\/zemheri-2\/"},"modified":"2026-04-16T03:03:30","modified_gmt":"2026-04-16T00:03:30","slug":"zemheri-2","status":"publish","type":"product","link":"https:\/\/roveyayinevi.com.tr\/index.php\/urun\/zemheri-2\/","title":{"rendered":"Zemheri"},"content":{"rendered":"<p>Y\u0131k\u0131ld\u0131 viran oldu. Ocaklar talan oldu. \u00d6nce bir ses oldu. Her \u015fey sessiz oldu.   G\u00fclen y\u00fczler soldu. Konu\u015fan diller sustu. Bir anda olan oldu. Ad\u0131yaman, Mara\u015f, Hatay yok oldu. <\/p>\n","protected":false},"excerpt":{"rendered":"<p>Y\u0131k\u0131ld\u0131 viran oldu. Ocaklar talan oldu. \u00d6nce bir ses oldu. Her \u015fey sessiz oldu. G\u00fclen y\u00fczler soldu. Konu\u015fan diller sustu. Bir anda olan oldu. Ad\u0131yaman, Mara\u015f,<span class=\"excerpt-hellip\"> [\u2026]<\/span><\/p>\n","protected":false},"featured_media":0,"template":"","meta":{"_monsterinsights_skip_tracking":false,"_monsterinsights_sitenote_active":false,"_monsterinsights_sitenote_note":"","_monsterinsights_sitenote_category":0},"product_brand":[],"product_cat":[12291,12509],"product_tag":[],"class_list":{"0":"post-784108","1":"product","2":"type-product","3":"status-publish","5":"product_cat-edebiyat","6":"product_cat-siir","7":"pa_cilt-ciltsiz","8":"pa_tur-kitap","9":"pa_yayinevi-kitap-muptelasi-yayinlari","10":"pa_yazar-ahmet-saglam","12":"first","13":"instock","14":"sale","15":"shipping-taxable","16":"purchasable","17":"product-type-simple"},"_links":{"self":[{"href":"https:\/\/roveyayinevi.com.tr\/index.php\/wp-json\/wp\/v2\/product\/784108","targetHints":{"allow":["GET"]}}],"collection":[{"href":"https:\/\/roveyayinevi.com.tr\/index.php\/wp-json\/wp\/v2\/product"}],"about":[{"href":"https:\/\/roveyayinevi.com.tr\/index.php\/wp-json\/wp\/v2\/types\/product"}],"wp:attachment":[{"href":"https:\/\/roveyayinevi.com.tr\/index.php\/wp-json\/wp\/v2\/media?parent=784108"}],"wp:term":[{"taxonomy":"product_brand","embeddable":true,"href":"https:\/\/roveyayinevi.com.tr\/index.php\/wp-json\/wp\/v2\/product_brand?post=784108"},{"taxonomy":"product_cat","embeddable":true,"href":"https:\/\/roveyayinevi.com.tr\/index.php\/wp-json\/wp\/v2\/product_cat?post=784108"},{"taxonomy":"product_tag","embeddable":true,"href":"https:\/\/roveyayinevi.com.tr\/index.php\/wp-json\/wp\/v2\/product_tag?post=784108"}],"curies":[{"name":"wp","href":"https:\/\/api.w.org\/{rel}","templated":true}]}}