{"id":784102,"date":"2026-03-01T03:13:20","date_gmt":"2026-03-01T00:13:20","guid":{"rendered":"https:\/\/roveyayinevi.com.tr\/index.php\/urun\/aile-birlesimi-ornek-sorular\/"},"modified":"2026-04-16T02:52:36","modified_gmt":"2026-04-15T23:52:36","slug":"aile-birlesimi-ornek-sorular","status":"publish","type":"product","link":"https:\/\/roveyayinevi.com.tr\/index.php\/urun\/aile-birlesimi-ornek-sorular\/","title":{"rendered":"Aile Birle\u015fimi \u00d6rnek Sorular"},"content":{"rendered":"<p>Goethe Start Deutsch A1 Seviye Aile Birle\u015fimi \u00d6rnek S\u0131nav Sorular\u0131  &#8211; Lesen (Okuma) &#8211; Schreiben (Yazma) &#8211; \u00c7e\u015fitli, Resmi Resmi Olmayan Mektup \u00d6rnekleri &#8211; Sprechen (Konu\u015fma) B\u00f6l\u00fcmleri ile \u00c7\u0131kabilecek \u00d6rnek Sorular &#8211; \u00d6nemli \u0130pu\u00e7lar\u0131 &#8211; Soru \u00c7\u00f6z\u00fcmleri &#8211; A1 Kelimeler <\/p>\n","protected":false},"excerpt":{"rendered":"<p>Goethe Start Deutsch A1 Seviye Aile Birle\u015fimi \u00d6rnek S\u0131nav Sorular\u0131 &#8211; Lesen (Okuma) &#8211; Schreiben (Yazma) &#8211; \u00c7e\u015fitli, Resmi Resmi Olmayan Mektup \u00d6rnekleri &#8211; Sprechen (Konu\u015fma)<span class=\"excerpt-hellip\"> [\u2026]<\/span><\/p>\n","protected":false},"featured_media":0,"template":"","meta":{"_monsterinsights_skip_tracking":false,"_monsterinsights_sitenote_active":false,"_monsterinsights_sitenote_note":"","_monsterinsights_sitenote_category":0},"product_brand":[],"product_cat":[12573,12566],"product_tag":[],"class_list":{"0":"post-784102","1":"product","2":"type-product","3":"status-publish","5":"product_cat-akademik-kitaplar","6":"product_cat-egitim","7":"pa_cilt-ciltsiz","8":"pa_tur-kitap","9":"pa_yayinevi-kitap-muptelasi-yayinlari","10":"pa_yazar-aykut-ozdogan","12":"first","13":"instock","14":"sale","15":"shipping-taxable","16":"purchasable","17":"product-type-simple"},"_links":{"self":[{"href":"https:\/\/roveyayinevi.com.tr\/index.php\/wp-json\/wp\/v2\/product\/784102","targetHints":{"allow":["GET"]}}],"collection":[{"href":"https:\/\/roveyayinevi.com.tr\/index.php\/wp-json\/wp\/v2\/product"}],"about":[{"href":"https:\/\/roveyayinevi.com.tr\/index.php\/wp-json\/wp\/v2\/types\/product"}],"wp:attachment":[{"href":"https:\/\/roveyayinevi.com.tr\/index.php\/wp-json\/wp\/v2\/media?parent=784102"}],"wp:term":[{"taxonomy":"product_brand","embeddable":true,"href":"https:\/\/roveyayinevi.com.tr\/index.php\/wp-json\/wp\/v2\/product_brand?post=784102"},{"taxonomy":"product_cat","embeddable":true,"href":"https:\/\/roveyayinevi.com.tr\/index.php\/wp-json\/wp\/v2\/product_cat?post=784102"},{"taxonomy":"product_tag","embeddable":true,"href":"https:\/\/roveyayinevi.com.tr\/index.php\/wp-json\/wp\/v2\/product_tag?post=784102"}],"curies":[{"name":"wp","href":"https:\/\/api.w.org\/{rel}","templated":true}]}}