{"id":784099,"date":"2026-03-01T03:06:37","date_gmt":"2026-03-01T00:06:37","guid":{"rendered":"https:\/\/roveyayinevi.com.tr\/index.php\/urun\/cemrei-gulistan\/"},"modified":"2026-04-16T02:46:36","modified_gmt":"2026-04-15T23:46:36","slug":"cemrei-gulistan","status":"publish","type":"product","link":"https:\/\/roveyayinevi.com.tr\/index.php\/urun\/cemrei-gulistan\/","title":{"rendered":"Cemre\u2019i G\u00fclistan"},"content":{"rendered":"<p>ACABA \u0130STESEK SEVEMEZ M\u0130Y\u0130Z?        Sevmek, istemek, hayal etmek ve inanmak\u2026        Hayatta olmayacak \u015fey yoktur, e\u011fer bu duygulara sahipseniz\u2026        Zor de\u011fildir ba\u015farmak. Ama \u00f6nce sevmek gerek. Sevmeden olmaz. Sevmeden sevda olmaz.  A\u015fk olmaz. Sevgisiz insan kanats\u0131z ku\u015f gibidir. Sevgi insan\u0131 insan yapan h\u0131rs ve kibirden, bencillikten kurtaran biricik ila\u00e7t\u0131r.        \u0130nsan d\u00fc\u015f\u00fcnceden ibarettir. \u201cG\u00fcl, d\u00fc\u015f\u00fcn\u00fcrse g\u00fclistan olur, diken, d\u00fc\u015f\u00fcn\u00fcrse, dikenlik olur\u201d der. Mevl\u00e2na.       Ne kadar manidar de\u011fil mi? Ne d\u00fc\u015f\u00fcn\u00fcrseniz O\u2019sunuz\u2026 Bug\u00fcn hayallerimizi neler s\u00fcsl\u00fcyor? Neleri yapmay\u0131 planl\u0131yoruz? Nas\u0131l bir hayat, ya\u015fam arzu ediyoruz? \u0130\u015fte t\u00fcm bunlar\u0131 biz in\u015fa ediyoruz fark\u0131nda olmadan\u2026. <\/p>\n","protected":false},"excerpt":{"rendered":"<p>ACABA \u0130STESEK SEVEMEZ M\u0130Y\u0130Z? Sevmek, istemek, hayal etmek ve inanmak\u2026 Hayatta olmayacak \u015fey yoktur, e\u011fer bu duygulara sahipseniz\u2026 Zor de\u011fildir ba\u015farmak. Ama \u00f6nce sevmek gerek. Sevmeden<span class=\"excerpt-hellip\"> [\u2026]<\/span><\/p>\n","protected":false},"featured_media":0,"template":"","meta":{"_monsterinsights_skip_tracking":false,"_monsterinsights_sitenote_active":false,"_monsterinsights_sitenote_note":"","_monsterinsights_sitenote_category":0},"product_brand":[],"product_cat":[12718,12719,13025],"product_tag":[],"class_list":{"0":"post-784099","1":"product","2":"type-product","3":"status-publish","5":"product_cat-din","6":"product_cat-islam","7":"product_cat-islam-ve-gunumuz-islam-dusuncesi","8":"pa_cilt-ciltsiz","9":"pa_tur-kitap","10":"pa_yayinevi-kitap-muptelasi-yayinlari","11":"pa_yazar-mehmet-yayli","13":"first","14":"instock","15":"sale","16":"shipping-taxable","17":"purchasable","18":"product-type-simple"},"_links":{"self":[{"href":"https:\/\/roveyayinevi.com.tr\/index.php\/wp-json\/wp\/v2\/product\/784099","targetHints":{"allow":["GET"]}}],"collection":[{"href":"https:\/\/roveyayinevi.com.tr\/index.php\/wp-json\/wp\/v2\/product"}],"about":[{"href":"https:\/\/roveyayinevi.com.tr\/index.php\/wp-json\/wp\/v2\/types\/product"}],"wp:attachment":[{"href":"https:\/\/roveyayinevi.com.tr\/index.php\/wp-json\/wp\/v2\/media?parent=784099"}],"wp:term":[{"taxonomy":"product_brand","embeddable":true,"href":"https:\/\/roveyayinevi.com.tr\/index.php\/wp-json\/wp\/v2\/product_brand?post=784099"},{"taxonomy":"product_cat","embeddable":true,"href":"https:\/\/roveyayinevi.com.tr\/index.php\/wp-json\/wp\/v2\/product_cat?post=784099"},{"taxonomy":"product_tag","embeddable":true,"href":"https:\/\/roveyayinevi.com.tr\/index.php\/wp-json\/wp\/v2\/product_tag?post=784099"}],"curies":[{"name":"wp","href":"https:\/\/api.w.org\/{rel}","templated":true}]}}