{"id":784095,"date":"2026-02-28T04:08:45","date_gmt":"2026-02-28T01:08:45","guid":{"rendered":"https:\/\/roveyayinevi.com.tr\/index.php\/urun\/fizik-ve-hesaplama\/"},"modified":"2026-04-15T03:47:40","modified_gmt":"2026-04-15T00:47:40","slug":"fizik-ve-hesaplama","status":"publish","type":"product","link":"https:\/\/roveyayinevi.com.tr\/index.php\/urun\/fizik-ve-hesaplama\/","title":{"rendered":"Fizik ve Hesaplama"},"content":{"rendered":"<p>Bu kitap, fiziksel sistemlerde ge\u00e7erli hesaplama alan\u0131ndaki temel konulara kavramsal bir giri\u015fsa\u011flamay\u0131 hedeflemektedir. \u00d6ncelikle, okuyucunun Turing\u2019in geli\u015ftirdi\u011fi hesaplama kavram\u0131n\u0131, bukavramdan elde edilen sonu\u00e7lar\u0131 ve bu sonu\u00e7lar\u0131n hesaplama imk\u00e2nlar\u0131n\u0131n s\u0131n\u0131rlar\u0131 hakk\u0131nda neg\u00f6sterdi\u011fini anlamas\u0131na yard\u0131mc\u0131 olmaya \u00e7al\u0131\u015fmaktad\u0131r. \u0130kinci olarak, okuyucuyu, fiziksel birsistemin hesaplama sistemi olmas\u0131 i\u00e7in gereken en genel \u00f6zellikleri sa\u011flayan fiziksel sistemlerdekihesaplama analizleri konusunda bilgilendirmektedir. Son olarak, okuyucuya farkl\u0131 kuantumbilgisayar t\u00fcrlerini tan\u0131tmay\u0131, kuantum h\u0131zlanmas\u0131n\u0131 tan\u0131mlamay\u0131 ve kuantum h\u0131zlanmas\u0131n\u0131n baz\u0131a\u00e7\u0131klama taslaklar\u0131n\u0131 sunmay\u0131 ama\u00e7lamaktad\u0131r.Fizik ve Hesaplama i\u00e7erik olarak, g\u00fcn\u00fcm\u00fcz felsefe ve bilim tart\u0131\u015fmalar\u0131n\u0131 takip edenler i\u00e7in ilgi\u00e7ekici bir okuma sunmaktad\u0131r.<\/p>\n","protected":false},"excerpt":{"rendered":"<p>Bu kitap, fiziksel sistemlerde ge\u00e7erli hesaplama alan\u0131ndaki temel konulara kavramsal bir giri\u015fsa\u011flamay\u0131 hedeflemektedir. \u00d6ncelikle, okuyucunun Turing\u2019in geli\u015ftirdi\u011fi hesaplama kavram\u0131n\u0131, bukavramdan elde edilen sonu\u00e7lar\u0131 ve bu sonu\u00e7lar\u0131n<span class=\"excerpt-hellip\"> [\u2026]<\/span><\/p>\n","protected":false},"featured_media":0,"template":"","meta":{"_monsterinsights_skip_tracking":false,"_monsterinsights_sitenote_active":false,"_monsterinsights_sitenote_note":"","_monsterinsights_sitenote_category":0},"product_brand":[],"product_cat":[13005,37328],"product_tag":[],"class_list":{"0":"post-784095","1":"product","2":"type-product","3":"status-publish","5":"product_cat-bilim-muhendislik","6":"product_cat-diger-bilim-muhendislik","7":"pa_cilt-ciltsiz","8":"pa_tur-kitap","9":"pa_yayinevi-vakifbank-kultur-yayinlari","10":"pa_yazar-armond-duwell","12":"first","13":"instock","14":"sale","15":"shipping-taxable","16":"purchasable","17":"product-type-simple"},"_links":{"self":[{"href":"https:\/\/roveyayinevi.com.tr\/index.php\/wp-json\/wp\/v2\/product\/784095","targetHints":{"allow":["GET"]}}],"collection":[{"href":"https:\/\/roveyayinevi.com.tr\/index.php\/wp-json\/wp\/v2\/product"}],"about":[{"href":"https:\/\/roveyayinevi.com.tr\/index.php\/wp-json\/wp\/v2\/types\/product"}],"wp:attachment":[{"href":"https:\/\/roveyayinevi.com.tr\/index.php\/wp-json\/wp\/v2\/media?parent=784095"}],"wp:term":[{"taxonomy":"product_brand","embeddable":true,"href":"https:\/\/roveyayinevi.com.tr\/index.php\/wp-json\/wp\/v2\/product_brand?post=784095"},{"taxonomy":"product_cat","embeddable":true,"href":"https:\/\/roveyayinevi.com.tr\/index.php\/wp-json\/wp\/v2\/product_cat?post=784095"},{"taxonomy":"product_tag","embeddable":true,"href":"https:\/\/roveyayinevi.com.tr\/index.php\/wp-json\/wp\/v2\/product_tag?post=784095"}],"curies":[{"name":"wp","href":"https:\/\/api.w.org\/{rel}","templated":true}]}}